{"id":298,"date":"2025-12-22T21:21:35","date_gmt":"2025-12-22T21:21:35","guid":{"rendered":"https:\/\/guneytrans.com\/?page_id=298"},"modified":"2026-01-14T17:03:53","modified_gmt":"2026-01-14T17:03:53","slug":"hakkimizda","status":"publish","type":"page","link":"https:\/\/guneytrans.com\/en\/hakkimizda\/","title":{"rendered":"About Us"},"content":{"rendered":"<div data-elementor-type=\"wp-page\" data-elementor-id=\"298\" class=\"elementor elementor-298\" data-elementor-post-type=\"page\">\n\t\t\t\t<div class=\"elementor-element elementor-element-65548bd2 e-flex e-con-boxed e-con e-parent\" data-id=\"65548bd2\" data-element_type=\"container\" data-e-type=\"container\" data-settings=\"{&quot;background_background&quot;:&quot;classic&quot;}\">\n\t\t\t\t\t<div class=\"e-con-inner\">\n\t\t<div class=\"elementor-element elementor-element-570dbc41 e-con-full e-flex e-con e-child\" data-id=\"570dbc41\" data-element_type=\"container\" data-e-type=\"container\">\n\t\t\t\t<div class=\"elementor-element elementor-element-3ef884fb elementor-widget__width-auto elementor-invisible elementor-widget elementor-widget-heading\" data-id=\"3ef884fb\" data-element_type=\"widget\" data-e-type=\"widget\" data-settings=\"{&quot;_animation&quot;:&quot;fadeInLeft&quot;}\" data-widget_type=\"heading.default\">\n\t\t\t\t\t<h2 class=\"elementor-heading-title elementor-size-default\">About Us<\/h2>\t\t\t\t<\/div>\n\t\t\t\t<\/div>\n\t\t\t\t\t<\/div>\n\t\t\t\t<\/div>\n\t\t<div class=\"elementor-element elementor-element-2e0cfd74 e-flex e-con-boxed e-con e-parent\" data-id=\"2e0cfd74\" data-element_type=\"container\" data-e-type=\"container\">\n\t\t\t\t\t<div class=\"e-con-inner\">\n\t\t<div class=\"elementor-element elementor-element-7be36bff e-con-full e-flex e-con e-child\" data-id=\"7be36bff\" data-element_type=\"container\" data-e-type=\"container\" data-settings=\"{&quot;background_background&quot;:&quot;classic&quot;}\">\n\t\t\t\t<div class=\"elementor-element elementor-element-7bec254c elementor-widget elementor-widget-heading\" data-id=\"7bec254c\" data-element_type=\"widget\" data-e-type=\"widget\" data-widget_type=\"heading.default\">\n\t\t\t\t\t<h6 class=\"elementor-heading-title elementor-size-default\">Biz Kimiz<\/h6>\t\t\t\t<\/div>\n\t\t\t\t<div class=\"elementor-element elementor-element-7c773f7 elementor-invisible elementor-widget elementor-widget-heading\" data-id=\"7c773f7\" data-element_type=\"widget\" data-e-type=\"widget\" data-settings=\"{&quot;_animation&quot;:&quot;fadeInUp&quot;}\" data-widget_type=\"heading.default\">\n\t\t\t\t\t<h2 class=\"elementor-heading-title elementor-size-default\">G\u00fcvenle Ta\u015f\u0131nan De\u011ferler, S\u00fcrd\u00fcr\u00fclebilir Lojistik \u00c7\u00f6z\u00fcmleri<\/h2>\t\t\t\t<\/div>\n\t\t\t\t<div class=\"elementor-element elementor-element-4fb1f0be elementor-widget elementor-widget-text-editor\" data-id=\"4fb1f0be\" data-element_type=\"widget\" data-e-type=\"widget\" data-widget_type=\"text-editor.default\">\n\t\t\t\t\t\t\t\t\t<p><br \/>2000 y\u0131l\u0131nda H\u00fcseyin \u00c7\u0130FT\u00c7\u0130 taraf\u0131ndan kurulan G\u00fcneyTrans, lojistik sekt\u00f6r\u00fcnde g\u00fcven, s\u00fcreklilik ve profesyonelli\u011fi merkezine alan bir lojistik operasyonu ve y\u00f6netimi firmas\u0131d\u0131r. Faaliyetlerine demiryolu ta\u015f\u0131mac\u0131l\u0131\u011f\u0131yla ba\u015flayan \u015firketimiz, k\u0131sa s\u00fcrede sekt\u00f6rde istikrarl\u0131 b\u00fcy\u00fcme kaydederek g\u00fcvenilir bir \u00e7\u00f6z\u00fcm orta\u011f\u0131 haline gelmi\u015ftir. 2010\u20132012 y\u0131llar\u0131 aras\u0131nda ger\u00e7ekle\u015ftirilen yat\u0131r\u0131mlarla birlikte, G\u00fcneyTrans, sadece demiryoluyla s\u0131n\u0131rl\u0131 kalmayarak \u00e7ok modlu (multi-model) ta\u015f\u0131mac\u0131l\u0131k sistemine ge\u00e7i\u015f yapm\u0131\u015ft\u0131r. Bug\u00fcn demiryolu, denizyolu ve karayolu ta\u015f\u0131mac\u0131l\u0131\u011f\u0131n\u0131 entegre bi\u00e7imde y\u00fcr\u00fcterek, m\u00fc\u015fterilerimize esnek, h\u0131zl\u0131, g\u00fcvenli ve maliyet avantaj\u0131 sa\u011flayan \u00e7\u00f6z\u00fcmler sunmaktay\u0131z.<\/p><p>T\u00fcrkiye\u2019nin stratejik konumu ve ba\u011flant\u0131lar\u0131m\u0131z sayesinde, Avrupa, Balt\u0131k \u00dclkeleri, Orta Asya, Orta Do\u011fu ve \u00e7evre \u00fclkelerde g\u00fc\u00e7l\u00fc ticari ba\u011flant\u0131lara sahibiz. Bu geni\u015f operasyon a\u011f\u0131; transit ta\u015f\u0131mac\u0131l\u0131ktan entegre lojistik planlamaya kadar uzanan kapsaml\u0131 bir hizmet modelinin temelini olu\u015fturur. Her ta\u015f\u0131ma s\u00fcrecinde hedefimiz; y\u00fcklerinizi zaman\u0131nda, g\u00fcvenle ve en verimli \u015fekilde ula\u015ft\u0131rmakt\u0131r.<\/p><p>G\u00fcneyTrans olarak ba\u015far\u0131m\u0131z\u0131, sadece operasyonel yetkinli\u011fimize de\u011fil, ayn\u0131 zamanda ait oldu\u011fumuz g\u00fc\u00e7l\u00fc yap\u0131ya da bor\u00e7luyuz. Ana i\u015ftirak \u015firketimiz G\u00fcneysan G\u00fcbre, yar\u0131m asr\u0131 a\u015fk\u0131n bir ge\u00e7mi\u015fe sahip g\u00fc\u00e7l\u00fc bir sanayi kurulu\u015fudur. G\u00fcneysan\u2019\u0131n k\u00f6kl\u00fc tecr\u00fcbesi, sa\u011flam kurumsal yap\u0131s\u0131 ve g\u00fcvenilir i\u015f k\u00fclt\u00fcr\u00fc; G\u00fcneyTrans\u2019\u0131n geli\u015fiminde ilham kayna\u011f\u0131 ve en \u00f6nemli dayana\u011f\u0131 olmu\u015ftur. Bu g\u00fc\u00e7l\u00fc miras\u0131n \u00fczerinde y\u00fckselen G\u00fcneyTrans, bug\u00fcn b\u00f6lgesel ve uluslararas\u0131 arenada istikrarl\u0131 b\u00fcy\u00fcmesini s\u00fcrd\u00fcrmektedir. Bizim i\u00e7in lojistik, yaln\u0131zca ta\u015f\u0131mac\u0131l\u0131k de\u011fil; s\u00fcrd\u00fcr\u00fclebilir ili\u015fkiler, g\u00fcvenilir i\u015f ortakl\u0131klar\u0131 ve uzun vadeli ba\u015far\u0131lar\u0131n ta\u015f\u0131nmas\u0131d\u0131r.<\/p>\t\t\t\t\t\t\t\t<\/div>\n\t\t\t\t<div class=\"elementor-element elementor-element-2c2418b elementor-headline--style-highlight elementor-widget elementor-widget-animated-headline\" data-id=\"2c2418b\" data-element_type=\"widget\" data-e-type=\"widget\" data-settings=\"{&quot;marker&quot;:&quot;underline&quot;,&quot;highlighted_text&quot;:&quot;G\\u00dcNEY&#039;le.&quot;,&quot;headline_style&quot;:&quot;highlight&quot;,&quot;loop&quot;:&quot;yes&quot;,&quot;highlight_animation_duration&quot;:1200,&quot;highlight_iteration_delay&quot;:8000}\" data-widget_type=\"animated-headline.default\">\n\t\t\t\t\t\t\t<h3 class=\"elementor-headline\">\n\t\t\t\t\t<span class=\"elementor-headline-plain-text elementor-headline-text-wrapper\">Gelecek,<\/span>\n\t\t\t\t<span class=\"elementor-headline-dynamic-wrapper elementor-headline-text-wrapper\">\n\t\t\t\t\t<span class=\"elementor-headline-dynamic-text elementor-headline-text-active\">G\u00dcNEY'le.<\/span>\n\t\t\t\t<\/span>\n\t\t\t\t<\/h3>\n\t\t\t\t\t\t<\/div>\n\t\t\t\t<\/div>\n\t\t\t\t\t<\/div>\n\t\t\t\t<\/div>\n\t\t\t\t<\/div>","protected":false},"excerpt":{"rendered":"<p>Hakk\u0131m\u0131zda Biz Kimiz G\u00fcvenle Ta\u015f\u0131nan De\u011ferler, S\u00fcrd\u00fcr\u00fclebilir Lojistik \u00c7\u00f6z\u00fcmleri 2000 y\u0131l\u0131nda H\u00fcseyin \u00c7\u0130FT\u00c7\u0130 taraf\u0131ndan kurulan G\u00fcneyTrans, lojistik sekt\u00f6r\u00fcnde g\u00fcven, s\u00fcreklilik ve profesyonelli\u011fi merkezine alan bir lojistik operasyonu ve y\u00f6netimi firmas\u0131d\u0131r. Faaliyetlerine demiryolu ta\u015f\u0131mac\u0131l\u0131\u011f\u0131yla ba\u015flayan \u015firketimiz, k\u0131sa s\u00fcrede sekt\u00f6rde istikrarl\u0131 b\u00fcy\u00fcme kaydederek g\u00fcvenilir bir \u00e7\u00f6z\u00fcm orta\u011f\u0131 haline gelmi\u015ftir. 2010\u20132012 y\u0131llar\u0131 aras\u0131nda ger\u00e7ekle\u015ftirilen yat\u0131r\u0131mlarla birlikte, G\u00fcneyTrans, sadece [&hellip;]<\/p>\n","protected":false},"author":1,"featured_media":0,"parent":0,"menu_order":0,"comment_status":"closed","ping_status":"closed","template":"elementor_header_footer","meta":{"footnotes":""},"class_list":["post-298","page","type-page","status-publish","hentry"],"yoast_head":"<!-- This site is optimized with the Yoast SEO plugin v27.4 - https:\/\/yoast.com\/product\/yoast-seo-wordpress\/ -->\n<title>Hakk\u0131m\u0131zda - G\u00dcNEY TRANS<\/title>\n<meta name=\"robots\" content=\"index, follow, max-snippet:-1, max-image-preview:large, max-video-preview:-1\" \/>\n<link rel=\"canonical\" href=\"https:\/\/guneytrans.com\/en\/hakkimizda\/\" \/>\n<meta property=\"og:locale\" content=\"en_US\" \/>\n<meta property=\"og:type\" content=\"article\" \/>\n<meta property=\"og:title\" content=\"Hakk\u0131m\u0131zda - G\u00dcNEY TRANS\" \/>\n<meta property=\"og:description\" content=\"Hakk\u0131m\u0131zda Biz Kimiz G\u00fcvenle Ta\u015f\u0131nan De\u011ferler, S\u00fcrd\u00fcr\u00fclebilir Lojistik \u00c7\u00f6z\u00fcmleri 2000 y\u0131l\u0131nda H\u00fcseyin \u00c7\u0130FT\u00c7\u0130 taraf\u0131ndan kurulan G\u00fcneyTrans, lojistik sekt\u00f6r\u00fcnde g\u00fcven, s\u00fcreklilik ve profesyonelli\u011fi merkezine alan bir lojistik operasyonu ve y\u00f6netimi firmas\u0131d\u0131r. Faaliyetlerine demiryolu ta\u015f\u0131mac\u0131l\u0131\u011f\u0131yla ba\u015flayan \u015firketimiz, k\u0131sa s\u00fcrede sekt\u00f6rde istikrarl\u0131 b\u00fcy\u00fcme kaydederek g\u00fcvenilir bir \u00e7\u00f6z\u00fcm orta\u011f\u0131 haline gelmi\u015ftir. 2010\u20132012 y\u0131llar\u0131 aras\u0131nda ger\u00e7ekle\u015ftirilen yat\u0131r\u0131mlarla birlikte, G\u00fcneyTrans, sadece [&hellip;]\" \/>\n<meta property=\"og:url\" content=\"https:\/\/guneytrans.com\/en\/hakkimizda\/\" \/>\n<meta property=\"og:site_name\" content=\"G\u00dcNEY TRANS\" \/>\n<meta property=\"article:modified_time\" content=\"2026-01-14T17:03:53+00:00\" \/>\n<meta name=\"twitter:card\" content=\"summary_large_image\" \/>\n<meta name=\"twitter:label1\" content=\"Est. reading time\" \/>\n\t<meta name=\"twitter:data1\" content=\"2 minutes\" \/>\n<script type=\"application\/ld+json\" class=\"yoast-schema-graph\">{\"@context\":\"https:\\\/\\\/schema.org\",\"@graph\":[{\"@type\":\"WebPage\",\"@id\":\"https:\\\/\\\/guneytrans.com\\\/hakkimizda\\\/\",\"url\":\"https:\\\/\\\/guneytrans.com\\\/hakkimizda\\\/\",\"name\":\"Hakk\u0131m\u0131zda - G\u00dcNEY TRANS\",\"isPartOf\":{\"@id\":\"https:\\\/\\\/guneytrans.com\\\/#website\"},\"datePublished\":\"2025-12-22T21:21:35+00:00\",\"dateModified\":\"2026-01-14T17:03:53+00:00\",\"breadcrumb\":{\"@id\":\"https:\\\/\\\/guneytrans.com\\\/hakkimizda\\\/#breadcrumb\"},\"inLanguage\":\"en-US\",\"potentialAction\":[{\"@type\":\"ReadAction\",\"target\":[\"https:\\\/\\\/guneytrans.com\\\/hakkimizda\\\/\"]}]},{\"@type\":\"BreadcrumbList\",\"@id\":\"https:\\\/\\\/guneytrans.com\\\/hakkimizda\\\/#breadcrumb\",\"itemListElement\":[{\"@type\":\"ListItem\",\"position\":1,\"name\":\"Anasayfa\",\"item\":\"https:\\\/\\\/guneytrans.com\\\/\"},{\"@type\":\"ListItem\",\"position\":2,\"name\":\"Hakk\u0131m\u0131zda\"}]},{\"@type\":\"WebSite\",\"@id\":\"https:\\\/\\\/guneytrans.com\\\/#website\",\"url\":\"https:\\\/\\\/guneytrans.com\\\/\",\"name\":\"G\u00dcNEY TRANS\",\"description\":\"\",\"publisher\":{\"@id\":\"https:\\\/\\\/guneytrans.com\\\/#organization\"},\"potentialAction\":[{\"@type\":\"SearchAction\",\"target\":{\"@type\":\"EntryPoint\",\"urlTemplate\":\"https:\\\/\\\/guneytrans.com\\\/?s={search_term_string}\"},\"query-input\":{\"@type\":\"PropertyValueSpecification\",\"valueRequired\":true,\"valueName\":\"search_term_string\"}}],\"inLanguage\":\"en-US\"},{\"@type\":\"Organization\",\"@id\":\"https:\\\/\\\/guneytrans.com\\\/#organization\",\"name\":\"G\u00dcNEY TRANS\",\"url\":\"https:\\\/\\\/guneytrans.com\\\/\",\"logo\":{\"@type\":\"ImageObject\",\"inLanguage\":\"en-US\",\"@id\":\"https:\\\/\\\/guneytrans.com\\\/#\\\/schema\\\/logo\\\/image\\\/\",\"url\":\"https:\\\/\\\/guneytrans.com\\\/wp-content\\\/uploads\\\/2026\\\/03\\\/guneysansitelogo.webp\",\"contentUrl\":\"https:\\\/\\\/guneytrans.com\\\/wp-content\\\/uploads\\\/2026\\\/03\\\/guneysansitelogo.webp\",\"width\":350,\"height\":100,\"caption\":\"G\u00dcNEY TRANS\"},\"image\":{\"@id\":\"https:\\\/\\\/guneytrans.com\\\/#\\\/schema\\\/logo\\\/image\\\/\"}}]}<\/script>\n<!-- \/ Yoast SEO plugin. -->","yoast_head_json":{"title":"Hakk\u0131m\u0131zda - G\u00dcNEY TRANS","robots":{"index":"index","follow":"follow","max-snippet":"max-snippet:-1","max-image-preview":"max-image-preview:large","max-video-preview":"max-video-preview:-1"},"canonical":"https:\/\/guneytrans.com\/en\/hakkimizda\/","og_locale":"en_US","og_type":"article","og_title":"Hakk\u0131m\u0131zda - G\u00dcNEY TRANS","og_description":"Hakk\u0131m\u0131zda Biz Kimiz G\u00fcvenle Ta\u015f\u0131nan De\u011ferler, S\u00fcrd\u00fcr\u00fclebilir Lojistik \u00c7\u00f6z\u00fcmleri 2000 y\u0131l\u0131nda H\u00fcseyin \u00c7\u0130FT\u00c7\u0130 taraf\u0131ndan kurulan G\u00fcneyTrans, lojistik sekt\u00f6r\u00fcnde g\u00fcven, s\u00fcreklilik ve profesyonelli\u011fi merkezine alan bir lojistik operasyonu ve y\u00f6netimi firmas\u0131d\u0131r. Faaliyetlerine demiryolu ta\u015f\u0131mac\u0131l\u0131\u011f\u0131yla ba\u015flayan \u015firketimiz, k\u0131sa s\u00fcrede sekt\u00f6rde istikrarl\u0131 b\u00fcy\u00fcme kaydederek g\u00fcvenilir bir \u00e7\u00f6z\u00fcm orta\u011f\u0131 haline gelmi\u015ftir. 2010\u20132012 y\u0131llar\u0131 aras\u0131nda ger\u00e7ekle\u015ftirilen yat\u0131r\u0131mlarla birlikte, G\u00fcneyTrans, sadece [&hellip;]","og_url":"https:\/\/guneytrans.com\/en\/hakkimizda\/","og_site_name":"G\u00dcNEY TRANS","article_modified_time":"2026-01-14T17:03:53+00:00","twitter_card":"summary_large_image","twitter_misc":{"Est. reading time":"2 minutes"},"schema":{"@context":"https:\/\/schema.org","@graph":[{"@type":"WebPage","@id":"https:\/\/guneytrans.com\/hakkimizda\/","url":"https:\/\/guneytrans.com\/hakkimizda\/","name":"Hakk\u0131m\u0131zda - G\u00dcNEY TRANS","isPartOf":{"@id":"https:\/\/guneytrans.com\/#website"},"datePublished":"2025-12-22T21:21:35+00:00","dateModified":"2026-01-14T17:03:53+00:00","breadcrumb":{"@id":"https:\/\/guneytrans.com\/hakkimizda\/#breadcrumb"},"inLanguage":"en-US","potentialAction":[{"@type":"ReadAction","target":["https:\/\/guneytrans.com\/hakkimizda\/"]}]},{"@type":"BreadcrumbList","@id":"https:\/\/guneytrans.com\/hakkimizda\/#breadcrumb","itemListElement":[{"@type":"ListItem","position":1,"name":"Anasayfa","item":"https:\/\/guneytrans.com\/"},{"@type":"ListItem","position":2,"name":"Hakk\u0131m\u0131zda"}]},{"@type":"WebSite","@id":"https:\/\/guneytrans.com\/#website","url":"https:\/\/guneytrans.com\/","name":"G\u00dcNEY TRANS","description":"","publisher":{"@id":"https:\/\/guneytrans.com\/#organization"},"potentialAction":[{"@type":"SearchAction","target":{"@type":"EntryPoint","urlTemplate":"https:\/\/guneytrans.com\/?s={search_term_string}"},"query-input":{"@type":"PropertyValueSpecification","valueRequired":true,"valueName":"search_term_string"}}],"inLanguage":"en-US"},{"@type":"Organization","@id":"https:\/\/guneytrans.com\/#organization","name":"G\u00dcNEY TRANS","url":"https:\/\/guneytrans.com\/","logo":{"@type":"ImageObject","inLanguage":"en-US","@id":"https:\/\/guneytrans.com\/#\/schema\/logo\/image\/","url":"https:\/\/guneytrans.com\/wp-content\/uploads\/2026\/03\/guneysansitelogo.webp","contentUrl":"https:\/\/guneytrans.com\/wp-content\/uploads\/2026\/03\/guneysansitelogo.webp","width":350,"height":100,"caption":"G\u00dcNEY TRANS"},"image":{"@id":"https:\/\/guneytrans.com\/#\/schema\/logo\/image\/"}}]}},"_links":{"self":[{"href":"https:\/\/guneytrans.com\/en\/wp-json\/wp\/v2\/pages\/298","targetHints":{"allow":["GET"]}}],"collection":[{"href":"https:\/\/guneytrans.com\/en\/wp-json\/wp\/v2\/pages"}],"about":[{"href":"https:\/\/guneytrans.com\/en\/wp-json\/wp\/v2\/types\/page"}],"author":[{"embeddable":true,"href":"https:\/\/guneytrans.com\/en\/wp-json\/wp\/v2\/users\/1"}],"replies":[{"embeddable":true,"href":"https:\/\/guneytrans.com\/en\/wp-json\/wp\/v2\/comments?post=298"}],"version-history":[{"count":16,"href":"https:\/\/guneytrans.com\/en\/wp-json\/wp\/v2\/pages\/298\/revisions"}],"predecessor-version":[{"id":1056,"href":"https:\/\/guneytrans.com\/en\/wp-json\/wp\/v2\/pages\/298\/revisions\/1056"}],"wp:attachment":[{"href":"https:\/\/guneytrans.com\/en\/wp-json\/wp\/v2\/media?parent=298"}],"curies":[{"name":"wp","href":"https:\/\/api.w.org\/{rel}","templated":true}]}}