{"id":371,"date":"2025-12-23T16:06:56","date_gmt":"2025-12-23T16:06:56","guid":{"rendered":"https:\/\/guneytrans.com\/?page_id=371"},"modified":"2026-01-19T20:11:24","modified_gmt":"2026-01-19T20:11:24","slug":"stratejik-hedefimiz","status":"publish","type":"page","link":"https:\/\/guneytrans.com\/en\/stratejik-hedefimiz\/","title":{"rendered":"Strategic Objective"},"content":{"rendered":"<div data-elementor-type=\"wp-page\" data-elementor-id=\"371\" class=\"elementor elementor-371\" data-elementor-post-type=\"page\">\n\t\t\t\t<div class=\"elementor-element elementor-element-3e84344e e-flex e-con-boxed e-con e-parent\" data-id=\"3e84344e\" data-element_type=\"container\" data-e-type=\"container\" data-settings=\"{&quot;background_background&quot;:&quot;classic&quot;}\">\n\t\t\t\t\t<div class=\"e-con-inner\">\n\t\t<div class=\"elementor-element elementor-element-24f93446 e-con-full e-flex e-con e-child\" data-id=\"24f93446\" data-element_type=\"container\" data-e-type=\"container\">\n\t\t\t\t<div class=\"elementor-element elementor-element-6dabbdf5 elementor-widget__width-auto elementor-invisible elementor-widget elementor-widget-heading\" data-id=\"6dabbdf5\" data-element_type=\"widget\" data-e-type=\"widget\" data-settings=\"{&quot;_animation&quot;:&quot;fadeInLeft&quot;}\" data-widget_type=\"heading.default\">\n\t\t\t\t\t<h2 class=\"elementor-heading-title elementor-size-default\">Strategic Objective<\/h2>\t\t\t\t<\/div>\n\t\t\t\t<\/div>\n\t\t\t\t\t<\/div>\n\t\t\t\t<\/div>\n\t\t<div class=\"elementor-element elementor-element-7bc19087 e-flex e-con-boxed e-con e-parent\" data-id=\"7bc19087\" data-element_type=\"container\" data-e-type=\"container\">\n\t\t\t\t\t<div class=\"e-con-inner\">\n\t\t<div class=\"elementor-element elementor-element-4d0239c1 e-con-full e-flex e-con e-child\" data-id=\"4d0239c1\" data-element_type=\"container\" data-e-type=\"container\" data-settings=\"{&quot;background_background&quot;:&quot;classic&quot;}\">\n\t\t\t\t<div class=\"elementor-element elementor-element-23596499 elementor-invisible elementor-widget elementor-widget-heading\" data-id=\"23596499\" data-element_type=\"widget\" data-e-type=\"widget\" data-settings=\"{&quot;_animation&quot;:&quot;fadeInUp&quot;}\" data-widget_type=\"heading.default\">\n\t\t\t\t\t<h2 class=\"elementor-heading-title elementor-size-default\">Vizyonumuz ve Misyonumuz<\/h2>\t\t\t\t<\/div>\n\t\t\t\t<div class=\"elementor-element elementor-element-c4dfc9c elementor-widget elementor-widget-text-editor\" data-id=\"c4dfc9c\" data-element_type=\"widget\" data-e-type=\"widget\" data-widget_type=\"text-editor.default\">\n\t\t\t\t\t\t\t\t\t<p><strong>Vizyon<\/strong><\/p><p>B\u00f6lgesel ve uluslararas\u0131 lojistikte, g\u00fcvenilir operasyon y\u00f6netimi ve s\u00fcrd\u00fcr\u00fclebilir i\u015f birlikleriyle uzun vadeli de\u011fer \u00fcreten, tercih edilen bir \u00e7\u00f6z\u00fcm orta\u011f\u0131 olmak.<\/p><p><strong>Misyon<\/strong><\/p><p>M\u00fc\u015fteri memnuniyetini esas alarak rekabet avantaj\u0131 sa\u011flayan, uluslararas\u0131 \u00f6l\u00e7ekte faaliyet g\u00f6steren firmalarla rekabet edebilen, sundu\u011fu lojistik hizmetlerde evrensel kalite standartlar\u0131ndan \u00f6d\u00fcn vermeyen, operasyonel ve mali performans\u0131yla s\u00fcrd\u00fcr\u00fclebilir ve k\u00e2rl\u0131 b\u00fcy\u00fcmeyi hedefleyen, topluma ve \u00e7evreye kar\u015f\u0131 sorumluluk bilinciyle hareket eden bir lojistik \u015firketi olmak.<\/p>\t\t\t\t\t\t\t\t<\/div>\n\t\t<div class=\"elementor-element elementor-element-7b5714d e-con-full e-flex e-con e-child\" data-id=\"7b5714d\" data-element_type=\"container\" data-e-type=\"container\">\n\t\t<div class=\"elementor-element elementor-element-6e9a4191 e-con-full e-flex e-con e-child\" data-id=\"6e9a4191\" data-element_type=\"container\" data-e-type=\"container\">\n\t\t\t\t<\/div>\n\t\t\t\t<\/div>\n\t\t\t\t<\/div>\n\t\t<div class=\"elementor-element elementor-element-75e7e5d9 e-con-full e-flex e-con e-child\" data-id=\"75e7e5d9\" data-element_type=\"container\" data-e-type=\"container\">\n\t\t\t\t<div class=\"elementor-element elementor-element-2abc7a28 elementor-invisible elementor-widget elementor-widget-image\" data-id=\"2abc7a28\" data-element_type=\"widget\" data-e-type=\"widget\" data-settings=\"{&quot;_animation&quot;:&quot;fadeInRight&quot;}\" data-widget_type=\"image.default\">\n\t\t\t\t\t\t\t\t\t\t\t\t\t\t\t<img fetchpriority=\"high\" decoding=\"async\" width=\"2498\" height=\"2503\" src=\"https:\/\/guneytrans.com\/wp-content\/uploads\/2025\/12\/DSC03913.webp\" class=\"attachment-full size-full wp-image-571\" alt=\"\" srcset=\"https:\/\/guneytrans.com\/wp-content\/uploads\/2025\/12\/DSC03913.webp 2498w, https:\/\/guneytrans.com\/wp-content\/uploads\/2025\/12\/DSC03913-300x300.webp 300w, https:\/\/guneytrans.com\/wp-content\/uploads\/2025\/12\/DSC03913-1022x1024.webp 1022w, https:\/\/guneytrans.com\/wp-content\/uploads\/2025\/12\/DSC03913-150x150.webp 150w, https:\/\/guneytrans.com\/wp-content\/uploads\/2025\/12\/DSC03913-768x770.webp 768w, https:\/\/guneytrans.com\/wp-content\/uploads\/2025\/12\/DSC03913-1533x1536.webp 1533w, https:\/\/guneytrans.com\/wp-content\/uploads\/2025\/12\/DSC03913-2044x2048.webp 2044w\" sizes=\"(max-width: 2498px) 100vw, 2498px\" \/>\t\t\t\t\t\t\t\t\t\t\t\t\t\t\t<\/div>\n\t\t\t\t<\/div>\n\t\t\t\t\t<\/div>\n\t\t\t\t<\/div>\n\t\t\t\t<\/div>","protected":false},"excerpt":{"rendered":"<p>Stratejik Hedefimiz Vizyonumuz ve Misyonumuz Vizyon B\u00f6lgesel ve uluslararas\u0131 lojistikte, g\u00fcvenilir operasyon y\u00f6netimi ve s\u00fcrd\u00fcr\u00fclebilir i\u015f birlikleriyle uzun vadeli de\u011fer \u00fcreten, tercih edilen bir \u00e7\u00f6z\u00fcm orta\u011f\u0131 olmak. Misyon M\u00fc\u015fteri memnuniyetini esas alarak rekabet avantaj\u0131 sa\u011flayan, uluslararas\u0131 \u00f6l\u00e7ekte faaliyet g\u00f6steren firmalarla rekabet edebilen, sundu\u011fu lojistik hizmetlerde evrensel kalite standartlar\u0131ndan \u00f6d\u00fcn vermeyen, operasyonel ve mali performans\u0131yla s\u00fcrd\u00fcr\u00fclebilir [&hellip;]<\/p>\n","protected":false},"author":1,"featured_media":0,"parent":0,"menu_order":0,"comment_status":"closed","ping_status":"closed","template":"elementor_header_footer","meta":{"footnotes":""},"class_list":["post-371","page","type-page","status-publish","hentry"],"yoast_head":"<!-- This site is optimized with the Yoast SEO plugin v27.4 - https:\/\/yoast.com\/product\/yoast-seo-wordpress\/ -->\n<title>Stratejik Hedefimiz - G\u00dcNEY TRANS<\/title>\n<meta name=\"robots\" content=\"index, follow, max-snippet:-1, max-image-preview:large, max-video-preview:-1\" \/>\n<link rel=\"canonical\" href=\"https:\/\/guneytrans.com\/en\/stratejik-hedefimiz\/\" \/>\n<meta property=\"og:locale\" content=\"en_US\" \/>\n<meta property=\"og:type\" content=\"article\" \/>\n<meta property=\"og:title\" content=\"Stratejik Hedefimiz - G\u00dcNEY TRANS\" \/>\n<meta property=\"og:description\" content=\"Stratejik Hedefimiz Vizyonumuz ve Misyonumuz Vizyon B\u00f6lgesel ve uluslararas\u0131 lojistikte, g\u00fcvenilir operasyon y\u00f6netimi ve s\u00fcrd\u00fcr\u00fclebilir i\u015f birlikleriyle uzun vadeli de\u011fer \u00fcreten, tercih edilen bir \u00e7\u00f6z\u00fcm orta\u011f\u0131 olmak. Misyon M\u00fc\u015fteri memnuniyetini esas alarak rekabet avantaj\u0131 sa\u011flayan, uluslararas\u0131 \u00f6l\u00e7ekte faaliyet g\u00f6steren firmalarla rekabet edebilen, sundu\u011fu lojistik hizmetlerde evrensel kalite standartlar\u0131ndan \u00f6d\u00fcn vermeyen, operasyonel ve mali performans\u0131yla s\u00fcrd\u00fcr\u00fclebilir [&hellip;]\" \/>\n<meta property=\"og:url\" content=\"https:\/\/guneytrans.com\/en\/stratejik-hedefimiz\/\" \/>\n<meta property=\"og:site_name\" content=\"G\u00dcNEY TRANS\" \/>\n<meta property=\"article:modified_time\" content=\"2026-01-19T20:11:24+00:00\" \/>\n<meta property=\"og:image\" content=\"https:\/\/guneytrans.com\/wp-content\/uploads\/2025\/12\/DSC03913.webp\" \/>\n\t<meta property=\"og:image:width\" content=\"2498\" \/>\n\t<meta property=\"og:image:height\" content=\"2503\" \/>\n\t<meta property=\"og:image:type\" content=\"image\/webp\" \/>\n<meta name=\"twitter:card\" content=\"summary_large_image\" \/>\n<script type=\"application\/ld+json\" class=\"yoast-schema-graph\">{\"@context\":\"https:\\\/\\\/schema.org\",\"@graph\":[{\"@type\":\"WebPage\",\"@id\":\"https:\\\/\\\/guneytrans.com\\\/stratejik-hedefimiz\\\/\",\"url\":\"https:\\\/\\\/guneytrans.com\\\/stratejik-hedefimiz\\\/\",\"name\":\"Stratejik Hedefimiz - G\u00dcNEY TRANS\",\"isPartOf\":{\"@id\":\"https:\\\/\\\/guneytrans.com\\\/#website\"},\"primaryImageOfPage\":{\"@id\":\"https:\\\/\\\/guneytrans.com\\\/stratejik-hedefimiz\\\/#primaryimage\"},\"image\":{\"@id\":\"https:\\\/\\\/guneytrans.com\\\/stratejik-hedefimiz\\\/#primaryimage\"},\"thumbnailUrl\":\"https:\\\/\\\/guneytrans.com\\\/wp-content\\\/uploads\\\/2025\\\/12\\\/DSC03913.webp\",\"datePublished\":\"2025-12-23T16:06:56+00:00\",\"dateModified\":\"2026-01-19T20:11:24+00:00\",\"breadcrumb\":{\"@id\":\"https:\\\/\\\/guneytrans.com\\\/stratejik-hedefimiz\\\/#breadcrumb\"},\"inLanguage\":\"en-US\",\"potentialAction\":[{\"@type\":\"ReadAction\",\"target\":[\"https:\\\/\\\/guneytrans.com\\\/stratejik-hedefimiz\\\/\"]}]},{\"@type\":\"ImageObject\",\"inLanguage\":\"en-US\",\"@id\":\"https:\\\/\\\/guneytrans.com\\\/stratejik-hedefimiz\\\/#primaryimage\",\"url\":\"https:\\\/\\\/guneytrans.com\\\/wp-content\\\/uploads\\\/2025\\\/12\\\/DSC03913.webp\",\"contentUrl\":\"https:\\\/\\\/guneytrans.com\\\/wp-content\\\/uploads\\\/2025\\\/12\\\/DSC03913.webp\"},{\"@type\":\"BreadcrumbList\",\"@id\":\"https:\\\/\\\/guneytrans.com\\\/stratejik-hedefimiz\\\/#breadcrumb\",\"itemListElement\":[{\"@type\":\"ListItem\",\"position\":1,\"name\":\"Anasayfa\",\"item\":\"https:\\\/\\\/guneytrans.com\\\/\"},{\"@type\":\"ListItem\",\"position\":2,\"name\":\"Stratejik Hedefimiz\"}]},{\"@type\":\"WebSite\",\"@id\":\"https:\\\/\\\/guneytrans.com\\\/#website\",\"url\":\"https:\\\/\\\/guneytrans.com\\\/\",\"name\":\"G\u00dcNEY TRANS\",\"description\":\"\",\"publisher\":{\"@id\":\"https:\\\/\\\/guneytrans.com\\\/#organization\"},\"potentialAction\":[{\"@type\":\"SearchAction\",\"target\":{\"@type\":\"EntryPoint\",\"urlTemplate\":\"https:\\\/\\\/guneytrans.com\\\/?s={search_term_string}\"},\"query-input\":{\"@type\":\"PropertyValueSpecification\",\"valueRequired\":true,\"valueName\":\"search_term_string\"}}],\"inLanguage\":\"en-US\"},{\"@type\":\"Organization\",\"@id\":\"https:\\\/\\\/guneytrans.com\\\/#organization\",\"name\":\"G\u00dcNEY TRANS\",\"url\":\"https:\\\/\\\/guneytrans.com\\\/\",\"logo\":{\"@type\":\"ImageObject\",\"inLanguage\":\"en-US\",\"@id\":\"https:\\\/\\\/guneytrans.com\\\/#\\\/schema\\\/logo\\\/image\\\/\",\"url\":\"https:\\\/\\\/guneytrans.com\\\/wp-content\\\/uploads\\\/2026\\\/03\\\/guneysansitelogo.webp\",\"contentUrl\":\"https:\\\/\\\/guneytrans.com\\\/wp-content\\\/uploads\\\/2026\\\/03\\\/guneysansitelogo.webp\",\"width\":350,\"height\":100,\"caption\":\"G\u00dcNEY TRANS\"},\"image\":{\"@id\":\"https:\\\/\\\/guneytrans.com\\\/#\\\/schema\\\/logo\\\/image\\\/\"}}]}<\/script>\n<!-- \/ Yoast SEO plugin. -->","yoast_head_json":{"title":"Stratejik Hedefimiz - G\u00dcNEY TRANS","robots":{"index":"index","follow":"follow","max-snippet":"max-snippet:-1","max-image-preview":"max-image-preview:large","max-video-preview":"max-video-preview:-1"},"canonical":"https:\/\/guneytrans.com\/en\/stratejik-hedefimiz\/","og_locale":"en_US","og_type":"article","og_title":"Stratejik Hedefimiz - G\u00dcNEY TRANS","og_description":"Stratejik Hedefimiz Vizyonumuz ve Misyonumuz Vizyon B\u00f6lgesel ve uluslararas\u0131 lojistikte, g\u00fcvenilir operasyon y\u00f6netimi ve s\u00fcrd\u00fcr\u00fclebilir i\u015f birlikleriyle uzun vadeli de\u011fer \u00fcreten, tercih edilen bir \u00e7\u00f6z\u00fcm orta\u011f\u0131 olmak. Misyon M\u00fc\u015fteri memnuniyetini esas alarak rekabet avantaj\u0131 sa\u011flayan, uluslararas\u0131 \u00f6l\u00e7ekte faaliyet g\u00f6steren firmalarla rekabet edebilen, sundu\u011fu lojistik hizmetlerde evrensel kalite standartlar\u0131ndan \u00f6d\u00fcn vermeyen, operasyonel ve mali performans\u0131yla s\u00fcrd\u00fcr\u00fclebilir [&hellip;]","og_url":"https:\/\/guneytrans.com\/en\/stratejik-hedefimiz\/","og_site_name":"G\u00dcNEY TRANS","article_modified_time":"2026-01-19T20:11:24+00:00","og_image":[{"width":2498,"height":2503,"url":"https:\/\/guneytrans.com\/wp-content\/uploads\/2025\/12\/DSC03913.webp","type":"image\/webp"}],"twitter_card":"summary_large_image","schema":{"@context":"https:\/\/schema.org","@graph":[{"@type":"WebPage","@id":"https:\/\/guneytrans.com\/stratejik-hedefimiz\/","url":"https:\/\/guneytrans.com\/stratejik-hedefimiz\/","name":"Stratejik Hedefimiz - G\u00dcNEY TRANS","isPartOf":{"@id":"https:\/\/guneytrans.com\/#website"},"primaryImageOfPage":{"@id":"https:\/\/guneytrans.com\/stratejik-hedefimiz\/#primaryimage"},"image":{"@id":"https:\/\/guneytrans.com\/stratejik-hedefimiz\/#primaryimage"},"thumbnailUrl":"https:\/\/guneytrans.com\/wp-content\/uploads\/2025\/12\/DSC03913.webp","datePublished":"2025-12-23T16:06:56+00:00","dateModified":"2026-01-19T20:11:24+00:00","breadcrumb":{"@id":"https:\/\/guneytrans.com\/stratejik-hedefimiz\/#breadcrumb"},"inLanguage":"en-US","potentialAction":[{"@type":"ReadAction","target":["https:\/\/guneytrans.com\/stratejik-hedefimiz\/"]}]},{"@type":"ImageObject","inLanguage":"en-US","@id":"https:\/\/guneytrans.com\/stratejik-hedefimiz\/#primaryimage","url":"https:\/\/guneytrans.com\/wp-content\/uploads\/2025\/12\/DSC03913.webp","contentUrl":"https:\/\/guneytrans.com\/wp-content\/uploads\/2025\/12\/DSC03913.webp"},{"@type":"BreadcrumbList","@id":"https:\/\/guneytrans.com\/stratejik-hedefimiz\/#breadcrumb","itemListElement":[{"@type":"ListItem","position":1,"name":"Anasayfa","item":"https:\/\/guneytrans.com\/"},{"@type":"ListItem","position":2,"name":"Stratejik Hedefimiz"}]},{"@type":"WebSite","@id":"https:\/\/guneytrans.com\/#website","url":"https:\/\/guneytrans.com\/","name":"G\u00dcNEY TRANS","description":"","publisher":{"@id":"https:\/\/guneytrans.com\/#organization"},"potentialAction":[{"@type":"SearchAction","target":{"@type":"EntryPoint","urlTemplate":"https:\/\/guneytrans.com\/?s={search_term_string}"},"query-input":{"@type":"PropertyValueSpecification","valueRequired":true,"valueName":"search_term_string"}}],"inLanguage":"en-US"},{"@type":"Organization","@id":"https:\/\/guneytrans.com\/#organization","name":"G\u00dcNEY TRANS","url":"https:\/\/guneytrans.com\/","logo":{"@type":"ImageObject","inLanguage":"en-US","@id":"https:\/\/guneytrans.com\/#\/schema\/logo\/image\/","url":"https:\/\/guneytrans.com\/wp-content\/uploads\/2026\/03\/guneysansitelogo.webp","contentUrl":"https:\/\/guneytrans.com\/wp-content\/uploads\/2026\/03\/guneysansitelogo.webp","width":350,"height":100,"caption":"G\u00dcNEY TRANS"},"image":{"@id":"https:\/\/guneytrans.com\/#\/schema\/logo\/image\/"}}]}},"_links":{"self":[{"href":"https:\/\/guneytrans.com\/en\/wp-json\/wp\/v2\/pages\/371","targetHints":{"allow":["GET"]}}],"collection":[{"href":"https:\/\/guneytrans.com\/en\/wp-json\/wp\/v2\/pages"}],"about":[{"href":"https:\/\/guneytrans.com\/en\/wp-json\/wp\/v2\/types\/page"}],"author":[{"embeddable":true,"href":"https:\/\/guneytrans.com\/en\/wp-json\/wp\/v2\/users\/1"}],"replies":[{"embeddable":true,"href":"https:\/\/guneytrans.com\/en\/wp-json\/wp\/v2\/comments?post=371"}],"version-history":[{"count":25,"href":"https:\/\/guneytrans.com\/en\/wp-json\/wp\/v2\/pages\/371\/revisions"}],"predecessor-version":[{"id":1244,"href":"https:\/\/guneytrans.com\/en\/wp-json\/wp\/v2\/pages\/371\/revisions\/1244"}],"wp:attachment":[{"href":"https:\/\/guneytrans.com\/en\/wp-json\/wp\/v2\/media?parent=371"}],"curies":[{"name":"wp","href":"https:\/\/api.w.org\/{rel}","templated":true}]}}