{"id":381,"date":"2025-12-23T16:43:23","date_gmt":"2025-12-23T16:43:23","guid":{"rendered":"https:\/\/guneytrans.com\/?page_id=381"},"modified":"2026-03-02T20:08:42","modified_gmt":"2026-03-02T20:08:42","slug":"faaliyet-alanlarimiz","status":"publish","type":"page","link":"https:\/\/guneytrans.com\/en\/faaliyet-alanlarimiz\/","title":{"rendered":"Fields of Activity"},"content":{"rendered":"<div data-elementor-type=\"wp-page\" data-elementor-id=\"381\" class=\"elementor elementor-381\" data-elementor-post-type=\"page\">\n\t\t\t\t<div class=\"elementor-element elementor-element-2d6d28fe e-flex e-con-boxed e-con e-parent\" data-id=\"2d6d28fe\" data-element_type=\"container\" data-e-type=\"container\" data-settings=\"{&quot;background_background&quot;:&quot;classic&quot;}\">\n\t\t\t\t\t<div class=\"e-con-inner\">\n\t\t<div class=\"elementor-element elementor-element-50ac9eff e-con-full e-flex e-con e-child\" data-id=\"50ac9eff\" data-element_type=\"container\" data-e-type=\"container\">\n\t\t\t\t<div class=\"elementor-element elementor-element-2d60d5d6 elementor-widget__width-auto elementor-invisible elementor-widget elementor-widget-heading\" data-id=\"2d60d5d6\" data-element_type=\"widget\" data-e-type=\"widget\" data-settings=\"{&quot;_animation&quot;:&quot;fadeInLeft&quot;}\" data-widget_type=\"heading.default\">\n\t\t\t\t\t<h2 class=\"elementor-heading-title elementor-size-default\">Fields of Activity<\/h2>\t\t\t\t<\/div>\n\t\t\t\t<\/div>\n\t\t\t\t\t<\/div>\n\t\t\t\t<\/div>\n\t\t<div class=\"elementor-element elementor-element-71d1e1b e-flex e-con-boxed e-con e-parent\" data-id=\"71d1e1b\" data-element_type=\"container\" data-e-type=\"container\">\n\t\t\t\t\t<div class=\"e-con-inner\">\n\t\t<div class=\"elementor-element elementor-element-4572e99c e-con-full e-flex e-con e-child\" data-id=\"4572e99c\" data-element_type=\"container\" data-e-type=\"container\" data-settings=\"{&quot;animation&quot;:&quot;none&quot;}\">\n\t\t\t\t<div class=\"elementor-element elementor-element-2b0919ae elementor-invisible elementor-widget elementor-widget-heading\" data-id=\"2b0919ae\" data-element_type=\"widget\" data-e-type=\"widget\" data-settings=\"{&quot;_animation&quot;:&quot;fadeInUp&quot;}\" data-widget_type=\"heading.default\">\n\t\t\t\t\t<h2 class=\"elementor-heading-title elementor-size-default\">Faaliyet alanlar\u0131m\u0131z<\/h2>\t\t\t\t<\/div>\n\t\t\t\t<\/div>\n\t\t<div class=\"elementor-element elementor-element-38c6d9e2 e-con-full e-flex elementor-invisible e-con e-child\" data-id=\"38c6d9e2\" data-element_type=\"container\" data-e-type=\"container\" data-settings=\"{&quot;animation&quot;:&quot;fadeInRight&quot;}\">\n\t\t\t\t<\/div>\n\t\t<div class=\"elementor-element elementor-element-2e271492 e-grid e-con-full e-con e-child\" data-id=\"2e271492\" data-element_type=\"container\" data-e-type=\"container\">\n\t\t<div class=\"elementor-element elementor-element-5c6921f e-con-full e-flex elementor-invisible e-con e-child\" data-id=\"5c6921f\" data-element_type=\"container\" data-e-type=\"container\" data-settings=\"{&quot;animation&quot;:&quot;fadeInUp&quot;,&quot;background_background&quot;:&quot;classic&quot;}\">\n\t\t\t\t<div class=\"elementor-element elementor-element-7a1cfe4f ekit-equal-height-disable elementor-widget elementor-widget-elementskit-icon-box\" data-id=\"7a1cfe4f\" data-element_type=\"widget\" data-e-type=\"widget\" data-widget_type=\"elementskit-icon-box.default\">\n\t\t\t\t\t<div class=\"ekit-wid-con\" >        <!-- link opening -->\n                <!-- end link opening -->\n\n        <div class=\"elementskit-infobox text-left text-left icon-top-align elementor-animation-\">\n                    <div class=\"elementskit-box-header elementor-animation-\">\n                <div class=\"elementskit-info-box-icon\">\n                    <svg aria-hidden=\"true\" class=\"elementkit-infobox-icon e-font-icon-svg e-fas-train\" viewbox=\"0 0 448 512\" xmlns=\"http:\/\/www.w3.org\/2000\/svg\"><path d=\"M448 96v256c0 51.815-61.624 96-130.022 96l62.98 49.721C386.905 502.417 383.562 512 376 512H72c-7.578 0-10.892-9.594-4.957-14.279L130.022 448C61.82 448 0 403.954 0 352V96C0 42.981 64 0 128 0h192c65 0 128 42.981 128 96zm-48 136V120c0-13.255-10.745-24-24-24H72c-13.255 0-24 10.745-24 24v112c0 13.255 10.745 24 24 24h304c13.255 0 24-10.745 24-24zm-176 64c-30.928 0-56 25.072-56 56s25.072 56 56 56 56-25.072 56-56-25.072-56-56-56z\"><\/path><\/svg>\n                <\/div>\n          <\/div>\n                        <div class=\"box-body\">\n                            <div class=\"elementskit-info-box-title\">\n                    Demiryolu Ta\u015f\u0131mas\u0131                <\/div>\n                        \t\t  \t<p>Demiryolu altyap\u0131m\u0131z ve planl\u0131 operasyon kabiliyetimizle, y\u00fcksek hacimli y\u00fckleri g\u00fcvenli, ekonomik ve s\u00fcrd\u00fcr\u00fclebilir \u015fekilde hedef noktalar\u0131na ula\u015ft\u0131r\u0131yoruz<\/p>\n                                <\/div>\n        \n        \n                <\/div>\n        <\/div>\t\t\t\t<\/div>\n\t\t\t\t<\/div>\n\t\t<div class=\"elementor-element elementor-element-1ef1bea e-con-full e-flex elementor-invisible e-con e-child\" data-id=\"1ef1bea\" data-element_type=\"container\" data-e-type=\"container\" data-settings=\"{&quot;animation&quot;:&quot;fadeInUp&quot;}\">\n\t\t\t\t<div class=\"elementor-element elementor-element-399930b0 ekit-equal-height-disable elementor-widget elementor-widget-elementskit-icon-box\" data-id=\"399930b0\" data-element_type=\"widget\" data-e-type=\"widget\" data-widget_type=\"elementskit-icon-box.default\">\n\t\t\t\t\t<div class=\"ekit-wid-con\" >        <!-- link opening -->\n                <!-- end link opening -->\n\n        <div class=\"elementskit-infobox text-left text-left icon-top-align elementor-animation-\">\n                    <div class=\"elementskit-box-header elementor-animation-\">\n                <div class=\"elementskit-info-box-icon\">\n                    <svg aria-hidden=\"true\" class=\"elementkit-infobox-icon e-font-icon-svg e-fas-truck-moving\" viewbox=\"0 0 640 512\" xmlns=\"http:\/\/www.w3.org\/2000\/svg\"><path d=\"M621.3 237.3l-58.5-58.5c-12-12-28.3-18.7-45.3-18.7H480V64c0-17.7-14.3-32-32-32H32C14.3 32 0 46.3 0 64v336c0 44.2 35.8 80 80 80 26.3 0 49.4-12.9 64-32.4 14.6 19.6 37.7 32.4 64 32.4 44.2 0 80-35.8 80-80 0-5.5-.6-10.8-1.6-16h163.2c-1.1 5.2-1.6 10.5-1.6 16 0 44.2 35.8 80 80 80s80-35.8 80-80c0-5.5-.6-10.8-1.6-16H624c8.8 0 16-7.2 16-16v-85.5c0-17-6.7-33.2-18.7-45.2zM80 432c-17.6 0-32-14.4-32-32s14.4-32 32-32 32 14.4 32 32-14.4 32-32 32zm128 0c-17.6 0-32-14.4-32-32s14.4-32 32-32 32 14.4 32 32-14.4 32-32 32zm272-224h37.5c4.3 0 8.3 1.7 11.3 4.7l43.3 43.3H480v-48zm48 224c-17.6 0-32-14.4-32-32s14.4-32 32-32 32 14.4 32 32-14.4 32-32 32z\"><\/path><\/svg>\n                <\/div>\n          <\/div>\n                        <div class=\"box-body\">\n                            <div class=\"elementskit-info-box-title\">\n                    Karayolu Ta\u015f\u0131mas\u0131                <\/div>\n                        \t\t  \t<p>Esnek karayolu \u00e7\u00f6z\u00fcmlerimizle, farkl\u0131 co\u011frafyalarda zaman\u0131nda teslimat sa\u011flayarak y\u00fcklerinizi g\u00fcvenle ve kesintisiz \u015fekilde y\u00f6netiyoruz<\/p>\n                                <\/div>\n        \n        \n                <\/div>\n        <\/div>\t\t\t\t<\/div>\n\t\t\t\t<\/div>\n\t\t<div class=\"elementor-element elementor-element-1534f5ed e-con-full e-flex elementor-invisible e-con e-child\" data-id=\"1534f5ed\" data-element_type=\"container\" data-e-type=\"container\" data-settings=\"{&quot;animation&quot;:&quot;fadeInUp&quot;}\">\n\t\t\t\t<div class=\"elementor-element elementor-element-62e996ba ekit-equal-height-disable elementor-widget elementor-widget-elementskit-icon-box\" data-id=\"62e996ba\" data-element_type=\"widget\" data-e-type=\"widget\" data-widget_type=\"elementskit-icon-box.default\">\n\t\t\t\t\t<div class=\"ekit-wid-con\" >        <!-- link opening -->\n                <!-- end link opening -->\n\n        <div class=\"elementskit-infobox text-left text-left icon-top-align elementor-animation-\">\n                    <div class=\"elementskit-box-header elementor-animation-\">\n                <div class=\"elementskit-info-box-icon\">\n                    <svg aria-hidden=\"true\" class=\"elementkit-infobox-icon e-font-icon-svg e-fas-ship\" viewbox=\"0 0 640 512\" xmlns=\"http:\/\/www.w3.org\/2000\/svg\"><path d=\"M496.616 372.639l70.012-70.012c16.899-16.9 9.942-45.771-12.836-53.092L512 236.102V96c0-17.673-14.327-32-32-32h-64V24c0-13.255-10.745-24-24-24H248c-13.255 0-24 10.745-24 24v40h-64c-17.673 0-32 14.327-32 32v140.102l-41.792 13.433c-22.753 7.313-29.754 36.173-12.836 53.092l70.012 70.012C125.828 416.287 85.587 448 24 448c-13.255 0-24 10.745-24 24v16c0 13.255 10.745 24 24 24 61.023 0 107.499-20.61 143.258-59.396C181.677 487.432 216.021 512 256 512h128c39.979 0 74.323-24.568 88.742-59.396C508.495 491.384 554.968 512 616 512c13.255 0 24-10.745 24-24v-16c0-13.255-10.745-24-24-24-60.817 0-101.542-31.001-119.384-75.361zM192 128h256v87.531l-118.208-37.995a31.995 31.995 0 0 0-19.584 0L192 215.531V128z\"><\/path><\/svg>\n                <\/div>\n          <\/div>\n                        <div class=\"box-body\">\n                            <div class=\"elementskit-info-box-title\">\n                    Denizyolu Ta\u015f\u0131mas\u0131                <\/div>\n                        \t\t  \t<p>Stratejik liman ba\u011flant\u0131lar\u0131m\u0131z ve g\u00fc\u00e7l\u00fc acente a\u011f\u0131m\u0131zla, denizyolu ta\u015f\u0131mac\u0131l\u0131\u011f\u0131nda etkin, \u00f6l\u00e7eklenebilir ve g\u00fcvenilir \u00e7\u00f6z\u00fcmler sunuyoruz<\/p>\n                                <\/div>\n        \n        \n                <\/div>\n        <\/div>\t\t\t\t<\/div>\n\t\t\t\t<\/div>\n\t\t<div class=\"elementor-element elementor-element-1a3071b9 e-con-full e-flex elementor-invisible e-con e-child\" data-id=\"1a3071b9\" data-element_type=\"container\" data-e-type=\"container\" data-settings=\"{&quot;animation&quot;:&quot;fadeInUp&quot;}\">\n\t\t\t\t<div class=\"elementor-element elementor-element-7ab4e056 ekit-equal-height-disable elementor-widget elementor-widget-elementskit-icon-box\" data-id=\"7ab4e056\" data-element_type=\"widget\" data-e-type=\"widget\" data-widget_type=\"elementskit-icon-box.default\">\n\t\t\t\t\t<div class=\"ekit-wid-con\" >        <!-- link opening -->\n                <!-- end link opening -->\n\n        <div class=\"elementskit-infobox text-left text-left icon-top-align elementor-animation-\">\n                    <div class=\"elementskit-box-header elementor-animation-\">\n                <div class=\"elementskit-info-box-icon\">\n                    <svg aria-hidden=\"true\" class=\"elementkit-infobox-icon e-font-icon-svg e-fas-star\" viewbox=\"0 0 576 512\" xmlns=\"http:\/\/www.w3.org\/2000\/svg\"><path d=\"M259.3 17.8L194 150.2 47.9 171.5c-26.2 3.8-36.7 36.1-17.7 54.6l105.7 103-25 145.5c-4.5 26.3 23.2 46 46.4 33.7L288 439.6l130.7 68.7c23.2 12.2 50.9-7.4 46.4-33.7l-25-145.5 105.7-103c19-18.5 8.5-50.8-17.7-54.6L382 150.2 316.7 17.8c-11.7-23.6-45.6-23.9-57.4 0z\"><\/path><\/svg>\n                <\/div>\n          <\/div>\n                        <div class=\"box-body\">\n                            <div class=\"elementskit-info-box-title\">\n                    Multi-Model Ta\u015f\u0131ma                <\/div>\n                        \t\t  \t<p>Demiryolu, karayolu ve denizyolunu tek bir plan alt\u0131nda birle\u015ftirerek, lojistik s\u00fcre\u00e7lerinizi daha h\u0131zl\u0131, verimli ve ekonomik hale getiriyoruz<\/p>\n                                <\/div>\n        \n        \n                <\/div>\n        <\/div>\t\t\t\t<\/div>\n\t\t\t\t<\/div>\n\t\t<div class=\"elementor-element elementor-element-4127bcc9 e-con-full e-flex elementor-invisible e-con e-child\" data-id=\"4127bcc9\" data-element_type=\"container\" data-e-type=\"container\" data-settings=\"{&quot;animation&quot;:&quot;fadeInUp&quot;}\">\n\t\t\t\t<div class=\"elementor-element elementor-element-67285b9 ekit-equal-height-disable elementor-widget elementor-widget-elementskit-icon-box\" data-id=\"67285b9\" data-element_type=\"widget\" data-e-type=\"widget\" data-widget_type=\"elementskit-icon-box.default\">\n\t\t\t\t\t<div class=\"ekit-wid-con\" >        <!-- link opening -->\n                <!-- end link opening -->\n\n        <div class=\"elementskit-infobox text-left text-left icon-top-align elementor-animation-\">\n                    <div class=\"elementskit-box-header elementor-animation-\">\n                <div class=\"elementskit-info-box-icon\">\n                    <svg aria-hidden=\"true\" class=\"elementkit-infobox-icon e-font-icon-svg e-fas-boxes\" viewbox=\"0 0 576 512\" xmlns=\"http:\/\/www.w3.org\/2000\/svg\"><path d=\"M560 288h-80v96l-32-21.3-32 21.3v-96h-80c-8.8 0-16 7.2-16 16v192c0 8.8 7.2 16 16 16h224c8.8 0 16-7.2 16-16V304c0-8.8-7.2-16-16-16zm-384-64h224c8.8 0 16-7.2 16-16V16c0-8.8-7.2-16-16-16h-80v96l-32-21.3L256 96V0h-80c-8.8 0-16 7.2-16 16v192c0 8.8 7.2 16 16 16zm64 64h-80v96l-32-21.3L96 384v-96H16c-8.8 0-16 7.2-16 16v192c0 8.8 7.2 16 16 16h224c8.8 0 16-7.2 16-16V304c0-8.8-7.2-16-16-16z\"><\/path><\/svg>\n                <\/div>\n          <\/div>\n                        <div class=\"box-body\">\n                            <div class=\"elementskit-info-box-title\">\n                    Depolama Hizmetleri                <\/div>\n                        \t\t  \t<p>\u0130skenderun\u2019da sahip oldu\u011fumuz g\u00fcmr\u00fckl\u00fc antrepolar\u0131m\u0131z ve ba\u011flant\u0131l\u0131 oldu\u011fumuz liman sahalar\u0131 sayesinde y\u00fcklerinize g\u00fcvenli depolama, etkin stok y\u00f6netimi ve esnek operasyon imkanlar\u0131 sa\u011fl\u0131yoruz<\/p>\n                                <\/div>\n        \n        \n                <\/div>\n        <\/div>\t\t\t\t<\/div>\n\t\t\t\t<\/div>\n\t\t<div class=\"elementor-element elementor-element-10605f60 e-con-full e-flex elementor-invisible e-con e-child\" data-id=\"10605f60\" data-element_type=\"container\" data-e-type=\"container\" data-settings=\"{&quot;animation&quot;:&quot;fadeInUp&quot;}\">\n\t\t\t\t<div class=\"elementor-element elementor-element-79b67f8a ekit-equal-height-disable elementor-widget elementor-widget-elementskit-icon-box\" data-id=\"79b67f8a\" data-element_type=\"widget\" data-e-type=\"widget\" data-widget_type=\"elementskit-icon-box.default\">\n\t\t\t\t\t<div class=\"ekit-wid-con\" >        <!-- link opening -->\n                <!-- end link opening -->\n\n        <div class=\"elementskit-infobox text-left text-left icon-top-align elementor-animation-\">\n                    <div class=\"elementskit-box-header elementor-animation-\">\n                <div class=\"elementskit-info-box-icon\">\n                    <i aria-hidden=\"true\" class=\"elementkit-infobox-icon  icon_search_alt\"><\/i>\n                <\/div>\n          <\/div>\n                        <div class=\"box-body\">\n                            <div class=\"elementskit-info-box-title\">\n                    Forwarder Hizmetleri                <\/div>\n                        \t\t  \t<p>Uluslararas\u0131 forwarder hizmetlerimizle, ta\u015f\u0131ma organizasyonundan dok\u00fcmantasyona kadar t\u00fcm s\u00fcreci tek merkezden, profesyonel \u015fekilde koordine ediyoruz<\/p>\n                                <\/div>\n        \n        \n                <\/div>\n        <\/div>\t\t\t\t<\/div>\n\t\t\t\t<\/div>\n\t\t\t\t<\/div>\n\t\t\t\t\t<\/div>\n\t\t\t\t<\/div>\n\t\t\t\t<\/div>","protected":false},"excerpt":{"rendered":"<p>Faaliyet alanlar\u0131m\u0131z Demiryolu Ta\u015f\u0131mas\u0131 Demiryolu altyap\u0131m\u0131z ve planl\u0131 operasyon kabiliyetimizle, y\u00fcksek hacimli y\u00fckleri g\u00fcvenli, ekonomik ve s\u00fcrd\u00fcr\u00fclebilir \u015fekilde hedef noktalar\u0131na ula\u015ft\u0131r\u0131yoruz Karayolu Ta\u015f\u0131mas\u0131 Esnek karayolu \u00e7\u00f6z\u00fcmlerimizle, farkl\u0131 co\u011frafyalarda zaman\u0131nda teslimat sa\u011flayarak y\u00fcklerinizi g\u00fcvenle ve kesintisiz \u015fekilde y\u00f6netiyoruz Denizyolu Ta\u015f\u0131mas\u0131 Stratejik liman ba\u011flant\u0131lar\u0131m\u0131z ve g\u00fc\u00e7l\u00fc acente a\u011f\u0131m\u0131zla, denizyolu ta\u015f\u0131mac\u0131l\u0131\u011f\u0131nda etkin, \u00f6l\u00e7eklenebilir ve g\u00fcvenilir \u00e7\u00f6z\u00fcmler sunuyoruz Multi-Model [&hellip;]<\/p>\n","protected":false},"author":1,"featured_media":0,"parent":0,"menu_order":0,"comment_status":"closed","ping_status":"closed","template":"elementor_header_footer","meta":{"footnotes":""},"class_list":["post-381","page","type-page","status-publish","hentry"],"yoast_head":"<!-- This site is optimized with the Yoast SEO plugin v27.4 - https:\/\/yoast.com\/product\/yoast-seo-wordpress\/ -->\n<title>Faaliyet Alanlar\u0131m\u0131z - G\u00dcNEY TRANS<\/title>\n<meta name=\"robots\" content=\"index, follow, max-snippet:-1, max-image-preview:large, max-video-preview:-1\" \/>\n<link rel=\"canonical\" href=\"https:\/\/guneytrans.com\/en\/faaliyet-alanlarimiz\/\" \/>\n<meta property=\"og:locale\" content=\"en_US\" \/>\n<meta property=\"og:type\" content=\"article\" \/>\n<meta property=\"og:title\" content=\"Faaliyet Alanlar\u0131m\u0131z - G\u00dcNEY TRANS\" \/>\n<meta property=\"og:description\" content=\"Faaliyet alanlar\u0131m\u0131z Demiryolu Ta\u015f\u0131mas\u0131 Demiryolu altyap\u0131m\u0131z ve planl\u0131 operasyon kabiliyetimizle, y\u00fcksek hacimli y\u00fckleri g\u00fcvenli, ekonomik ve s\u00fcrd\u00fcr\u00fclebilir \u015fekilde hedef noktalar\u0131na ula\u015ft\u0131r\u0131yoruz Karayolu Ta\u015f\u0131mas\u0131 Esnek karayolu \u00e7\u00f6z\u00fcmlerimizle, farkl\u0131 co\u011frafyalarda zaman\u0131nda teslimat sa\u011flayarak y\u00fcklerinizi g\u00fcvenle ve kesintisiz \u015fekilde y\u00f6netiyoruz Denizyolu Ta\u015f\u0131mas\u0131 Stratejik liman ba\u011flant\u0131lar\u0131m\u0131z ve g\u00fc\u00e7l\u00fc acente a\u011f\u0131m\u0131zla, denizyolu ta\u015f\u0131mac\u0131l\u0131\u011f\u0131nda etkin, \u00f6l\u00e7eklenebilir ve g\u00fcvenilir \u00e7\u00f6z\u00fcmler sunuyoruz Multi-Model [&hellip;]\" \/>\n<meta property=\"og:url\" content=\"https:\/\/guneytrans.com\/en\/faaliyet-alanlarimiz\/\" \/>\n<meta property=\"og:site_name\" content=\"G\u00dcNEY TRANS\" \/>\n<meta property=\"article:modified_time\" content=\"2026-03-02T20:08:42+00:00\" \/>\n<meta name=\"twitter:card\" content=\"summary_large_image\" \/>\n<meta name=\"twitter:label1\" content=\"Est. reading time\" \/>\n\t<meta name=\"twitter:data1\" content=\"1 minute\" \/>\n<script type=\"application\/ld+json\" class=\"yoast-schema-graph\">{\"@context\":\"https:\\\/\\\/schema.org\",\"@graph\":[{\"@type\":\"WebPage\",\"@id\":\"https:\\\/\\\/guneytrans.com\\\/faaliyet-alanlarimiz\\\/\",\"url\":\"https:\\\/\\\/guneytrans.com\\\/faaliyet-alanlarimiz\\\/\",\"name\":\"Faaliyet Alanlar\u0131m\u0131z - G\u00dcNEY TRANS\",\"isPartOf\":{\"@id\":\"https:\\\/\\\/guneytrans.com\\\/#website\"},\"datePublished\":\"2025-12-23T16:43:23+00:00\",\"dateModified\":\"2026-03-02T20:08:42+00:00\",\"breadcrumb\":{\"@id\":\"https:\\\/\\\/guneytrans.com\\\/faaliyet-alanlarimiz\\\/#breadcrumb\"},\"inLanguage\":\"en-US\",\"potentialAction\":[{\"@type\":\"ReadAction\",\"target\":[\"https:\\\/\\\/guneytrans.com\\\/faaliyet-alanlarimiz\\\/\"]}]},{\"@type\":\"BreadcrumbList\",\"@id\":\"https:\\\/\\\/guneytrans.com\\\/faaliyet-alanlarimiz\\\/#breadcrumb\",\"itemListElement\":[{\"@type\":\"ListItem\",\"position\":1,\"name\":\"Anasayfa\",\"item\":\"https:\\\/\\\/guneytrans.com\\\/\"},{\"@type\":\"ListItem\",\"position\":2,\"name\":\"Faaliyet Alanlar\u0131m\u0131z\"}]},{\"@type\":\"WebSite\",\"@id\":\"https:\\\/\\\/guneytrans.com\\\/#website\",\"url\":\"https:\\\/\\\/guneytrans.com\\\/\",\"name\":\"G\u00dcNEY TRANS\",\"description\":\"\",\"publisher\":{\"@id\":\"https:\\\/\\\/guneytrans.com\\\/#organization\"},\"potentialAction\":[{\"@type\":\"SearchAction\",\"target\":{\"@type\":\"EntryPoint\",\"urlTemplate\":\"https:\\\/\\\/guneytrans.com\\\/?s={search_term_string}\"},\"query-input\":{\"@type\":\"PropertyValueSpecification\",\"valueRequired\":true,\"valueName\":\"search_term_string\"}}],\"inLanguage\":\"en-US\"},{\"@type\":\"Organization\",\"@id\":\"https:\\\/\\\/guneytrans.com\\\/#organization\",\"name\":\"G\u00dcNEY TRANS\",\"url\":\"https:\\\/\\\/guneytrans.com\\\/\",\"logo\":{\"@type\":\"ImageObject\",\"inLanguage\":\"en-US\",\"@id\":\"https:\\\/\\\/guneytrans.com\\\/#\\\/schema\\\/logo\\\/image\\\/\",\"url\":\"https:\\\/\\\/guneytrans.com\\\/wp-content\\\/uploads\\\/2026\\\/03\\\/guneysansitelogo.webp\",\"contentUrl\":\"https:\\\/\\\/guneytrans.com\\\/wp-content\\\/uploads\\\/2026\\\/03\\\/guneysansitelogo.webp\",\"width\":350,\"height\":100,\"caption\":\"G\u00dcNEY TRANS\"},\"image\":{\"@id\":\"https:\\\/\\\/guneytrans.com\\\/#\\\/schema\\\/logo\\\/image\\\/\"}}]}<\/script>\n<!-- \/ Yoast SEO plugin. -->","yoast_head_json":{"title":"Faaliyet Alanlar\u0131m\u0131z - G\u00dcNEY TRANS","robots":{"index":"index","follow":"follow","max-snippet":"max-snippet:-1","max-image-preview":"max-image-preview:large","max-video-preview":"max-video-preview:-1"},"canonical":"https:\/\/guneytrans.com\/en\/faaliyet-alanlarimiz\/","og_locale":"en_US","og_type":"article","og_title":"Faaliyet Alanlar\u0131m\u0131z - G\u00dcNEY TRANS","og_description":"Faaliyet alanlar\u0131m\u0131z Demiryolu Ta\u015f\u0131mas\u0131 Demiryolu altyap\u0131m\u0131z ve planl\u0131 operasyon kabiliyetimizle, y\u00fcksek hacimli y\u00fckleri g\u00fcvenli, ekonomik ve s\u00fcrd\u00fcr\u00fclebilir \u015fekilde hedef noktalar\u0131na ula\u015ft\u0131r\u0131yoruz Karayolu Ta\u015f\u0131mas\u0131 Esnek karayolu \u00e7\u00f6z\u00fcmlerimizle, farkl\u0131 co\u011frafyalarda zaman\u0131nda teslimat sa\u011flayarak y\u00fcklerinizi g\u00fcvenle ve kesintisiz \u015fekilde y\u00f6netiyoruz Denizyolu Ta\u015f\u0131mas\u0131 Stratejik liman ba\u011flant\u0131lar\u0131m\u0131z ve g\u00fc\u00e7l\u00fc acente a\u011f\u0131m\u0131zla, denizyolu ta\u015f\u0131mac\u0131l\u0131\u011f\u0131nda etkin, \u00f6l\u00e7eklenebilir ve g\u00fcvenilir \u00e7\u00f6z\u00fcmler sunuyoruz Multi-Model [&hellip;]","og_url":"https:\/\/guneytrans.com\/en\/faaliyet-alanlarimiz\/","og_site_name":"G\u00dcNEY TRANS","article_modified_time":"2026-03-02T20:08:42+00:00","twitter_card":"summary_large_image","twitter_misc":{"Est. reading time":"1 minute"},"schema":{"@context":"https:\/\/schema.org","@graph":[{"@type":"WebPage","@id":"https:\/\/guneytrans.com\/faaliyet-alanlarimiz\/","url":"https:\/\/guneytrans.com\/faaliyet-alanlarimiz\/","name":"Faaliyet Alanlar\u0131m\u0131z - G\u00dcNEY TRANS","isPartOf":{"@id":"https:\/\/guneytrans.com\/#website"},"datePublished":"2025-12-23T16:43:23+00:00","dateModified":"2026-03-02T20:08:42+00:00","breadcrumb":{"@id":"https:\/\/guneytrans.com\/faaliyet-alanlarimiz\/#breadcrumb"},"inLanguage":"en-US","potentialAction":[{"@type":"ReadAction","target":["https:\/\/guneytrans.com\/faaliyet-alanlarimiz\/"]}]},{"@type":"BreadcrumbList","@id":"https:\/\/guneytrans.com\/faaliyet-alanlarimiz\/#breadcrumb","itemListElement":[{"@type":"ListItem","position":1,"name":"Anasayfa","item":"https:\/\/guneytrans.com\/"},{"@type":"ListItem","position":2,"name":"Faaliyet Alanlar\u0131m\u0131z"}]},{"@type":"WebSite","@id":"https:\/\/guneytrans.com\/#website","url":"https:\/\/guneytrans.com\/","name":"G\u00dcNEY TRANS","description":"","publisher":{"@id":"https:\/\/guneytrans.com\/#organization"},"potentialAction":[{"@type":"SearchAction","target":{"@type":"EntryPoint","urlTemplate":"https:\/\/guneytrans.com\/?s={search_term_string}"},"query-input":{"@type":"PropertyValueSpecification","valueRequired":true,"valueName":"search_term_string"}}],"inLanguage":"en-US"},{"@type":"Organization","@id":"https:\/\/guneytrans.com\/#organization","name":"G\u00dcNEY TRANS","url":"https:\/\/guneytrans.com\/","logo":{"@type":"ImageObject","inLanguage":"en-US","@id":"https:\/\/guneytrans.com\/#\/schema\/logo\/image\/","url":"https:\/\/guneytrans.com\/wp-content\/uploads\/2026\/03\/guneysansitelogo.webp","contentUrl":"https:\/\/guneytrans.com\/wp-content\/uploads\/2026\/03\/guneysansitelogo.webp","width":350,"height":100,"caption":"G\u00dcNEY TRANS"},"image":{"@id":"https:\/\/guneytrans.com\/#\/schema\/logo\/image\/"}}]}},"_links":{"self":[{"href":"https:\/\/guneytrans.com\/en\/wp-json\/wp\/v2\/pages\/381","targetHints":{"allow":["GET"]}}],"collection":[{"href":"https:\/\/guneytrans.com\/en\/wp-json\/wp\/v2\/pages"}],"about":[{"href":"https:\/\/guneytrans.com\/en\/wp-json\/wp\/v2\/types\/page"}],"author":[{"embeddable":true,"href":"https:\/\/guneytrans.com\/en\/wp-json\/wp\/v2\/users\/1"}],"replies":[{"embeddable":true,"href":"https:\/\/guneytrans.com\/en\/wp-json\/wp\/v2\/comments?post=381"}],"version-history":[{"count":49,"href":"https:\/\/guneytrans.com\/en\/wp-json\/wp\/v2\/pages\/381\/revisions"}],"predecessor-version":[{"id":1383,"href":"https:\/\/guneytrans.com\/en\/wp-json\/wp\/v2\/pages\/381\/revisions\/1383"}],"wp:attachment":[{"href":"https:\/\/guneytrans.com\/en\/wp-json\/wp\/v2\/media?parent=381"}],"curies":[{"name":"wp","href":"https:\/\/api.w.org\/{rel}","templated":true}]}}