{"id":401,"date":"2025-12-23T19:05:12","date_gmt":"2025-12-23T19:05:12","guid":{"rendered":"https:\/\/guneytrans.com\/?page_id=401"},"modified":"2026-03-02T20:17:39","modified_gmt":"2026-03-02T20:17:39","slug":"buyuk-projelerimiz","status":"publish","type":"page","link":"https:\/\/guneytrans.com\/en\/buyuk-projelerimiz\/","title":{"rendered":"Key Projects"},"content":{"rendered":"<div data-elementor-type=\"wp-page\" data-elementor-id=\"401\" class=\"elementor elementor-401\" data-elementor-post-type=\"page\">\n\t\t\t\t<div class=\"elementor-element elementor-element-45f3dd12 e-flex e-con-boxed e-con e-parent\" data-id=\"45f3dd12\" data-element_type=\"container\" data-e-type=\"container\" data-settings=\"{&quot;background_background&quot;:&quot;video&quot;,&quot;background_video_link&quot;:&quot;https:\\\/\\\/guneytrans.com\\\/wp-content\\\/uploads\\\/2026\\\/01\\\/guney-trans-zeka-film.mp4&quot;,&quot;background_play_on_mobile&quot;:&quot;yes&quot;}\">\n\t\t\t\t\t<div class=\"e-con-inner\">\n\t\t<div class=\"elementor-background-video-container\">\n\t\t\t\t\t\t\t<video class=\"elementor-background-video-hosted\" role=\"presentation\" autoplay muted playsinline loop><\/video>\n\t\t\t\t\t<\/div><div class=\"elementor-element elementor-element-3a0017f1 e-con-full e-flex e-con e-child\" data-id=\"3a0017f1\" data-element_type=\"container\" data-e-type=\"container\">\n\t\t\t\t<\/div>\n\t\t\t\t\t<\/div>\n\t\t\t\t<\/div>\n\t\t<div class=\"elementor-element elementor-element-35d2ee75 e-flex e-con-boxed e-con e-parent\" data-id=\"35d2ee75\" data-element_type=\"container\" data-e-type=\"container\" data-settings=\"{&quot;background_background&quot;:&quot;classic&quot;}\">\n\t\t\t\t\t<div class=\"e-con-inner\">\n\t\t<div class=\"elementor-element elementor-element-7bda5fc1 e-con-full e-flex e-con e-child\" data-id=\"7bda5fc1\" data-element_type=\"container\" data-e-type=\"container\" data-settings=\"{&quot;animation&quot;:&quot;none&quot;}\">\n\t\t\t\t<div class=\"elementor-element elementor-element-5dafa411 elementor-invisible elementor-widget elementor-widget-heading\" data-id=\"5dafa411\" data-element_type=\"widget\" data-e-type=\"widget\" data-settings=\"{&quot;_animation&quot;:&quot;fadeInLeft&quot;}\" data-widget_type=\"heading.default\">\n\t\t\t\t\t<h2 class=\"elementor-heading-title elementor-size-default\">Key Projects<\/h2>\t\t\t\t<\/div>\n\t\t\t\t<div class=\"elementor-element elementor-element-351e9f56 elementor-widget-divider--view-line elementor-widget elementor-widget-divider\" data-id=\"351e9f56\" data-element_type=\"widget\" data-e-type=\"widget\" data-widget_type=\"divider.default\">\n\t\t\t\t\t\t\t<div class=\"elementor-divider\">\n\t\t\t<span class=\"elementor-divider-separator\">\n\t\t\t\t\t\t<\/span>\n\t\t<\/div>\n\t\t\t\t\t\t<\/div>\n\t\t\t\t<\/div>\n\t\t<div class=\"elementor-element elementor-element-3fab9adb e-con-full e-flex elementor-invisible e-con e-child\" data-id=\"3fab9adb\" data-element_type=\"container\" data-e-type=\"container\" data-settings=\"{&quot;animation&quot;:&quot;fadeInUp&quot;}\">\n\t\t\t\t<div class=\"elementor-element elementor-element-3c2086d1 elementor-widget elementor-widget-text-editor\" data-id=\"3c2086d1\" data-element_type=\"widget\" data-e-type=\"widget\" data-widget_type=\"text-editor.default\">\n\t\t\t\t\t\t\t\t\t<div class=\"elementor-element elementor-element-1ad69824 elementor-widget elementor-widget-text-editor\" data-id=\"1ad69824\" data-element_type=\"widget\" data-widget_type=\"text-editor.default\"><p>B\u00fcy\u00fck \u00f6l\u00e7ekli lojistik projelerimiz, planlama, koordinasyon ve saha y\u00f6netimi alan\u0131ndaki deneyimimizi yans\u0131tmaktad\u0131r. Her proje, s\u00fcrecin t\u00fcm a\u015famalar\u0131nda \u00f6zenle ele al\u0131narak, operasyonel gerekliliklere uygun ve zaman\u0131nda tamamlanmaktad\u0131r. Tamamlad\u0131\u011f\u0131m\u0131z projeler, G\u00fcneyTrans\u2019\u0131n kurumsal yakla\u015f\u0131m\u0131n\u0131n ve s\u00fcrd\u00fcr\u00fclebilir hizmet anlay\u0131\u015f\u0131n\u0131n bir par\u00e7as\u0131d\u0131r.<\/p><\/div>\t\t\t\t\t\t\t\t<\/div>\n\t\t\t\t<\/div>\n\t\t\t\t\t<\/div>\n\t\t\t\t<\/div>\n\t\t<div class=\"elementor-element elementor-element-67447a23 e-grid e-con-boxed e-con e-child\" data-id=\"67447a23\" data-element_type=\"container\" data-e-type=\"container\">\n\t\t\t\t\t<div class=\"e-con-inner\">\n\t\t\t\t<div class=\"elementor-element elementor-element-127ce9a1 elementor-cta--skin-classic elementor-animated-content elementor-bg-transform elementor-bg-transform-zoom-in elementor-widget elementor-widget-call-to-action\" data-id=\"127ce9a1\" data-element_type=\"widget\" data-e-type=\"widget\" data-widget_type=\"call-to-action.default\">\n\t\t\t\t\t\t\t<div class=\"elementor-cta\">\n\t\t\t\t\t<div class=\"elementor-cta__bg-wrapper\">\n\t\t\t\t<div class=\"elementor-cta__bg elementor-bg\" style=\"background-image: url(https:\/\/guneytrans.com\/wp-content\/uploads\/2026\/01\/toscelik.webp);\" role=\"img\" aria-label=\"tos\u00e7elik\"><\/div>\n\t\t\t\t<div class=\"elementor-cta__bg-overlay\"><\/div>\n\t\t\t<\/div>\n\t\t\t\t\t\t\t<div class=\"elementor-cta__content\">\n\t\t\t\t\n\t\t\t\t\t\t\t\t\t<div class=\"elementor-cta__title elementor-cta__content-item elementor-content-item\">\n\t\t\t\t\t\tTos\u00e7elik Boru\t\t\t\t\t<\/div>\n\t\t\t\t\n\t\t\t\t\t\t\t\t\t<div class=\"elementor-cta__description elementor-cta__content-item elementor-content-item\">\n\t\t\t\t\t\tOsmaniye OSB\u2019den \u00e7\u0131kan borular, ara nakliye ile \u0130skenderun limanlar\u0131na ta\u015f\u0131nm\u0131\u015f; buradan gemiyle Batum Liman\u0131\u2019na sevk edilmi\u015f, tahliye sonras\u0131 t\u0131rlara y\u00fcklenerek Bak\u00fc\u2013Z\u0131\u011f\u2019daki nihai teslim noktas\u0131na ula\u015ft\u0131r\u0131lm\u0131\u015ft\u0131r.\t\t\t\t\t<\/div>\n\t\t\t\t\n\t\t\t\t\t\t\t\t\t<div class=\"elementor-cta__button-wrapper elementor-cta__content-item elementor-content-item\">\n\t\t\t\t\t<a class=\"elementor-cta__button elementor-button elementor-size-xs\" href=\"https:\/\/guneytrans.com\/en\/toscelik\/\">\n\t\t\t\t\t\tDEVAMI\t\t\t\t\t<\/a>\n\t\t\t\t\t<\/div>\n\t\t\t\t\t\t\t<\/div>\n\t\t\t\t\t\t<\/div>\n\t\t\t\t\t\t<\/div>\n\t\t\t\t<div class=\"elementor-element elementor-element-7c3d689a elementor-cta--skin-classic elementor-animated-content elementor-bg-transform elementor-bg-transform-zoom-in elementor-widget elementor-widget-call-to-action\" data-id=\"7c3d689a\" data-element_type=\"widget\" data-e-type=\"widget\" data-widget_type=\"call-to-action.default\">\n\t\t\t\t\t\t\t<div class=\"elementor-cta\">\n\t\t\t\t\t<div class=\"elementor-cta__bg-wrapper\">\n\t\t\t\t<div class=\"elementor-cta__bg elementor-bg\" style=\"background-image: url(https:\/\/guneytrans.com\/wp-content\/uploads\/2026\/03\/tunus_dap.webp);\" role=\"img\" aria-label=\"tunus_dap\"><\/div>\n\t\t\t\t<div class=\"elementor-cta__bg-overlay\"><\/div>\n\t\t\t<\/div>\n\t\t\t\t\t\t\t<div class=\"elementor-cta__content\">\n\t\t\t\t\n\t\t\t\t\t\t\t\t\t<h2 class=\"elementor-cta__title elementor-cta__content-item elementor-content-item\">\n\t\t\t\t\t\tTunus DAP\t\t\t\t\t<\/h2>\n\t\t\t\t\n\t\t\t\t\t\t\t\t\t<div class=\"elementor-cta__description elementor-cta__content-item elementor-content-item\">\n\t\t\t\t\t\t\n\nG\u00fcneysan G\u00fcbre taraf\u0131ndan al\u0131nan Tunus men\u015feli DAP; Tunus\u2019taki fabrikadan gemi ile \u0130skenderun Liman\u0131\u2019na getirilmi\u015f, ard\u0131ndan ara nakliye kullan\u0131larak firman\u0131n g\u00fcmr\u00fckl\u00fc antreposuna teslim edilmi\u015ftir.\n\t\t\t\t\t<\/div>\n\t\t\t\t\n\t\t\t\t\t\t\t\t\t<div class=\"elementor-cta__button-wrapper elementor-cta__content-item elementor-content-item\">\n\t\t\t\t\t<a class=\"elementor-cta__button elementor-button elementor-size-xs\" href=\"https:\/\/guneytrans.com\/en\/tunus-dap\/\">\n\t\t\t\t\t\tDEVAMI\t\t\t\t\t<\/a>\n\t\t\t\t\t<\/div>\n\t\t\t\t\t\t\t<\/div>\n\t\t\t\t\t\t<\/div>\n\t\t\t\t\t\t<\/div>\n\t\t\t\t<div class=\"elementor-element elementor-element-348dfde7 elementor-cta--skin-classic elementor-animated-content elementor-bg-transform elementor-bg-transform-zoom-in elementor-widget elementor-widget-call-to-action\" data-id=\"348dfde7\" data-element_type=\"widget\" data-e-type=\"widget\" data-widget_type=\"call-to-action.default\">\n\t\t\t\t\t\t\t<div class=\"elementor-cta\">\n\t\t\t\t\t<div class=\"elementor-cta__bg-wrapper\">\n\t\t\t\t<div class=\"elementor-cta__bg elementor-bg\" style=\"background-image: url(https:\/\/guneytrans.com\/wp-content\/uploads\/2026\/01\/gemikaya.webp);\" role=\"img\" aria-label=\"gemikaya\"><\/div>\n\t\t\t\t<div class=\"elementor-cta__bg-overlay\"><\/div>\n\t\t\t<\/div>\n\t\t\t\t\t\t\t<div class=\"elementor-cta__content\">\n\t\t\t\t\n\t\t\t\t\t\t\t\t\t<h2 class=\"elementor-cta__title elementor-cta__content-item elementor-content-item\">\n\t\t\t\t\t\tGemikaya\t\t\t\t\t<\/h2>\n\t\t\t\t\n\t\t\t\t\t\t\t\t\t<div class=\"elementor-cta__description elementor-cta__content-item elementor-content-item\">\n\t\t\t\t\t\tTarsus\u2019taki fabrikadan Yenice Tren \u0130stasyonu\u2019na ta\u015f\u0131nan borular, trenle \u0130ran\u2013Nah\u00e7\u0131van s\u0131n\u0131r\u0131ndaki Julfa \u0130stasyonu\u2019na sevk edilmi\u015f; burada t\u0131rlara aktar\u0131larak Nah\u00e7\u0131van\u2019daki teslim noktas\u0131na ula\u015ft\u0131r\u0131lm\u0131\u015ft\u0131r.\t\t\t\t\t<\/div>\n\t\t\t\t\n\t\t\t\t\t\t\t\t\t<div class=\"elementor-cta__button-wrapper elementor-cta__content-item elementor-content-item\">\n\t\t\t\t\t<a class=\"elementor-cta__button elementor-button elementor-size-xs\" href=\"https:\/\/guneytrans.com\/en\/gemikaya-guney-trans\/\">\n\t\t\t\t\t\tDEVAMI\t\t\t\t\t<\/a>\n\t\t\t\t\t<\/div>\n\t\t\t\t\t\t\t<\/div>\n\t\t\t\t\t\t<\/div>\n\t\t\t\t\t\t<\/div>\n\t\t\t\t<div class=\"elementor-element elementor-element-5a30f0c elementor-cta--skin-classic elementor-animated-content elementor-bg-transform elementor-bg-transform-zoom-in elementor-widget elementor-widget-call-to-action\" data-id=\"5a30f0c\" data-element_type=\"widget\" data-e-type=\"widget\" data-widget_type=\"call-to-action.default\">\n\t\t\t\t\t\t\t<div class=\"elementor-cta\">\n\t\t\t\t\t<div class=\"elementor-cta__bg-wrapper\">\n\t\t\t\t<div class=\"elementor-cta__bg elementor-bg\" style=\"background-image: url(https:\/\/guneytrans.com\/wp-content\/uploads\/2026\/01\/pomerok.webp);\" role=\"img\" aria-label=\"pomerok\"><\/div>\n\t\t\t\t<div class=\"elementor-cta__bg-overlay\"><\/div>\n\t\t\t<\/div>\n\t\t\t\t\t\t\t<div class=\"elementor-cta__content\">\n\t\t\t\t\n\t\t\t\t\t\t\t\t\t<h2 class=\"elementor-cta__title elementor-cta__content-item elementor-content-item\">\n\t\t\t\t\t\tPomerok \u00c7in\t\t\t\t\t<\/h2>\n\t\t\t\t\n\t\t\t\t\t\t\t\t\t<div class=\"elementor-cta__description elementor-cta__content-item elementor-content-item\">\n\t\t\t\t\t\t\n\nFabrika Malzemesi \u00c7in\u2019den y\u00fck gemisi ile T\u00fcrkiye\u2019ye getirilip, g\u00fcmr\u00fckl\u00fc antrepoda i\u015flenmesi tamamland\u0131ktan sonra standart ve lowbed t\u0131rlarla \u00c7obanbey s\u0131n\u0131rda Suriye tampon b\u00f6lgesinde teslim edilmi\u015ftir.\n\t\t\t\t\t<\/div>\n\t\t\t\t\n\t\t\t\t\t\t\t\t\t<div class=\"elementor-cta__button-wrapper elementor-cta__content-item elementor-content-item\">\n\t\t\t\t\t<a class=\"elementor-cta__button elementor-button elementor-size-xs\" href=\"https:\/\/guneytrans.com\/en\/pomerok\/\">\n\t\t\t\t\t\tDEVAMI\t\t\t\t\t<\/a>\n\t\t\t\t\t<\/div>\n\t\t\t\t\t\t\t<\/div>\n\t\t\t\t\t\t<\/div>\n\t\t\t\t\t\t<\/div>\n\t\t\t\t\t<\/div>\n\t\t\t\t<\/div>\n\t\t\t\t<\/div>","protected":false},"excerpt":{"rendered":"<p>B\u00fcy\u00fck Projelerimiz B\u00fcy\u00fck \u00f6l\u00e7ekli lojistik projelerimiz, planlama, koordinasyon ve saha y\u00f6netimi alan\u0131ndaki deneyimimizi yans\u0131tmaktad\u0131r. Her proje, s\u00fcrecin t\u00fcm a\u015famalar\u0131nda \u00f6zenle ele al\u0131narak, operasyonel gerekliliklere uygun ve zaman\u0131nda tamamlanmaktad\u0131r. Tamamlad\u0131\u011f\u0131m\u0131z projeler, G\u00fcneyTrans\u2019\u0131n kurumsal yakla\u015f\u0131m\u0131n\u0131n ve s\u00fcrd\u00fcr\u00fclebilir hizmet anlay\u0131\u015f\u0131n\u0131n bir par\u00e7as\u0131d\u0131r. Tos\u00e7elik Boru Osmaniye OSB\u2019den \u00e7\u0131kan borular, ara nakliye ile \u0130skenderun limanlar\u0131na ta\u015f\u0131nm\u0131\u015f; buradan gemiyle Batum Liman\u0131\u2019na [&hellip;]<\/p>\n","protected":false},"author":1,"featured_media":0,"parent":0,"menu_order":0,"comment_status":"closed","ping_status":"closed","template":"elementor_header_footer","meta":{"footnotes":""},"class_list":["post-401","page","type-page","status-publish","hentry"],"yoast_head":"<!-- This site is optimized with the Yoast SEO plugin v27.4 - https:\/\/yoast.com\/product\/yoast-seo-wordpress\/ -->\n<title>B\u00fcy\u00fck Projelerimiz - G\u00dcNEY TRANS<\/title>\n<meta name=\"robots\" content=\"index, follow, max-snippet:-1, max-image-preview:large, max-video-preview:-1\" \/>\n<link rel=\"canonical\" href=\"https:\/\/guneytrans.com\/en\/buyuk-projelerimiz\/\" \/>\n<meta property=\"og:locale\" content=\"en_US\" \/>\n<meta property=\"og:type\" content=\"article\" \/>\n<meta property=\"og:title\" content=\"B\u00fcy\u00fck Projelerimiz - G\u00dcNEY TRANS\" \/>\n<meta property=\"og:description\" content=\"B\u00fcy\u00fck Projelerimiz B\u00fcy\u00fck \u00f6l\u00e7ekli lojistik projelerimiz, planlama, koordinasyon ve saha y\u00f6netimi alan\u0131ndaki deneyimimizi yans\u0131tmaktad\u0131r. Her proje, s\u00fcrecin t\u00fcm a\u015famalar\u0131nda \u00f6zenle ele al\u0131narak, operasyonel gerekliliklere uygun ve zaman\u0131nda tamamlanmaktad\u0131r. Tamamlad\u0131\u011f\u0131m\u0131z projeler, G\u00fcneyTrans\u2019\u0131n kurumsal yakla\u015f\u0131m\u0131n\u0131n ve s\u00fcrd\u00fcr\u00fclebilir hizmet anlay\u0131\u015f\u0131n\u0131n bir par\u00e7as\u0131d\u0131r. Tos\u00e7elik Boru Osmaniye OSB\u2019den \u00e7\u0131kan borular, ara nakliye ile \u0130skenderun limanlar\u0131na ta\u015f\u0131nm\u0131\u015f; buradan gemiyle Batum Liman\u0131\u2019na [&hellip;]\" \/>\n<meta property=\"og:url\" content=\"https:\/\/guneytrans.com\/en\/buyuk-projelerimiz\/\" \/>\n<meta property=\"og:site_name\" content=\"G\u00dcNEY TRANS\" \/>\n<meta property=\"article:modified_time\" content=\"2026-03-02T20:17:39+00:00\" \/>\n<meta name=\"twitter:card\" content=\"summary_large_image\" \/>\n<meta name=\"twitter:label1\" content=\"Est. reading time\" \/>\n\t<meta name=\"twitter:data1\" content=\"1 minute\" \/>\n<script type=\"application\/ld+json\" class=\"yoast-schema-graph\">{\"@context\":\"https:\\\/\\\/schema.org\",\"@graph\":[{\"@type\":\"WebPage\",\"@id\":\"https:\\\/\\\/guneytrans.com\\\/buyuk-projelerimiz\\\/\",\"url\":\"https:\\\/\\\/guneytrans.com\\\/buyuk-projelerimiz\\\/\",\"name\":\"B\u00fcy\u00fck Projelerimiz - G\u00dcNEY TRANS\",\"isPartOf\":{\"@id\":\"https:\\\/\\\/guneytrans.com\\\/#website\"},\"datePublished\":\"2025-12-23T19:05:12+00:00\",\"dateModified\":\"2026-03-02T20:17:39+00:00\",\"breadcrumb\":{\"@id\":\"https:\\\/\\\/guneytrans.com\\\/buyuk-projelerimiz\\\/#breadcrumb\"},\"inLanguage\":\"en-US\",\"potentialAction\":[{\"@type\":\"ReadAction\",\"target\":[\"https:\\\/\\\/guneytrans.com\\\/buyuk-projelerimiz\\\/\"]}]},{\"@type\":\"BreadcrumbList\",\"@id\":\"https:\\\/\\\/guneytrans.com\\\/buyuk-projelerimiz\\\/#breadcrumb\",\"itemListElement\":[{\"@type\":\"ListItem\",\"position\":1,\"name\":\"Anasayfa\",\"item\":\"https:\\\/\\\/guneytrans.com\\\/\"},{\"@type\":\"ListItem\",\"position\":2,\"name\":\"B\u00fcy\u00fck Projelerimiz\"}]},{\"@type\":\"WebSite\",\"@id\":\"https:\\\/\\\/guneytrans.com\\\/#website\",\"url\":\"https:\\\/\\\/guneytrans.com\\\/\",\"name\":\"G\u00dcNEY TRANS\",\"description\":\"\",\"publisher\":{\"@id\":\"https:\\\/\\\/guneytrans.com\\\/#organization\"},\"potentialAction\":[{\"@type\":\"SearchAction\",\"target\":{\"@type\":\"EntryPoint\",\"urlTemplate\":\"https:\\\/\\\/guneytrans.com\\\/?s={search_term_string}\"},\"query-input\":{\"@type\":\"PropertyValueSpecification\",\"valueRequired\":true,\"valueName\":\"search_term_string\"}}],\"inLanguage\":\"en-US\"},{\"@type\":\"Organization\",\"@id\":\"https:\\\/\\\/guneytrans.com\\\/#organization\",\"name\":\"G\u00dcNEY TRANS\",\"url\":\"https:\\\/\\\/guneytrans.com\\\/\",\"logo\":{\"@type\":\"ImageObject\",\"inLanguage\":\"en-US\",\"@id\":\"https:\\\/\\\/guneytrans.com\\\/#\\\/schema\\\/logo\\\/image\\\/\",\"url\":\"https:\\\/\\\/guneytrans.com\\\/wp-content\\\/uploads\\\/2026\\\/03\\\/guneysansitelogo.webp\",\"contentUrl\":\"https:\\\/\\\/guneytrans.com\\\/wp-content\\\/uploads\\\/2026\\\/03\\\/guneysansitelogo.webp\",\"width\":350,\"height\":100,\"caption\":\"G\u00dcNEY TRANS\"},\"image\":{\"@id\":\"https:\\\/\\\/guneytrans.com\\\/#\\\/schema\\\/logo\\\/image\\\/\"}}]}<\/script>\n<!-- \/ Yoast SEO plugin. -->","yoast_head_json":{"title":"B\u00fcy\u00fck Projelerimiz - G\u00dcNEY TRANS","robots":{"index":"index","follow":"follow","max-snippet":"max-snippet:-1","max-image-preview":"max-image-preview:large","max-video-preview":"max-video-preview:-1"},"canonical":"https:\/\/guneytrans.com\/en\/buyuk-projelerimiz\/","og_locale":"en_US","og_type":"article","og_title":"B\u00fcy\u00fck Projelerimiz - G\u00dcNEY TRANS","og_description":"B\u00fcy\u00fck Projelerimiz B\u00fcy\u00fck \u00f6l\u00e7ekli lojistik projelerimiz, planlama, koordinasyon ve saha y\u00f6netimi alan\u0131ndaki deneyimimizi yans\u0131tmaktad\u0131r. Her proje, s\u00fcrecin t\u00fcm a\u015famalar\u0131nda \u00f6zenle ele al\u0131narak, operasyonel gerekliliklere uygun ve zaman\u0131nda tamamlanmaktad\u0131r. Tamamlad\u0131\u011f\u0131m\u0131z projeler, G\u00fcneyTrans\u2019\u0131n kurumsal yakla\u015f\u0131m\u0131n\u0131n ve s\u00fcrd\u00fcr\u00fclebilir hizmet anlay\u0131\u015f\u0131n\u0131n bir par\u00e7as\u0131d\u0131r. Tos\u00e7elik Boru Osmaniye OSB\u2019den \u00e7\u0131kan borular, ara nakliye ile \u0130skenderun limanlar\u0131na ta\u015f\u0131nm\u0131\u015f; buradan gemiyle Batum Liman\u0131\u2019na [&hellip;]","og_url":"https:\/\/guneytrans.com\/en\/buyuk-projelerimiz\/","og_site_name":"G\u00dcNEY TRANS","article_modified_time":"2026-03-02T20:17:39+00:00","twitter_card":"summary_large_image","twitter_misc":{"Est. reading time":"1 minute"},"schema":{"@context":"https:\/\/schema.org","@graph":[{"@type":"WebPage","@id":"https:\/\/guneytrans.com\/buyuk-projelerimiz\/","url":"https:\/\/guneytrans.com\/buyuk-projelerimiz\/","name":"B\u00fcy\u00fck Projelerimiz - G\u00dcNEY TRANS","isPartOf":{"@id":"https:\/\/guneytrans.com\/#website"},"datePublished":"2025-12-23T19:05:12+00:00","dateModified":"2026-03-02T20:17:39+00:00","breadcrumb":{"@id":"https:\/\/guneytrans.com\/buyuk-projelerimiz\/#breadcrumb"},"inLanguage":"en-US","potentialAction":[{"@type":"ReadAction","target":["https:\/\/guneytrans.com\/buyuk-projelerimiz\/"]}]},{"@type":"BreadcrumbList","@id":"https:\/\/guneytrans.com\/buyuk-projelerimiz\/#breadcrumb","itemListElement":[{"@type":"ListItem","position":1,"name":"Anasayfa","item":"https:\/\/guneytrans.com\/"},{"@type":"ListItem","position":2,"name":"B\u00fcy\u00fck Projelerimiz"}]},{"@type":"WebSite","@id":"https:\/\/guneytrans.com\/#website","url":"https:\/\/guneytrans.com\/","name":"G\u00dcNEY TRANS","description":"","publisher":{"@id":"https:\/\/guneytrans.com\/#organization"},"potentialAction":[{"@type":"SearchAction","target":{"@type":"EntryPoint","urlTemplate":"https:\/\/guneytrans.com\/?s={search_term_string}"},"query-input":{"@type":"PropertyValueSpecification","valueRequired":true,"valueName":"search_term_string"}}],"inLanguage":"en-US"},{"@type":"Organization","@id":"https:\/\/guneytrans.com\/#organization","name":"G\u00dcNEY TRANS","url":"https:\/\/guneytrans.com\/","logo":{"@type":"ImageObject","inLanguage":"en-US","@id":"https:\/\/guneytrans.com\/#\/schema\/logo\/image\/","url":"https:\/\/guneytrans.com\/wp-content\/uploads\/2026\/03\/guneysansitelogo.webp","contentUrl":"https:\/\/guneytrans.com\/wp-content\/uploads\/2026\/03\/guneysansitelogo.webp","width":350,"height":100,"caption":"G\u00dcNEY TRANS"},"image":{"@id":"https:\/\/guneytrans.com\/#\/schema\/logo\/image\/"}}]}},"_links":{"self":[{"href":"https:\/\/guneytrans.com\/en\/wp-json\/wp\/v2\/pages\/401","targetHints":{"allow":["GET"]}}],"collection":[{"href":"https:\/\/guneytrans.com\/en\/wp-json\/wp\/v2\/pages"}],"about":[{"href":"https:\/\/guneytrans.com\/en\/wp-json\/wp\/v2\/types\/page"}],"author":[{"embeddable":true,"href":"https:\/\/guneytrans.com\/en\/wp-json\/wp\/v2\/users\/1"}],"replies":[{"embeddable":true,"href":"https:\/\/guneytrans.com\/en\/wp-json\/wp\/v2\/comments?post=401"}],"version-history":[{"count":31,"href":"https:\/\/guneytrans.com\/en\/wp-json\/wp\/v2\/pages\/401\/revisions"}],"predecessor-version":[{"id":1390,"href":"https:\/\/guneytrans.com\/en\/wp-json\/wp\/v2\/pages\/401\/revisions\/1390"}],"wp:attachment":[{"href":"https:\/\/guneytrans.com\/en\/wp-json\/wp\/v2\/media?parent=401"}],"curies":[{"name":"wp","href":"https:\/\/api.w.org\/{rel}","templated":true}]}}