{"id":433,"date":"2025-12-23T19:35:13","date_gmt":"2025-12-23T19:35:13","guid":{"rendered":"https:\/\/guneytrans.com\/?page_id=433"},"modified":"2026-04-13T21:39:34","modified_gmt":"2026-04-13T21:39:34","slug":"adres","status":"publish","type":"page","link":"https:\/\/guneytrans.com\/en\/adres\/","title":{"rendered":"Adres"},"content":{"rendered":"<div data-elementor-type=\"wp-page\" data-elementor-id=\"433\" class=\"elementor elementor-433\" data-elementor-post-type=\"page\">\n\t\t\t\t<div class=\"elementor-element elementor-element-7a4a7c7a e-flex e-con-boxed e-con e-parent\" data-id=\"7a4a7c7a\" data-element_type=\"container\" data-e-type=\"container\" data-settings=\"{&quot;background_background&quot;:&quot;classic&quot;}\">\n\t\t\t\t\t<div class=\"e-con-inner\">\n\t\t<div class=\"elementor-element elementor-element-5777a43 e-con-full e-flex e-con e-child\" data-id=\"5777a43\" data-element_type=\"container\" data-e-type=\"container\">\n\t\t\t\t<div class=\"elementor-element elementor-element-8ffc5b7 elementor-widget__width-auto elementor-invisible elementor-widget elementor-widget-heading\" data-id=\"8ffc5b7\" data-element_type=\"widget\" data-e-type=\"widget\" data-settings=\"{&quot;_animation&quot;:&quot;fadeInLeft&quot;}\" data-widget_type=\"heading.default\">\n\t\t\t\t\t<h2 class=\"elementor-heading-title elementor-size-default\">Adreslerimiz<\/h2>\t\t\t\t<\/div>\n\t\t\t\t<\/div>\n\t\t\t\t\t<\/div>\n\t\t\t\t<\/div>\n\t\t<div class=\"elementor-element elementor-element-69f1442 e-flex e-con-boxed e-con e-parent\" data-id=\"69f1442\" data-element_type=\"container\" data-e-type=\"container\">\n\t\t\t\t\t<div class=\"e-con-inner\">\n\t\t<div class=\"elementor-element elementor-element-25cbdc8 e-con-full e-flex e-con e-child\" data-id=\"25cbdc8\" data-element_type=\"container\" data-e-type=\"container\">\n\t\t\t\t<div class=\"elementor-element elementor-element-0524cb6 ekit-equal-height-enable elementor-widget elementor-widget-elementskit-icon-box\" data-id=\"0524cb6\" data-element_type=\"widget\" data-e-type=\"widget\" data-widget_type=\"elementskit-icon-box.default\">\n\t\t\t\t\t<div class=\"ekit-wid-con\" >        <!-- link opening -->\n                <a href=\"#\" class=\"ekit_global_links\">\n                <!-- end link opening -->\n\n        <div class=\"elementskit-infobox text-left text-left icon-top-align elementor-animation-\">\n                    <div class=\"elementskit-box-header elementor-animation-\">\n                <div class=\"elementskit-info-box-icon\">\n                    \n                <\/div>\n          <\/div>\n                        <div class=\"box-body\">\n                            <h3 class=\"elementskit-info-box-title\">\n                    Ana Merkez                <\/h3>\n                        \t\t  \t<p>\u00c7etin Eme\u00e7 Bulvar\u0131 \u00d6ve\u00e7ler 4. Cadde, 26. Sokak No: 15 \u00c7ankaya-Ankara-T\u00fcrkiye\n\n\nFax: +90 312 478 53 98 <br>\n\nMail: info@guneytrans.com<\/p>\n                                <\/div>\n        \n        \n                <\/div>\n                <\/a>\n        <\/div>\t\t\t\t<\/div>\n\t\t\t\t<\/div>\n\t\t<div class=\"elementor-element elementor-element-acc651f e-con-full e-flex e-con e-child\" data-id=\"acc651f\" data-element_type=\"container\" data-e-type=\"container\">\n\t\t\t\t<div class=\"elementor-element elementor-element-3edd20e elementor-widget elementor-widget-google_maps\" data-id=\"3edd20e\" data-element_type=\"widget\" data-e-type=\"widget\" data-widget_type=\"google_maps.default\">\n\t\t\t\t\t\t\t<div class=\"elementor-custom-embed\">\n\t\t\t<iframe loading=\"lazy\"\n\t\t\t\t\tsrc=\"https:\/\/maps.google.com\/maps?q=%C3%87etin%20Eme%C3%A7%20Bulvar%C4%B1%20%C3%96ve%C3%A7ler%204.%20Cadde%2C%2026.%20Sokak%20No%3A%201%2F21%20%C3%87ankaya-Ankara-T%C3%BCrkiye&#038;t=m&#038;z=10&#038;output=embed&#038;iwloc=near\"\n\t\t\t\t\ttitle=\"\u00c7etin Eme\u00e7 Bulvar\u0131 \u00d6ve\u00e7ler 4. Cadde, 26. Sokak No: 1\/21 \u00c7ankaya-Ankara-T\u00fcrkiye\"\n\t\t\t\t\taria-label=\"\u00c7etin Eme\u00e7 Bulvar\u0131 \u00d6ve\u00e7ler 4. Cadde, 26. Sokak No: 1\/21 \u00c7ankaya-Ankara-T\u00fcrkiye\"\n\t\t\t><\/iframe>\n\t\t<\/div>\n\t\t\t\t\t\t<\/div>\n\t\t\t\t<\/div>\n\t\t\t\t\t<\/div>\n\t\t\t\t<\/div>\n\t\t<div class=\"elementor-element elementor-element-d0b1419 e-flex e-con-boxed e-con e-parent\" data-id=\"d0b1419\" data-element_type=\"container\" data-e-type=\"container\">\n\t\t\t\t\t<div class=\"e-con-inner\">\n\t\t<div class=\"elementor-element elementor-element-d3cf4a7 e-con-full e-flex e-con e-child\" data-id=\"d3cf4a7\" data-element_type=\"container\" data-e-type=\"container\">\n\t\t\t\t<div class=\"elementor-element elementor-element-d09c935 ekit-equal-height-enable elementor-widget elementor-widget-elementskit-icon-box\" data-id=\"d09c935\" data-element_type=\"widget\" data-e-type=\"widget\" data-widget_type=\"elementskit-icon-box.default\">\n\t\t\t\t\t<div class=\"ekit-wid-con\" >        <!-- link opening -->\n                <a href=\"#\" class=\"ekit_global_links\">\n                <!-- end link opening -->\n\n        <div class=\"elementskit-infobox text-left text-left icon-top-align elementor-animation-\">\n                    <div class=\"elementskit-box-header elementor-animation-\">\n                <div class=\"elementskit-info-box-icon\">\n                    \n                <\/div>\n          <\/div>\n                        <div class=\"box-body\">\n                            <h3 class=\"elementskit-info-box-title\">\n                    \u0130skenderun \u015eube                <\/h3>\n                        \t\t  \t<p>G\u00fczel\u00e7ay 2251. Cadde No: 4<br>\nAk\u00e7ay \u2013 \u0130skenderun \u2013 T\u00fcrkiye<br>\nTel: 0 532 308 22 76<br>\nMail: guneytrans@guneytrans.com<\/p>\n                                <\/div>\n        \n        \n                <\/div>\n                <\/a>\n        <\/div>\t\t\t\t<\/div>\n\t\t\t\t<\/div>\n\t\t<div class=\"elementor-element elementor-element-24ca858 e-con-full e-flex e-con e-child\" data-id=\"24ca858\" data-element_type=\"container\" data-e-type=\"container\">\n\t\t\t\t<div class=\"elementor-element elementor-element-228ca37 elementor-widget elementor-widget-google_maps\" data-id=\"228ca37\" data-element_type=\"widget\" data-e-type=\"widget\" data-widget_type=\"google_maps.default\">\n\t\t\t\t\t\t\t<div class=\"elementor-custom-embed\">\n\t\t\t<iframe loading=\"lazy\"\n\t\t\t\t\tsrc=\"https:\/\/maps.google.com\/maps?q=G%C3%BCzel%C3%A7ay%202251.%20Cadde%20No%3A%204%20Ak%C3%A7ay%20%E2%80%93%20%C4%B0skenderun%20%E2%80%93%20T%C3%BCrkiye&#038;t=m&#038;z=10&#038;output=embed&#038;iwloc=near\"\n\t\t\t\t\ttitle=\"G\u00fczel\u00e7ay 2251. Cadde No: 4 Ak\u00e7ay \u2013 \u0130skenderun \u2013 T\u00fcrkiye\"\n\t\t\t\t\taria-label=\"G\u00fczel\u00e7ay 2251. Cadde No: 4 Ak\u00e7ay \u2013 \u0130skenderun \u2013 T\u00fcrkiye\"\n\t\t\t><\/iframe>\n\t\t<\/div>\n\t\t\t\t\t\t<\/div>\n\t\t\t\t<\/div>\n\t\t\t\t\t<\/div>\n\t\t\t\t<\/div>\n\t\t<div class=\"elementor-element elementor-element-266e481 e-flex e-con-boxed e-con e-parent\" data-id=\"266e481\" data-element_type=\"container\" data-e-type=\"container\">\n\t\t\t\t\t<div class=\"e-con-inner\">\n\t\t<div class=\"elementor-element elementor-element-034d694 e-con-full e-flex e-con e-child\" data-id=\"034d694\" data-element_type=\"container\" data-e-type=\"container\">\n\t\t\t\t<div class=\"elementor-element elementor-element-e4c3866 ekit-equal-height-enable elementor-widget elementor-widget-elementskit-icon-box\" data-id=\"e4c3866\" data-element_type=\"widget\" data-e-type=\"widget\" data-widget_type=\"elementskit-icon-box.default\">\n\t\t\t\t\t<div class=\"ekit-wid-con\" >        <!-- link opening -->\n                <a href=\"#\" class=\"ekit_global_links\">\n                <!-- end link opening -->\n\n        <div class=\"elementskit-infobox text-left text-left icon-top-align elementor-animation-\">\n                    <div class=\"elementskit-box-header elementor-animation-\">\n                <div class=\"elementskit-info-box-icon\">\n                    \n                <\/div>\n          <\/div>\n                        <div class=\"box-body\">\n                            <h3 class=\"elementskit-info-box-title\">\n                    Azerbaycan \u015eube: Bak\u00fc                <\/h3>\n                        \t\t  \t<p>Aral Plaza, 5-ci m\u0259rt\u0259b\u0259<br>Atat\u00fcrk prospekti 118A, Bak\u0131 AZ1069<br>\nTel: +994 50 532 35 00<br>\nTel: +994 50 888 89 50<br>\nMail: hasan.albayrak@guneytrans.com<\/p>\n                                <\/div>\n        \n        \n                <\/div>\n                <\/a>\n        <\/div>\t\t\t\t<\/div>\n\t\t\t\t<\/div>\n\t\t<div class=\"elementor-element elementor-element-7eaaa59 e-con-full e-flex e-con e-child\" data-id=\"7eaaa59\" data-element_type=\"container\" data-e-type=\"container\">\n\t\t\t\t<div class=\"elementor-element elementor-element-6b96022 elementor-widget elementor-widget-google_maps\" data-id=\"6b96022\" data-element_type=\"widget\" data-e-type=\"widget\" data-widget_type=\"google_maps.default\">\n\t\t\t\t\t\t\t<div class=\"elementor-custom-embed\">\n\t\t\t<iframe loading=\"lazy\"\n\t\t\t\t\tsrc=\"https:\/\/maps.google.com\/maps?q=Aral%20Plaza%2C%205-ci%20m%C9%99rt%C9%99b%C9%99%2C%20Atat%C3%BCrk%20prospekti%20118A%2C%20Bak%C4%B1%20AZ1069&#038;t=m&#038;z=10&#038;output=embed&#038;iwloc=near\"\n\t\t\t\t\ttitle=\"Aral Plaza, 5-ci m\u0259rt\u0259b\u0259, Atat\u00fcrk prospekti 118A, Bak\u0131 AZ1069\"\n\t\t\t\t\taria-label=\"Aral Plaza, 5-ci m\u0259rt\u0259b\u0259, Atat\u00fcrk prospekti 118A, Bak\u0131 AZ1069\"\n\t\t\t><\/iframe>\n\t\t<\/div>\n\t\t\t\t\t\t<\/div>\n\t\t\t\t<\/div>\n\t\t\t\t\t<\/div>\n\t\t\t\t<\/div>\n\t\t<div class=\"elementor-element elementor-element-75ee7b1 e-flex e-con-boxed e-con e-parent\" data-id=\"75ee7b1\" data-element_type=\"container\" data-e-type=\"container\">\n\t\t\t\t\t<div class=\"e-con-inner\">\n\t\t<div class=\"elementor-element elementor-element-f79e3f5 e-con-full e-flex e-con e-child\" data-id=\"f79e3f5\" data-element_type=\"container\" data-e-type=\"container\">\n\t\t\t\t<div class=\"elementor-element elementor-element-f29d39f ekit-equal-height-enable elementor-widget elementor-widget-elementskit-icon-box\" data-id=\"f29d39f\" data-element_type=\"widget\" data-e-type=\"widget\" data-widget_type=\"elementskit-icon-box.default\">\n\t\t\t\t\t<div class=\"ekit-wid-con\" >        <!-- link opening -->\n                <a href=\"#\" class=\"ekit_global_links\">\n                <!-- end link opening -->\n\n        <div class=\"elementskit-infobox text-left text-left icon-top-align elementor-animation-\">\n                    <div class=\"elementskit-box-header elementor-animation-\">\n                <div class=\"elementskit-info-box-icon\">\n                    \n                <\/div>\n          <\/div>\n                        <div class=\"box-body\">\n                            <h3 class=\"elementskit-info-box-title\">\n                    T\u00fcrkmenistan \u015eube: A\u015fkabat                <\/h3>\n                        \t\t  \t<p>K\u00f6petdag etraby, 1946 (Ankara) K\u00f6\u00e7e<br>21\nTel: +993 629 63029<br>\nMail: guneytrans.tm@gmail.com<\/p>\n                                <\/div>\n        \n        \n                <\/div>\n                <\/a>\n        <\/div>\t\t\t\t<\/div>\n\t\t\t\t<\/div>\n\t\t<div class=\"elementor-element elementor-element-4aa474a e-con-full e-flex e-con e-child\" data-id=\"4aa474a\" data-element_type=\"container\" data-e-type=\"container\">\n\t\t\t\t<div class=\"elementor-element elementor-element-52bfb37 elementor-widget elementor-widget-google_maps\" data-id=\"52bfb37\" data-element_type=\"widget\" data-e-type=\"widget\" data-widget_type=\"google_maps.default\">\n\t\t\t\t\t\t\t<div class=\"elementor-custom-embed\">\n\t\t\t<iframe loading=\"lazy\"\n\t\t\t\t\tsrc=\"https:\/\/maps.google.com\/maps?q=A%C5%9Fgabat%20%C5%9F%C3%A4heri%2C%20K%C3%B6petdag%20etraby%2C%201946%20%28Ankara%29%20k%C3%B6%C3%A7e%2C%2021&#038;t=m&#038;z=10&#038;output=embed&#038;iwloc=near\"\n\t\t\t\t\ttitle=\"A\u015fgabat \u015f\u00e4heri, K\u00f6petdag etraby, 1946 (Ankara) k\u00f6\u00e7e, 21\"\n\t\t\t\t\taria-label=\"A\u015fgabat \u015f\u00e4heri, K\u00f6petdag etraby, 1946 (Ankara) k\u00f6\u00e7e, 21\"\n\t\t\t><\/iframe>\n\t\t<\/div>\n\t\t\t\t\t\t<\/div>\n\t\t\t\t<\/div>\n\t\t\t\t\t<\/div>\n\t\t\t\t<\/div>\n\t\t\t\t<\/div>","protected":false},"excerpt":{"rendered":"<p>Adreslerimiz Ana Merkez \u00c7etin Eme\u00e7 Bulvar\u0131 \u00d6ve\u00e7ler 4. Cadde, 26. Sokak No: 15 \u00c7ankaya-Ankara-T\u00fcrkiye Fax: +90 312 478 53 98 Mail: info@guneytrans.com \u0130skenderun \u015eube G\u00fczel\u00e7ay 2251. Cadde No: 4 Ak\u00e7ay \u2013 \u0130skenderun \u2013 T\u00fcrkiye Tel: 0 532 308 22 76 Mail: guneytrans@guneytrans.com Azerbaycan \u015eube: Bak\u00fc Aral Plaza, 5-ci m\u0259rt\u0259b\u0259Atat\u00fcrk prospekti 118A, Bak\u0131 AZ1069 Tel: +994 [&hellip;]<\/p>\n","protected":false},"author":1,"featured_media":0,"parent":0,"menu_order":0,"comment_status":"closed","ping_status":"closed","template":"elementor_header_footer","meta":{"footnotes":""},"class_list":["post-433","page","type-page","status-publish","hentry"],"yoast_head":"<!-- This site is optimized with the Yoast SEO plugin v27.4 - https:\/\/yoast.com\/product\/yoast-seo-wordpress\/ -->\n<title>Adres - G\u00dcNEY TRANS<\/title>\n<meta name=\"robots\" content=\"index, follow, max-snippet:-1, max-image-preview:large, max-video-preview:-1\" \/>\n<link rel=\"canonical\" href=\"https:\/\/guneytrans.com\/en\/adres\/\" \/>\n<meta property=\"og:locale\" content=\"en_US\" \/>\n<meta property=\"og:type\" content=\"article\" \/>\n<meta property=\"og:title\" content=\"Adres - G\u00dcNEY TRANS\" \/>\n<meta property=\"og:description\" content=\"Adreslerimiz Ana Merkez \u00c7etin Eme\u00e7 Bulvar\u0131 \u00d6ve\u00e7ler 4. Cadde, 26. Sokak No: 15 \u00c7ankaya-Ankara-T\u00fcrkiye Fax: +90 312 478 53 98 Mail: info@guneytrans.com \u0130skenderun \u015eube G\u00fczel\u00e7ay 2251. Cadde No: 4 Ak\u00e7ay \u2013 \u0130skenderun \u2013 T\u00fcrkiye Tel: 0 532 308 22 76 Mail: guneytrans@guneytrans.com Azerbaycan \u015eube: Bak\u00fc Aral Plaza, 5-ci m\u0259rt\u0259b\u0259Atat\u00fcrk prospekti 118A, Bak\u0131 AZ1069 Tel: +994 [&hellip;]\" \/>\n<meta property=\"og:url\" content=\"https:\/\/guneytrans.com\/en\/adres\/\" \/>\n<meta property=\"og:site_name\" content=\"G\u00dcNEY TRANS\" \/>\n<meta property=\"article:modified_time\" content=\"2026-04-13T21:39:34+00:00\" \/>\n<meta name=\"twitter:card\" content=\"summary_large_image\" \/>\n<meta name=\"twitter:label1\" content=\"Est. reading time\" \/>\n\t<meta name=\"twitter:data1\" content=\"1 minute\" \/>\n<script type=\"application\/ld+json\" class=\"yoast-schema-graph\">{\"@context\":\"https:\\\/\\\/schema.org\",\"@graph\":[{\"@type\":\"WebPage\",\"@id\":\"https:\\\/\\\/guneytrans.com\\\/adres\\\/\",\"url\":\"https:\\\/\\\/guneytrans.com\\\/adres\\\/\",\"name\":\"Adres - G\u00dcNEY TRANS\",\"isPartOf\":{\"@id\":\"https:\\\/\\\/guneytrans.com\\\/#website\"},\"datePublished\":\"2025-12-23T19:35:13+00:00\",\"dateModified\":\"2026-04-13T21:39:34+00:00\",\"breadcrumb\":{\"@id\":\"https:\\\/\\\/guneytrans.com\\\/adres\\\/#breadcrumb\"},\"inLanguage\":\"en-US\",\"potentialAction\":[{\"@type\":\"ReadAction\",\"target\":[\"https:\\\/\\\/guneytrans.com\\\/adres\\\/\"]}]},{\"@type\":\"BreadcrumbList\",\"@id\":\"https:\\\/\\\/guneytrans.com\\\/adres\\\/#breadcrumb\",\"itemListElement\":[{\"@type\":\"ListItem\",\"position\":1,\"name\":\"Anasayfa\",\"item\":\"https:\\\/\\\/guneytrans.com\\\/\"},{\"@type\":\"ListItem\",\"position\":2,\"name\":\"Adres\"}]},{\"@type\":\"WebSite\",\"@id\":\"https:\\\/\\\/guneytrans.com\\\/#website\",\"url\":\"https:\\\/\\\/guneytrans.com\\\/\",\"name\":\"G\u00dcNEY TRANS\",\"description\":\"\",\"publisher\":{\"@id\":\"https:\\\/\\\/guneytrans.com\\\/#organization\"},\"potentialAction\":[{\"@type\":\"SearchAction\",\"target\":{\"@type\":\"EntryPoint\",\"urlTemplate\":\"https:\\\/\\\/guneytrans.com\\\/?s={search_term_string}\"},\"query-input\":{\"@type\":\"PropertyValueSpecification\",\"valueRequired\":true,\"valueName\":\"search_term_string\"}}],\"inLanguage\":\"en-US\"},{\"@type\":\"Organization\",\"@id\":\"https:\\\/\\\/guneytrans.com\\\/#organization\",\"name\":\"G\u00dcNEY TRANS\",\"url\":\"https:\\\/\\\/guneytrans.com\\\/\",\"logo\":{\"@type\":\"ImageObject\",\"inLanguage\":\"en-US\",\"@id\":\"https:\\\/\\\/guneytrans.com\\\/#\\\/schema\\\/logo\\\/image\\\/\",\"url\":\"https:\\\/\\\/guneytrans.com\\\/wp-content\\\/uploads\\\/2026\\\/03\\\/guneysansitelogo.webp\",\"contentUrl\":\"https:\\\/\\\/guneytrans.com\\\/wp-content\\\/uploads\\\/2026\\\/03\\\/guneysansitelogo.webp\",\"width\":350,\"height\":100,\"caption\":\"G\u00dcNEY TRANS\"},\"image\":{\"@id\":\"https:\\\/\\\/guneytrans.com\\\/#\\\/schema\\\/logo\\\/image\\\/\"}}]}<\/script>\n<!-- \/ Yoast SEO plugin. -->","yoast_head_json":{"title":"Adres - G\u00dcNEY TRANS","robots":{"index":"index","follow":"follow","max-snippet":"max-snippet:-1","max-image-preview":"max-image-preview:large","max-video-preview":"max-video-preview:-1"},"canonical":"https:\/\/guneytrans.com\/en\/adres\/","og_locale":"en_US","og_type":"article","og_title":"Adres - G\u00dcNEY TRANS","og_description":"Adreslerimiz Ana Merkez \u00c7etin Eme\u00e7 Bulvar\u0131 \u00d6ve\u00e7ler 4. Cadde, 26. Sokak No: 15 \u00c7ankaya-Ankara-T\u00fcrkiye Fax: +90 312 478 53 98 Mail: info@guneytrans.com \u0130skenderun \u015eube G\u00fczel\u00e7ay 2251. Cadde No: 4 Ak\u00e7ay \u2013 \u0130skenderun \u2013 T\u00fcrkiye Tel: 0 532 308 22 76 Mail: guneytrans@guneytrans.com Azerbaycan \u015eube: Bak\u00fc Aral Plaza, 5-ci m\u0259rt\u0259b\u0259Atat\u00fcrk prospekti 118A, Bak\u0131 AZ1069 Tel: +994 [&hellip;]","og_url":"https:\/\/guneytrans.com\/en\/adres\/","og_site_name":"G\u00dcNEY TRANS","article_modified_time":"2026-04-13T21:39:34+00:00","twitter_card":"summary_large_image","twitter_misc":{"Est. reading time":"1 minute"},"schema":{"@context":"https:\/\/schema.org","@graph":[{"@type":"WebPage","@id":"https:\/\/guneytrans.com\/adres\/","url":"https:\/\/guneytrans.com\/adres\/","name":"Adres - G\u00dcNEY TRANS","isPartOf":{"@id":"https:\/\/guneytrans.com\/#website"},"datePublished":"2025-12-23T19:35:13+00:00","dateModified":"2026-04-13T21:39:34+00:00","breadcrumb":{"@id":"https:\/\/guneytrans.com\/adres\/#breadcrumb"},"inLanguage":"en-US","potentialAction":[{"@type":"ReadAction","target":["https:\/\/guneytrans.com\/adres\/"]}]},{"@type":"BreadcrumbList","@id":"https:\/\/guneytrans.com\/adres\/#breadcrumb","itemListElement":[{"@type":"ListItem","position":1,"name":"Anasayfa","item":"https:\/\/guneytrans.com\/"},{"@type":"ListItem","position":2,"name":"Adres"}]},{"@type":"WebSite","@id":"https:\/\/guneytrans.com\/#website","url":"https:\/\/guneytrans.com\/","name":"G\u00dcNEY TRANS","description":"","publisher":{"@id":"https:\/\/guneytrans.com\/#organization"},"potentialAction":[{"@type":"SearchAction","target":{"@type":"EntryPoint","urlTemplate":"https:\/\/guneytrans.com\/?s={search_term_string}"},"query-input":{"@type":"PropertyValueSpecification","valueRequired":true,"valueName":"search_term_string"}}],"inLanguage":"en-US"},{"@type":"Organization","@id":"https:\/\/guneytrans.com\/#organization","name":"G\u00dcNEY TRANS","url":"https:\/\/guneytrans.com\/","logo":{"@type":"ImageObject","inLanguage":"en-US","@id":"https:\/\/guneytrans.com\/#\/schema\/logo\/image\/","url":"https:\/\/guneytrans.com\/wp-content\/uploads\/2026\/03\/guneysansitelogo.webp","contentUrl":"https:\/\/guneytrans.com\/wp-content\/uploads\/2026\/03\/guneysansitelogo.webp","width":350,"height":100,"caption":"G\u00dcNEY TRANS"},"image":{"@id":"https:\/\/guneytrans.com\/#\/schema\/logo\/image\/"}}]}},"_links":{"self":[{"href":"https:\/\/guneytrans.com\/en\/wp-json\/wp\/v2\/pages\/433","targetHints":{"allow":["GET"]}}],"collection":[{"href":"https:\/\/guneytrans.com\/en\/wp-json\/wp\/v2\/pages"}],"about":[{"href":"https:\/\/guneytrans.com\/en\/wp-json\/wp\/v2\/types\/page"}],"author":[{"embeddable":true,"href":"https:\/\/guneytrans.com\/en\/wp-json\/wp\/v2\/users\/1"}],"replies":[{"embeddable":true,"href":"https:\/\/guneytrans.com\/en\/wp-json\/wp\/v2\/comments?post=433"}],"version-history":[{"count":31,"href":"https:\/\/guneytrans.com\/en\/wp-json\/wp\/v2\/pages\/433\/revisions"}],"predecessor-version":[{"id":1426,"href":"https:\/\/guneytrans.com\/en\/wp-json\/wp\/v2\/pages\/433\/revisions\/1426"}],"wp:attachment":[{"href":"https:\/\/guneytrans.com\/en\/wp-json\/wp\/v2\/media?parent=433"}],"curies":[{"name":"wp","href":"https:\/\/api.w.org\/{rel}","templated":true}]}}