{"id":859,"date":"2026-01-12T22:38:00","date_gmt":"2026-01-12T22:38:00","guid":{"rendered":"https:\/\/guneytrans.com\/?page_id=859"},"modified":"2026-02-25T22:35:46","modified_gmt":"2026-02-25T22:35:46","slug":"tunus-dap","status":"publish","type":"page","link":"https:\/\/guneytrans.com\/en\/tunus-dap\/","title":{"rendered":"Tunus Dap"},"content":{"rendered":"<div data-elementor-type=\"wp-page\" data-elementor-id=\"859\" class=\"elementor elementor-859\" data-elementor-post-type=\"page\">\n\t\t\t\t<div class=\"elementor-element elementor-element-7e5f1cae e-flex e-con-boxed e-con e-parent\" data-id=\"7e5f1cae\" data-element_type=\"container\" data-e-type=\"container\" data-settings=\"{&quot;background_background&quot;:&quot;classic&quot;}\">\n\t\t\t\t\t<div class=\"e-con-inner\">\n\t\t<div class=\"elementor-element elementor-element-2b9ad50c e-con-full e-flex e-con e-child\" data-id=\"2b9ad50c\" data-element_type=\"container\" data-e-type=\"container\">\n\t\t\t\t<div class=\"elementor-element elementor-element-664bba2a elementor-widget__width-auto elementor-invisible elementor-widget elementor-widget-heading\" data-id=\"664bba2a\" data-element_type=\"widget\" data-e-type=\"widget\" data-settings=\"{&quot;_animation&quot;:&quot;fadeInLeft&quot;}\" data-widget_type=\"heading.default\">\n\t\t\t\t\t<h2 class=\"elementor-heading-title elementor-size-default\">TUNUS DAP<br>(TUNUS - \u0130SKENDERUN)<\/h2>\t\t\t\t<\/div>\n\t\t\t\t<\/div>\n\t\t\t\t\t<\/div>\n\t\t\t\t<\/div>\n\t\t<div class=\"elementor-element elementor-element-36ba56ac e-flex e-con-boxed e-con e-parent\" data-id=\"36ba56ac\" data-element_type=\"container\" data-e-type=\"container\" data-settings=\"{&quot;background_background&quot;:&quot;classic&quot;}\">\n\t\t\t\t\t<div class=\"e-con-inner\">\n\t\t<div class=\"elementor-element elementor-element-3e5c6df6 e-con-full e-flex e-con e-child\" data-id=\"3e5c6df6\" data-element_type=\"container\" data-e-type=\"container\">\n\t\t\t\t<div class=\"elementor-element elementor-element-372b3e68 elementor-widget__width-initial elementor-absolute elementor-invisible elementor-widget elementor-widget-image\" data-id=\"372b3e68\" data-element_type=\"widget\" data-e-type=\"widget\" data-settings=\"{&quot;_position&quot;:&quot;absolute&quot;,&quot;_animation&quot;:&quot;fadeInUp&quot;}\" data-widget_type=\"image.default\">\n\t\t\t\t\t\t\t\t\t\t\t\t\t\t\t<img fetchpriority=\"high\" decoding=\"async\" width=\"1280\" height=\"720\" src=\"https:\/\/guneytrans.com\/wp-content\/uploads\/2026\/01\/WhatsApp-Image-2026-01-08-at-11.51.11-3.webp\" class=\"attachment-full size-full wp-image-862\" alt=\"\" srcset=\"https:\/\/guneytrans.com\/wp-content\/uploads\/2026\/01\/WhatsApp-Image-2026-01-08-at-11.51.11-3.webp 1280w, https:\/\/guneytrans.com\/wp-content\/uploads\/2026\/01\/WhatsApp-Image-2026-01-08-at-11.51.11-3-300x169.webp 300w, https:\/\/guneytrans.com\/wp-content\/uploads\/2026\/01\/WhatsApp-Image-2026-01-08-at-11.51.11-3-1024x576.jpeg 1024w, https:\/\/guneytrans.com\/wp-content\/uploads\/2026\/01\/WhatsApp-Image-2026-01-08-at-11.51.11-3-768x432.jpeg 768w\" sizes=\"(max-width: 1280px) 100vw, 1280px\" \/>\t\t\t\t\t\t\t\t\t\t\t\t\t\t\t<\/div>\n\t\t\t\t<div class=\"elementor-element elementor-element-1b896d9e elementor-invisible elementor-widget elementor-widget-image\" data-id=\"1b896d9e\" data-element_type=\"widget\" data-e-type=\"widget\" data-settings=\"{&quot;_animation&quot;:&quot;fadeInLeft&quot;}\" data-widget_type=\"image.default\">\n\t\t\t\t\t\t\t\t\t\t\t\t\t\t\t<img decoding=\"async\" width=\"720\" height=\"1280\" src=\"https:\/\/guneytrans.com\/wp-content\/uploads\/2026\/01\/WhatsApp-Image-2026-01-08-at-11.51.11-2.jpeg\" class=\"attachment-full size-full wp-image-861\" alt=\"\" srcset=\"https:\/\/guneytrans.com\/wp-content\/uploads\/2026\/01\/WhatsApp-Image-2026-01-08-at-11.51.11-2.jpeg 720w, https:\/\/guneytrans.com\/wp-content\/uploads\/2026\/01\/WhatsApp-Image-2026-01-08-at-11.51.11-2-169x300.jpeg 169w, https:\/\/guneytrans.com\/wp-content\/uploads\/2026\/01\/WhatsApp-Image-2026-01-08-at-11.51.11-2-576x1024.jpeg 576w\" sizes=\"(max-width: 720px) 100vw, 720px\" \/>\t\t\t\t\t\t\t\t\t\t\t\t\t\t\t<\/div>\n\t\t\t\t<\/div>\n\t\t<div class=\"elementor-element elementor-element-781e2856 e-con-full e-flex e-con e-child\" data-id=\"781e2856\" data-element_type=\"container\" data-e-type=\"container\">\n\t\t\t\t<div class=\"elementor-element elementor-element-21b5c2d4 elementor-invisible elementor-widget elementor-widget-heading\" data-id=\"21b5c2d4\" data-element_type=\"widget\" data-e-type=\"widget\" data-settings=\"{&quot;_animation&quot;:&quot;fadeInUp&quot;}\" data-widget_type=\"heading.default\">\n\t\t\t\t\t<h2 class=\"elementor-heading-title elementor-size-default\">G\u00dcNEYSAN G\u00dcBRE - G\u00dcNEYTRANS<\/h2>\t\t\t\t<\/div>\n\t\t\t\t<div class=\"elementor-element elementor-element-1f56b81c elementor-widget elementor-widget-text-editor\" data-id=\"1f56b81c\" data-element_type=\"widget\" data-e-type=\"widget\" data-widget_type=\"text-editor.default\">\n\t\t\t\t\t\t\t\t\t<p>G\u00fcneysan G\u00fcbre taraf\u0131ndan al\u0131nan Tunus DAP\u2019\u0131; Tunus fabrikas\u0131ndan denizyolu ta\u015f\u0131mas\u0131yla \u0130skenderun\u2019a getirilip, ara nakliye arac\u0131l\u0131\u011f\u0131 ile Firman\u0131n g\u00fcmr\u00fckl\u00fc antreposuna teslim edilmi\u015ftir.<\/p>\t\t\t\t\t\t\t\t<\/div>\n\t\t<div class=\"elementor-element elementor-element-3b46cf41 e-con-full e-flex e-con e-child\" data-id=\"3b46cf41\" data-element_type=\"container\" data-e-type=\"container\">\n\t\t\t\t<div class=\"elementor-element elementor-element-39f3682 elementor-widget elementor-widget-text-editor\" data-id=\"39f3682\" data-element_type=\"widget\" data-e-type=\"widget\" data-widget_type=\"text-editor.default\">\n\t\t\t\t\t\t\t\t\t<p>\u00dcr\u00fcn: Tunus Dap 18-46-0<\/p><p>\u00dcr\u00fcn\u00fcn \u00c7\u0131k\u0131\u015f Yeri: Gabes Liman\u0131 \/ TUNUS<\/p><p>\u00dcr\u00fcn\u00fcn Var\u0131\u015f Yeri: \u0130skenderun \/ T\u00dcRK\u0130YE<\/p><p>Rotalar: Gabes &#8211; \u0130skenderun<\/p><p>Ta\u015f\u0131ma T\u00fcr\u00fc: Denizyolu Ta\u015f\u0131mas\u0131<\/p><p>Miktar \/ Boyut: 10.000 Ton (D\u00f6kme)<\/p><p>Ba\u015flang\u0131\u00e7 Tarihi: Eyl\u00fcl 2024<\/p><p>Biti\u015fi Tarihi: Ekim 2024<\/p>\t\t\t\t\t\t\t\t<\/div>\n\t\t\t\t<\/div>\n\t\t\t\t<\/div>\n\t\t\t\t\t<\/div>\n\t\t\t\t<\/div>\n\t\t<div class=\"elementor-element elementor-element-0fd9d4e e-flex e-con-boxed e-con e-parent\" data-id=\"0fd9d4e\" data-element_type=\"container\" data-e-type=\"container\">\n\t\t\t\t\t<div class=\"e-con-inner\">\n\t\t\t\t<div class=\"elementor-element elementor-element-4d267b0 elementor-widget elementor-widget-gallery\" data-id=\"4d267b0\" data-element_type=\"widget\" data-e-type=\"widget\" data-settings=\"{&quot;aspect_ratio&quot;:&quot;4:3&quot;,&quot;lazyload&quot;:&quot;yes&quot;,&quot;gallery_layout&quot;:&quot;grid&quot;,&quot;columns&quot;:4,&quot;columns_tablet&quot;:2,&quot;columns_mobile&quot;:1,&quot;gap&quot;:{&quot;unit&quot;:&quot;px&quot;,&quot;size&quot;:10,&quot;sizes&quot;:[]},&quot;gap_tablet&quot;:{&quot;unit&quot;:&quot;px&quot;,&quot;size&quot;:10,&quot;sizes&quot;:[]},&quot;gap_mobile&quot;:{&quot;unit&quot;:&quot;px&quot;,&quot;size&quot;:10,&quot;sizes&quot;:[]},&quot;link_to&quot;:&quot;file&quot;,&quot;overlay_background&quot;:&quot;yes&quot;,&quot;content_hover_animation&quot;:&quot;fade-in&quot;}\" data-widget_type=\"gallery.default\">\n\t\t\t\t\t\t\t<div class=\"elementor-gallery__container\">\n\t\t\t\t\t\t\t<a class=\"e-gallery-item elementor-gallery-item elementor-animated-content\" href=\"https:\/\/guneytrans.com\/wp-content\/uploads\/2026\/01\/Tunus-Dap9.webp\" data-elementor-open-lightbox=\"yes\" data-elementor-lightbox-slideshow=\"4d267b0\" data-elementor-lightbox-title=\"Tunus Dap9\" data-e-action-hash=\"#elementor-action%3Aaction%3Dlightbox%26settings%3DeyJpZCI6MTEzMywidXJsIjoiaHR0cHM6XC9cL2d1bmV5dHJhbnMuY29tXC93cC1jb250ZW50XC91cGxvYWRzXC8yMDI2XC8wMVwvVHVudXMtRGFwOS53ZWJwIiwic2xpZGVzaG93IjoiNGQyNjdiMCJ9\">\n\t\t\t\t\t<div class=\"e-gallery-image elementor-gallery-item__image\" data-thumbnail=\"https:\/\/guneytrans.com\/wp-content\/uploads\/2026\/01\/Tunus-Dap9-169x300.webp\" data-width=\"169\" data-height=\"300\" aria-label=\"\" role=\"img\" ><\/div>\n\t\t\t\t\t\t\t\t\t\t\t<div class=\"elementor-gallery-item__overlay\"><\/div>\n\t\t\t\t\t\t\t\t\t\t\t\t\t\t<\/a>\n\t\t\t\t\t\t\t<a class=\"e-gallery-item elementor-gallery-item elementor-animated-content\" href=\"https:\/\/guneytrans.com\/wp-content\/uploads\/2026\/01\/Tunus-Dap8.webp\" data-elementor-open-lightbox=\"yes\" data-elementor-lightbox-slideshow=\"4d267b0\" data-elementor-lightbox-title=\"Tunus Dap8\" data-e-action-hash=\"#elementor-action%3Aaction%3Dlightbox%26settings%3DeyJpZCI6MTEzNCwidXJsIjoiaHR0cHM6XC9cL2d1bmV5dHJhbnMuY29tXC93cC1jb250ZW50XC91cGxvYWRzXC8yMDI2XC8wMVwvVHVudXMtRGFwOC53ZWJwIiwic2xpZGVzaG93IjoiNGQyNjdiMCJ9\">\n\t\t\t\t\t<div class=\"e-gallery-image elementor-gallery-item__image\" data-thumbnail=\"https:\/\/guneytrans.com\/wp-content\/uploads\/2026\/01\/Tunus-Dap8-300x169.webp\" data-width=\"300\" data-height=\"169\" aria-label=\"\" role=\"img\" ><\/div>\n\t\t\t\t\t\t\t\t\t\t\t<div class=\"elementor-gallery-item__overlay\"><\/div>\n\t\t\t\t\t\t\t\t\t\t\t\t\t\t<\/a>\n\t\t\t\t\t\t\t<a class=\"e-gallery-item elementor-gallery-item elementor-animated-content\" href=\"https:\/\/guneytrans.com\/wp-content\/uploads\/2026\/01\/Tunus-Dap7.webp\" data-elementor-open-lightbox=\"yes\" data-elementor-lightbox-slideshow=\"4d267b0\" data-elementor-lightbox-title=\"Tunus Dap7\" data-e-action-hash=\"#elementor-action%3Aaction%3Dlightbox%26settings%3DeyJpZCI6MTEzNSwidXJsIjoiaHR0cHM6XC9cL2d1bmV5dHJhbnMuY29tXC93cC1jb250ZW50XC91cGxvYWRzXC8yMDI2XC8wMVwvVHVudXMtRGFwNy53ZWJwIiwic2xpZGVzaG93IjoiNGQyNjdiMCJ9\">\n\t\t\t\t\t<div class=\"e-gallery-image elementor-gallery-item__image\" data-thumbnail=\"https:\/\/guneytrans.com\/wp-content\/uploads\/2026\/01\/Tunus-Dap7-169x300.webp\" data-width=\"169\" data-height=\"300\" aria-label=\"\" role=\"img\" ><\/div>\n\t\t\t\t\t\t\t\t\t\t\t<div class=\"elementor-gallery-item__overlay\"><\/div>\n\t\t\t\t\t\t\t\t\t\t\t\t\t\t<\/a>\n\t\t\t\t\t\t\t<a class=\"e-gallery-item elementor-gallery-item elementor-animated-content\" href=\"https:\/\/guneytrans.com\/wp-content\/uploads\/2026\/01\/Tunus-Dap6.webp\" data-elementor-open-lightbox=\"yes\" data-elementor-lightbox-slideshow=\"4d267b0\" data-elementor-lightbox-title=\"Tunus Dap6\" data-e-action-hash=\"#elementor-action%3Aaction%3Dlightbox%26settings%3DeyJpZCI6MTEzNiwidXJsIjoiaHR0cHM6XC9cL2d1bmV5dHJhbnMuY29tXC93cC1jb250ZW50XC91cGxvYWRzXC8yMDI2XC8wMVwvVHVudXMtRGFwNi53ZWJwIiwic2xpZGVzaG93IjoiNGQyNjdiMCJ9\">\n\t\t\t\t\t<div class=\"e-gallery-image elementor-gallery-item__image\" data-thumbnail=\"https:\/\/guneytrans.com\/wp-content\/uploads\/2026\/01\/Tunus-Dap6-169x300.webp\" data-width=\"169\" data-height=\"300\" aria-label=\"\" role=\"img\" ><\/div>\n\t\t\t\t\t\t\t\t\t\t\t<div class=\"elementor-gallery-item__overlay\"><\/div>\n\t\t\t\t\t\t\t\t\t\t\t\t\t\t<\/a>\n\t\t\t\t\t\t\t<a class=\"e-gallery-item elementor-gallery-item elementor-animated-content\" href=\"https:\/\/guneytrans.com\/wp-content\/uploads\/2026\/01\/Tunus-Dap5.webp\" data-elementor-open-lightbox=\"yes\" data-elementor-lightbox-slideshow=\"4d267b0\" data-elementor-lightbox-title=\"Tunus Dap5\" data-e-action-hash=\"#elementor-action%3Aaction%3Dlightbox%26settings%3DeyJpZCI6MTEzNywidXJsIjoiaHR0cHM6XC9cL2d1bmV5dHJhbnMuY29tXC93cC1jb250ZW50XC91cGxvYWRzXC8yMDI2XC8wMVwvVHVudXMtRGFwNS53ZWJwIiwic2xpZGVzaG93IjoiNGQyNjdiMCJ9\">\n\t\t\t\t\t<div class=\"e-gallery-image elementor-gallery-item__image\" data-thumbnail=\"https:\/\/guneytrans.com\/wp-content\/uploads\/2026\/01\/Tunus-Dap5-169x300.webp\" data-width=\"169\" data-height=\"300\" aria-label=\"\" role=\"img\" ><\/div>\n\t\t\t\t\t\t\t\t\t\t\t<div class=\"elementor-gallery-item__overlay\"><\/div>\n\t\t\t\t\t\t\t\t\t\t\t\t\t\t<\/a>\n\t\t\t\t\t\t\t<a class=\"e-gallery-item elementor-gallery-item elementor-animated-content\" href=\"https:\/\/guneytrans.com\/wp-content\/uploads\/2026\/01\/Tunus-Dap4.webp\" data-elementor-open-lightbox=\"yes\" data-elementor-lightbox-slideshow=\"4d267b0\" data-elementor-lightbox-title=\"Tunus Dap4\" data-e-action-hash=\"#elementor-action%3Aaction%3Dlightbox%26settings%3DeyJpZCI6MTEzOCwidXJsIjoiaHR0cHM6XC9cL2d1bmV5dHJhbnMuY29tXC93cC1jb250ZW50XC91cGxvYWRzXC8yMDI2XC8wMVwvVHVudXMtRGFwNC53ZWJwIiwic2xpZGVzaG93IjoiNGQyNjdiMCJ9\">\n\t\t\t\t\t<div class=\"e-gallery-image elementor-gallery-item__image\" data-thumbnail=\"https:\/\/guneytrans.com\/wp-content\/uploads\/2026\/01\/Tunus-Dap4-226x300.webp\" data-width=\"226\" data-height=\"300\" aria-label=\"\" role=\"img\" ><\/div>\n\t\t\t\t\t\t\t\t\t\t\t<div class=\"elementor-gallery-item__overlay\"><\/div>\n\t\t\t\t\t\t\t\t\t\t\t\t\t\t<\/a>\n\t\t\t\t\t\t\t<a class=\"e-gallery-item elementor-gallery-item elementor-animated-content\" href=\"https:\/\/guneytrans.com\/wp-content\/uploads\/2026\/01\/Tunus-Dap3.webp\" data-elementor-open-lightbox=\"yes\" data-elementor-lightbox-slideshow=\"4d267b0\" data-elementor-lightbox-title=\"Tunus Dap3\" data-e-action-hash=\"#elementor-action%3Aaction%3Dlightbox%26settings%3DeyJpZCI6MTEzOSwidXJsIjoiaHR0cHM6XC9cL2d1bmV5dHJhbnMuY29tXC93cC1jb250ZW50XC91cGxvYWRzXC8yMDI2XC8wMVwvVHVudXMtRGFwMy53ZWJwIiwic2xpZGVzaG93IjoiNGQyNjdiMCJ9\">\n\t\t\t\t\t<div class=\"e-gallery-image elementor-gallery-item__image\" data-thumbnail=\"https:\/\/guneytrans.com\/wp-content\/uploads\/2026\/01\/Tunus-Dap3-300x169.webp\" data-width=\"300\" data-height=\"169\" aria-label=\"\" role=\"img\" ><\/div>\n\t\t\t\t\t\t\t\t\t\t\t<div class=\"elementor-gallery-item__overlay\"><\/div>\n\t\t\t\t\t\t\t\t\t\t\t\t\t\t<\/a>\n\t\t\t\t\t\t\t<a class=\"e-gallery-item elementor-gallery-item elementor-animated-content\" href=\"https:\/\/guneytrans.com\/wp-content\/uploads\/2026\/01\/Tunus-Dap2.webp\" data-elementor-open-lightbox=\"yes\" data-elementor-lightbox-slideshow=\"4d267b0\" data-elementor-lightbox-title=\"Tunus Dap2\" data-e-action-hash=\"#elementor-action%3Aaction%3Dlightbox%26settings%3DeyJpZCI6MTE0MCwidXJsIjoiaHR0cHM6XC9cL2d1bmV5dHJhbnMuY29tXC93cC1jb250ZW50XC91cGxvYWRzXC8yMDI2XC8wMVwvVHVudXMtRGFwMi53ZWJwIiwic2xpZGVzaG93IjoiNGQyNjdiMCJ9\">\n\t\t\t\t\t<div class=\"e-gallery-image elementor-gallery-item__image\" data-thumbnail=\"https:\/\/guneytrans.com\/wp-content\/uploads\/2026\/01\/Tunus-Dap2-300x169.webp\" data-width=\"300\" data-height=\"169\" aria-label=\"\" role=\"img\" ><\/div>\n\t\t\t\t\t\t\t\t\t\t\t<div class=\"elementor-gallery-item__overlay\"><\/div>\n\t\t\t\t\t\t\t\t\t\t\t\t\t\t<\/a>\n\t\t\t\t\t\t\t<a class=\"e-gallery-item elementor-gallery-item elementor-animated-content\" href=\"https:\/\/guneytrans.com\/wp-content\/uploads\/2026\/01\/Tunus-Dap1.webp\" data-elementor-open-lightbox=\"yes\" data-elementor-lightbox-slideshow=\"4d267b0\" data-elementor-lightbox-title=\"Tunus Dap1\" data-e-action-hash=\"#elementor-action%3Aaction%3Dlightbox%26settings%3DeyJpZCI6MTE0MSwidXJsIjoiaHR0cHM6XC9cL2d1bmV5dHJhbnMuY29tXC93cC1jb250ZW50XC91cGxvYWRzXC8yMDI2XC8wMVwvVHVudXMtRGFwMS53ZWJwIiwic2xpZGVzaG93IjoiNGQyNjdiMCJ9\">\n\t\t\t\t\t<div class=\"e-gallery-image elementor-gallery-item__image\" data-thumbnail=\"https:\/\/guneytrans.com\/wp-content\/uploads\/2026\/01\/Tunus-Dap1-300x169.webp\" data-width=\"300\" data-height=\"169\" aria-label=\"\" role=\"img\" ><\/div>\n\t\t\t\t\t\t\t\t\t\t\t<div class=\"elementor-gallery-item__overlay\"><\/div>\n\t\t\t\t\t\t\t\t\t\t\t\t\t\t<\/a>\n\t\t\t\t\t<\/div>\n\t\t\t\t\t<\/div>\n\t\t\t\t\t<\/div>\n\t\t\t\t<\/div>\n\t\t\t\t<\/div>","protected":false},"excerpt":{"rendered":"<p>TUNUS DAP(TUNUS &#8211; \u0130SKENDERUN) G\u00dcNEYSAN G\u00dcBRE &#8211; G\u00dcNEYTRANS G\u00fcneysan G\u00fcbre taraf\u0131ndan al\u0131nan Tunus DAP\u2019\u0131; Tunus fabrikas\u0131ndan denizyolu ta\u015f\u0131mas\u0131yla \u0130skenderun\u2019a getirilip, ara nakliye arac\u0131l\u0131\u011f\u0131 ile Firman\u0131n g\u00fcmr\u00fckl\u00fc antreposuna teslim edilmi\u015ftir. \u00dcr\u00fcn: Tunus Dap 18-46-0 \u00dcr\u00fcn\u00fcn \u00c7\u0131k\u0131\u015f Yeri: Gabes Liman\u0131 \/ TUNUS \u00dcr\u00fcn\u00fcn Var\u0131\u015f Yeri: \u0130skenderun \/ T\u00dcRK\u0130YE Rotalar: Gabes &#8211; \u0130skenderun Ta\u015f\u0131ma T\u00fcr\u00fc: Denizyolu Ta\u015f\u0131mas\u0131 Miktar [&hellip;]<\/p>\n","protected":false},"author":1,"featured_media":0,"parent":0,"menu_order":0,"comment_status":"closed","ping_status":"closed","template":"elementor_header_footer","meta":{"footnotes":""},"class_list":["post-859","page","type-page","status-publish","hentry"],"yoast_head":"<!-- This site is optimized with the Yoast SEO plugin v27.4 - https:\/\/yoast.com\/product\/yoast-seo-wordpress\/ -->\n<title>Tunus Dap - G\u00dcNEY TRANS<\/title>\n<meta name=\"robots\" content=\"index, follow, max-snippet:-1, max-image-preview:large, max-video-preview:-1\" \/>\n<link rel=\"canonical\" href=\"https:\/\/guneytrans.com\/en\/tunus-dap\/\" \/>\n<meta property=\"og:locale\" content=\"en_US\" \/>\n<meta property=\"og:type\" content=\"article\" \/>\n<meta property=\"og:title\" content=\"Tunus Dap - G\u00dcNEY TRANS\" \/>\n<meta property=\"og:description\" content=\"TUNUS DAP(TUNUS &#8211; \u0130SKENDERUN) G\u00dcNEYSAN G\u00dcBRE &#8211; G\u00dcNEYTRANS G\u00fcneysan G\u00fcbre taraf\u0131ndan al\u0131nan Tunus DAP\u2019\u0131; Tunus fabrikas\u0131ndan denizyolu ta\u015f\u0131mas\u0131yla \u0130skenderun\u2019a getirilip, ara nakliye arac\u0131l\u0131\u011f\u0131 ile Firman\u0131n g\u00fcmr\u00fckl\u00fc antreposuna teslim edilmi\u015ftir. \u00dcr\u00fcn: Tunus Dap 18-46-0 \u00dcr\u00fcn\u00fcn \u00c7\u0131k\u0131\u015f Yeri: Gabes Liman\u0131 \/ TUNUS \u00dcr\u00fcn\u00fcn Var\u0131\u015f Yeri: \u0130skenderun \/ T\u00dcRK\u0130YE Rotalar: Gabes &#8211; \u0130skenderun Ta\u015f\u0131ma T\u00fcr\u00fc: Denizyolu Ta\u015f\u0131mas\u0131 Miktar [&hellip;]\" \/>\n<meta property=\"og:url\" content=\"https:\/\/guneytrans.com\/en\/tunus-dap\/\" \/>\n<meta property=\"og:site_name\" content=\"G\u00dcNEY TRANS\" \/>\n<meta property=\"article:modified_time\" content=\"2026-02-25T22:35:46+00:00\" \/>\n<meta property=\"og:image\" content=\"https:\/\/guneytrans.com\/wp-content\/uploads\/2026\/01\/WhatsApp-Image-2026-01-08-at-11.51.11-3.webp\" \/>\n\t<meta property=\"og:image:width\" content=\"1280\" \/>\n\t<meta property=\"og:image:height\" content=\"720\" \/>\n\t<meta property=\"og:image:type\" content=\"image\/webp\" \/>\n<meta name=\"twitter:card\" content=\"summary_large_image\" \/>\n<script type=\"application\/ld+json\" class=\"yoast-schema-graph\">{\"@context\":\"https:\\\/\\\/schema.org\",\"@graph\":[{\"@type\":\"WebPage\",\"@id\":\"https:\\\/\\\/guneytrans.com\\\/tunus-dap\\\/\",\"url\":\"https:\\\/\\\/guneytrans.com\\\/tunus-dap\\\/\",\"name\":\"Tunus Dap - G\u00dcNEY TRANS\",\"isPartOf\":{\"@id\":\"https:\\\/\\\/guneytrans.com\\\/#website\"},\"primaryImageOfPage\":{\"@id\":\"https:\\\/\\\/guneytrans.com\\\/tunus-dap\\\/#primaryimage\"},\"image\":{\"@id\":\"https:\\\/\\\/guneytrans.com\\\/tunus-dap\\\/#primaryimage\"},\"thumbnailUrl\":\"https:\\\/\\\/guneytrans.com\\\/wp-content\\\/uploads\\\/2026\\\/01\\\/WhatsApp-Image-2026-01-08-at-11.51.11-3.webp\",\"datePublished\":\"2026-01-12T22:38:00+00:00\",\"dateModified\":\"2026-02-25T22:35:46+00:00\",\"breadcrumb\":{\"@id\":\"https:\\\/\\\/guneytrans.com\\\/tunus-dap\\\/#breadcrumb\"},\"inLanguage\":\"en-US\",\"potentialAction\":[{\"@type\":\"ReadAction\",\"target\":[\"https:\\\/\\\/guneytrans.com\\\/tunus-dap\\\/\"]}]},{\"@type\":\"ImageObject\",\"inLanguage\":\"en-US\",\"@id\":\"https:\\\/\\\/guneytrans.com\\\/tunus-dap\\\/#primaryimage\",\"url\":\"https:\\\/\\\/guneytrans.com\\\/wp-content\\\/uploads\\\/2026\\\/01\\\/WhatsApp-Image-2026-01-08-at-11.51.11-3.webp\",\"contentUrl\":\"https:\\\/\\\/guneytrans.com\\\/wp-content\\\/uploads\\\/2026\\\/01\\\/WhatsApp-Image-2026-01-08-at-11.51.11-3.webp\"},{\"@type\":\"BreadcrumbList\",\"@id\":\"https:\\\/\\\/guneytrans.com\\\/tunus-dap\\\/#breadcrumb\",\"itemListElement\":[{\"@type\":\"ListItem\",\"position\":1,\"name\":\"Anasayfa\",\"item\":\"https:\\\/\\\/guneytrans.com\\\/\"},{\"@type\":\"ListItem\",\"position\":2,\"name\":\"Tunus Dap\"}]},{\"@type\":\"WebSite\",\"@id\":\"https:\\\/\\\/guneytrans.com\\\/#website\",\"url\":\"https:\\\/\\\/guneytrans.com\\\/\",\"name\":\"G\u00dcNEY TRANS\",\"description\":\"\",\"publisher\":{\"@id\":\"https:\\\/\\\/guneytrans.com\\\/#organization\"},\"potentialAction\":[{\"@type\":\"SearchAction\",\"target\":{\"@type\":\"EntryPoint\",\"urlTemplate\":\"https:\\\/\\\/guneytrans.com\\\/?s={search_term_string}\"},\"query-input\":{\"@type\":\"PropertyValueSpecification\",\"valueRequired\":true,\"valueName\":\"search_term_string\"}}],\"inLanguage\":\"en-US\"},{\"@type\":\"Organization\",\"@id\":\"https:\\\/\\\/guneytrans.com\\\/#organization\",\"name\":\"G\u00dcNEY TRANS\",\"url\":\"https:\\\/\\\/guneytrans.com\\\/\",\"logo\":{\"@type\":\"ImageObject\",\"inLanguage\":\"en-US\",\"@id\":\"https:\\\/\\\/guneytrans.com\\\/#\\\/schema\\\/logo\\\/image\\\/\",\"url\":\"https:\\\/\\\/guneytrans.com\\\/wp-content\\\/uploads\\\/2026\\\/03\\\/guneysansitelogo.webp\",\"contentUrl\":\"https:\\\/\\\/guneytrans.com\\\/wp-content\\\/uploads\\\/2026\\\/03\\\/guneysansitelogo.webp\",\"width\":350,\"height\":100,\"caption\":\"G\u00dcNEY TRANS\"},\"image\":{\"@id\":\"https:\\\/\\\/guneytrans.com\\\/#\\\/schema\\\/logo\\\/image\\\/\"}}]}<\/script>\n<!-- \/ Yoast SEO plugin. -->","yoast_head_json":{"title":"Tunus Dap - G\u00dcNEY TRANS","robots":{"index":"index","follow":"follow","max-snippet":"max-snippet:-1","max-image-preview":"max-image-preview:large","max-video-preview":"max-video-preview:-1"},"canonical":"https:\/\/guneytrans.com\/en\/tunus-dap\/","og_locale":"en_US","og_type":"article","og_title":"Tunus Dap - G\u00dcNEY TRANS","og_description":"TUNUS DAP(TUNUS &#8211; \u0130SKENDERUN) G\u00dcNEYSAN G\u00dcBRE &#8211; G\u00dcNEYTRANS G\u00fcneysan G\u00fcbre taraf\u0131ndan al\u0131nan Tunus DAP\u2019\u0131; Tunus fabrikas\u0131ndan denizyolu ta\u015f\u0131mas\u0131yla \u0130skenderun\u2019a getirilip, ara nakliye arac\u0131l\u0131\u011f\u0131 ile Firman\u0131n g\u00fcmr\u00fckl\u00fc antreposuna teslim edilmi\u015ftir. \u00dcr\u00fcn: Tunus Dap 18-46-0 \u00dcr\u00fcn\u00fcn \u00c7\u0131k\u0131\u015f Yeri: Gabes Liman\u0131 \/ TUNUS \u00dcr\u00fcn\u00fcn Var\u0131\u015f Yeri: \u0130skenderun \/ T\u00dcRK\u0130YE Rotalar: Gabes &#8211; \u0130skenderun Ta\u015f\u0131ma T\u00fcr\u00fc: Denizyolu Ta\u015f\u0131mas\u0131 Miktar [&hellip;]","og_url":"https:\/\/guneytrans.com\/en\/tunus-dap\/","og_site_name":"G\u00dcNEY TRANS","article_modified_time":"2026-02-25T22:35:46+00:00","og_image":[{"width":1280,"height":720,"url":"https:\/\/guneytrans.com\/wp-content\/uploads\/2026\/01\/WhatsApp-Image-2026-01-08-at-11.51.11-3.webp","type":"image\/webp"}],"twitter_card":"summary_large_image","schema":{"@context":"https:\/\/schema.org","@graph":[{"@type":"WebPage","@id":"https:\/\/guneytrans.com\/tunus-dap\/","url":"https:\/\/guneytrans.com\/tunus-dap\/","name":"Tunus Dap - G\u00dcNEY TRANS","isPartOf":{"@id":"https:\/\/guneytrans.com\/#website"},"primaryImageOfPage":{"@id":"https:\/\/guneytrans.com\/tunus-dap\/#primaryimage"},"image":{"@id":"https:\/\/guneytrans.com\/tunus-dap\/#primaryimage"},"thumbnailUrl":"https:\/\/guneytrans.com\/wp-content\/uploads\/2026\/01\/WhatsApp-Image-2026-01-08-at-11.51.11-3.webp","datePublished":"2026-01-12T22:38:00+00:00","dateModified":"2026-02-25T22:35:46+00:00","breadcrumb":{"@id":"https:\/\/guneytrans.com\/tunus-dap\/#breadcrumb"},"inLanguage":"en-US","potentialAction":[{"@type":"ReadAction","target":["https:\/\/guneytrans.com\/tunus-dap\/"]}]},{"@type":"ImageObject","inLanguage":"en-US","@id":"https:\/\/guneytrans.com\/tunus-dap\/#primaryimage","url":"https:\/\/guneytrans.com\/wp-content\/uploads\/2026\/01\/WhatsApp-Image-2026-01-08-at-11.51.11-3.webp","contentUrl":"https:\/\/guneytrans.com\/wp-content\/uploads\/2026\/01\/WhatsApp-Image-2026-01-08-at-11.51.11-3.webp"},{"@type":"BreadcrumbList","@id":"https:\/\/guneytrans.com\/tunus-dap\/#breadcrumb","itemListElement":[{"@type":"ListItem","position":1,"name":"Anasayfa","item":"https:\/\/guneytrans.com\/"},{"@type":"ListItem","position":2,"name":"Tunus Dap"}]},{"@type":"WebSite","@id":"https:\/\/guneytrans.com\/#website","url":"https:\/\/guneytrans.com\/","name":"G\u00dcNEY TRANS","description":"","publisher":{"@id":"https:\/\/guneytrans.com\/#organization"},"potentialAction":[{"@type":"SearchAction","target":{"@type":"EntryPoint","urlTemplate":"https:\/\/guneytrans.com\/?s={search_term_string}"},"query-input":{"@type":"PropertyValueSpecification","valueRequired":true,"valueName":"search_term_string"}}],"inLanguage":"en-US"},{"@type":"Organization","@id":"https:\/\/guneytrans.com\/#organization","name":"G\u00dcNEY TRANS","url":"https:\/\/guneytrans.com\/","logo":{"@type":"ImageObject","inLanguage":"en-US","@id":"https:\/\/guneytrans.com\/#\/schema\/logo\/image\/","url":"https:\/\/guneytrans.com\/wp-content\/uploads\/2026\/03\/guneysansitelogo.webp","contentUrl":"https:\/\/guneytrans.com\/wp-content\/uploads\/2026\/03\/guneysansitelogo.webp","width":350,"height":100,"caption":"G\u00dcNEY TRANS"},"image":{"@id":"https:\/\/guneytrans.com\/#\/schema\/logo\/image\/"}}]}},"_links":{"self":[{"href":"https:\/\/guneytrans.com\/en\/wp-json\/wp\/v2\/pages\/859","targetHints":{"allow":["GET"]}}],"collection":[{"href":"https:\/\/guneytrans.com\/en\/wp-json\/wp\/v2\/pages"}],"about":[{"href":"https:\/\/guneytrans.com\/en\/wp-json\/wp\/v2\/types\/page"}],"author":[{"embeddable":true,"href":"https:\/\/guneytrans.com\/en\/wp-json\/wp\/v2\/users\/1"}],"replies":[{"embeddable":true,"href":"https:\/\/guneytrans.com\/en\/wp-json\/wp\/v2\/comments?post=859"}],"version-history":[{"count":12,"href":"https:\/\/guneytrans.com\/en\/wp-json\/wp\/v2\/pages\/859\/revisions"}],"predecessor-version":[{"id":1356,"href":"https:\/\/guneytrans.com\/en\/wp-json\/wp\/v2\/pages\/859\/revisions\/1356"}],"wp:attachment":[{"href":"https:\/\/guneytrans.com\/en\/wp-json\/wp\/v2\/media?parent=859"}],"curies":[{"name":"wp","href":"https:\/\/api.w.org\/{rel}","templated":true}]}}