{"id":866,"date":"2026-01-12T23:21:18","date_gmt":"2026-01-12T23:21:18","guid":{"rendered":"https:\/\/guneytrans.com\/?page_id=866"},"modified":"2026-02-25T22:36:39","modified_gmt":"2026-02-25T22:36:39","slug":"gemikaya-guney-trans","status":"publish","type":"page","link":"https:\/\/guneytrans.com\/en\/gemikaya-guney-trans\/","title":{"rendered":"Gemikaya G\u00fcney Trans"},"content":{"rendered":"<div data-elementor-type=\"wp-page\" data-elementor-id=\"866\" class=\"elementor elementor-866\" data-elementor-post-type=\"page\">\n\t\t\t\t<div class=\"elementor-element elementor-element-7e5f1cae e-flex e-con-boxed e-con e-parent\" data-id=\"7e5f1cae\" data-element_type=\"container\" data-e-type=\"container\" data-settings=\"{&quot;background_background&quot;:&quot;classic&quot;}\">\n\t\t\t\t\t<div class=\"e-con-inner\">\n\t\t<div class=\"elementor-element elementor-element-2b9ad50c e-con-full e-flex e-con e-child\" data-id=\"2b9ad50c\" data-element_type=\"container\" data-e-type=\"container\">\n\t\t\t\t<div class=\"elementor-element elementor-element-664bba2a elementor-widget__width-auto elementor-invisible elementor-widget elementor-widget-heading\" data-id=\"664bba2a\" data-element_type=\"widget\" data-e-type=\"widget\" data-settings=\"{&quot;_animation&quot;:&quot;fadeInLeft&quot;}\" data-widget_type=\"heading.default\">\n\t\t\t\t\t<h2 class=\"elementor-heading-title elementor-size-default\">GEM\u0130KAYA <br>G\u00dcNEYTRANS<\/h2>\t\t\t\t<\/div>\n\t\t\t\t<\/div>\n\t\t\t\t\t<\/div>\n\t\t\t\t<\/div>\n\t\t<div class=\"elementor-element elementor-element-36ba56ac e-flex e-con-boxed e-con e-parent\" data-id=\"36ba56ac\" data-element_type=\"container\" data-e-type=\"container\" data-settings=\"{&quot;background_background&quot;:&quot;classic&quot;}\">\n\t\t\t\t\t<div class=\"e-con-inner\">\n\t\t<div class=\"elementor-element elementor-element-3e5c6df6 e-con-full e-flex e-con e-child\" data-id=\"3e5c6df6\" data-element_type=\"container\" data-e-type=\"container\">\n\t\t\t\t<div class=\"elementor-element elementor-element-ab4abc8 elementor-widget__width-initial elementor-hidden-tablet elementor-hidden-mobile elementor-widget elementor-widget-spacer\" data-id=\"ab4abc8\" data-element_type=\"widget\" data-e-type=\"widget\" data-widget_type=\"spacer.default\">\n\t\t\t\t\t\t\t<div class=\"elementor-spacer\">\n\t\t\t<div class=\"elementor-spacer-inner\"><\/div>\n\t\t<\/div>\n\t\t\t\t\t\t<\/div>\n\t\t\t\t<div class=\"elementor-element elementor-element-2e8a00f elementor-widget elementor-widget-video\" data-id=\"2e8a00f\" data-element_type=\"widget\" data-e-type=\"widget\" data-settings=\"{&quot;video_type&quot;:&quot;hosted&quot;,&quot;autoplay&quot;:&quot;yes&quot;,&quot;play_on_mobile&quot;:&quot;yes&quot;,&quot;mute&quot;:&quot;yes&quot;,&quot;loop&quot;:&quot;yes&quot;}\" data-widget_type=\"video.default\">\n\t\t\t\t\t\t\t<div class=\"e-hosted-video elementor-wrapper elementor-open-inline\">\n\t\t\t\t\t<video class=\"elementor-video\" src=\"https:\/\/guneytrans.com\/wp-content\/uploads\/2026\/01\/guneytrans.mp4\" autoplay=\"\" loop=\"\" muted=\"muted\" playsinline=\"\" controlslist=\"nodownload\"><\/video>\n\t\t\t\t<\/div>\n\t\t\t\t\t\t<\/div>\n\t\t\t\t<\/div>\n\t\t<div class=\"elementor-element elementor-element-781e2856 e-con-full e-flex e-con e-child\" data-id=\"781e2856\" data-element_type=\"container\" data-e-type=\"container\">\n\t\t\t\t<div class=\"elementor-element elementor-element-21b5c2d4 elementor-invisible elementor-widget elementor-widget-heading\" data-id=\"21b5c2d4\" data-element_type=\"widget\" data-e-type=\"widget\" data-settings=\"{&quot;_animation&quot;:&quot;fadeInUp&quot;}\" data-widget_type=\"heading.default\">\n\t\t\t\t\t<h2 class=\"elementor-heading-title elementor-size-default\">GEM\u0130KAYA \u2013 G\u00dcNEYTRANS<\/h2>\t\t\t\t<\/div>\n\t\t\t\t<div class=\"elementor-element elementor-element-1f56b81c elementor-widget elementor-widget-text-editor\" data-id=\"1f56b81c\" data-element_type=\"widget\" data-e-type=\"widget\" data-widget_type=\"text-editor.default\">\n\t\t\t\t\t\t\t\t\t<p>Tarsus fabrikadan Yenice tren istasyonuna ta\u015f\u0131nan borular demiryolu ile \u0130ran \u2013 Nah\u00e7\u0131van s\u0131n\u0131r\u0131 Julfa istasyonuna sevk edilmi\u015ftir. Burada t\u0131rlara aktar\u0131larak Nah\u00e7\u0131vana teslimat yap\u0131lm\u0131\u015ft\u0131r.<\/p>\t\t\t\t\t\t\t\t<\/div>\n\t\t<div class=\"elementor-element elementor-element-3b46cf41 e-con-full e-flex e-con e-child\" data-id=\"3b46cf41\" data-element_type=\"container\" data-e-type=\"container\">\n\t\t\t\t<div class=\"elementor-element elementor-element-39f3682 elementor-widget elementor-widget-text-editor\" data-id=\"39f3682\" data-element_type=\"widget\" data-e-type=\"widget\" data-widget_type=\"text-editor.default\">\n\t\t\t\t\t\t\t\t\t<p>\u00dcr\u00fcn: \u00c7elik Spiral Su Borusu<\/p><p>\u00dcr\u00fcn\u00fcn \u00c7\u0131k\u0131\u015f Yeri: Mersin &#8211; Tarsus \/ T\u00dcRK\u0130YE<\/p><p>\u00dcr\u00fcn\u00fcn Var\u0131\u015f Yeri: Nah\u00e7\u0131van \/ AZERBAYCAN<\/p><p>Rotalar: Tarsus \u2013 Yenice \u2013 Julfa S\u0131n\u0131r &#8211; Nah\u00e7\u0131van<\/p><p>Ta\u015f\u0131ma T\u00fcr\u00fc: Multi-Model (Demiryolu + Karayolu)<\/p><p>Miktar \/ Boyut: 700 Adet (7.000 TON)<\/p><p>Ba\u015flang\u0131\u00e7 Tarihi: Eyl\u00fcl 2022<\/p><p>Biti\u015fi Tarihi: Aral\u0131k 2022<\/p>\t\t\t\t\t\t\t\t<\/div>\n\t\t\t\t<\/div>\n\t\t\t\t<\/div>\n\t\t\t\t\t<\/div>\n\t\t\t\t<\/div>\n\t\t<div class=\"elementor-element elementor-element-4421e06 e-flex e-con-boxed e-con e-parent\" data-id=\"4421e06\" data-element_type=\"container\" data-e-type=\"container\">\n\t\t\t\t\t<div class=\"e-con-inner\">\n\t\t\t\t<div class=\"elementor-element elementor-element-a0a7054 elementor-widget elementor-widget-gallery\" data-id=\"a0a7054\" data-element_type=\"widget\" data-e-type=\"widget\" data-settings=\"{&quot;lazyload&quot;:&quot;yes&quot;,&quot;gallery_layout&quot;:&quot;grid&quot;,&quot;columns&quot;:4,&quot;columns_tablet&quot;:2,&quot;columns_mobile&quot;:1,&quot;gap&quot;:{&quot;unit&quot;:&quot;px&quot;,&quot;size&quot;:10,&quot;sizes&quot;:[]},&quot;gap_tablet&quot;:{&quot;unit&quot;:&quot;px&quot;,&quot;size&quot;:10,&quot;sizes&quot;:[]},&quot;gap_mobile&quot;:{&quot;unit&quot;:&quot;px&quot;,&quot;size&quot;:10,&quot;sizes&quot;:[]},&quot;link_to&quot;:&quot;file&quot;,&quot;aspect_ratio&quot;:&quot;3:2&quot;,&quot;overlay_background&quot;:&quot;yes&quot;,&quot;content_hover_animation&quot;:&quot;fade-in&quot;}\" data-widget_type=\"gallery.default\">\n\t\t\t\t\t\t\t<div class=\"elementor-gallery__container\">\n\t\t\t\t\t\t\t<a class=\"e-gallery-item elementor-gallery-item elementor-animated-content\" href=\"https:\/\/guneytrans.com\/wp-content\/uploads\/2026\/01\/Gemikaya-Boru3-scaled.webp\" data-elementor-open-lightbox=\"yes\" data-elementor-lightbox-slideshow=\"a0a7054\" data-elementor-lightbox-title=\"Gemikaya Boru3\" data-e-action-hash=\"#elementor-action%3Aaction%3Dlightbox%26settings%3DeyJpZCI6MTEyNSwidXJsIjoiaHR0cHM6XC9cL2d1bmV5dHJhbnMuY29tXC93cC1jb250ZW50XC91cGxvYWRzXC8yMDI2XC8wMVwvR2VtaWtheWEtQm9ydTMtc2NhbGVkLndlYnAiLCJzbGlkZXNob3ciOiJhMGE3MDU0In0%3D\">\n\t\t\t\t\t<div class=\"e-gallery-image elementor-gallery-item__image\" data-thumbnail=\"https:\/\/guneytrans.com\/wp-content\/uploads\/2026\/01\/Gemikaya-Boru3-225x300.webp\" data-width=\"225\" data-height=\"300\" aria-label=\"\" role=\"img\" ><\/div>\n\t\t\t\t\t\t\t\t\t\t\t<div class=\"elementor-gallery-item__overlay\"><\/div>\n\t\t\t\t\t\t\t\t\t\t\t\t\t\t<\/a>\n\t\t\t\t\t\t\t<a class=\"e-gallery-item elementor-gallery-item elementor-animated-content\" href=\"https:\/\/guneytrans.com\/wp-content\/uploads\/2026\/01\/Gemikaya-Boru2-scaled.webp\" data-elementor-open-lightbox=\"yes\" data-elementor-lightbox-slideshow=\"a0a7054\" data-elementor-lightbox-title=\"Gemikaya Boru2\" data-e-action-hash=\"#elementor-action%3Aaction%3Dlightbox%26settings%3DeyJpZCI6MTEyNiwidXJsIjoiaHR0cHM6XC9cL2d1bmV5dHJhbnMuY29tXC93cC1jb250ZW50XC91cGxvYWRzXC8yMDI2XC8wMVwvR2VtaWtheWEtQm9ydTItc2NhbGVkLndlYnAiLCJzbGlkZXNob3ciOiJhMGE3MDU0In0%3D\">\n\t\t\t\t\t<div class=\"e-gallery-image elementor-gallery-item__image\" data-thumbnail=\"https:\/\/guneytrans.com\/wp-content\/uploads\/2026\/01\/Gemikaya-Boru2-225x300.webp\" data-width=\"225\" data-height=\"300\" aria-label=\"\" role=\"img\" ><\/div>\n\t\t\t\t\t\t\t\t\t\t\t<div class=\"elementor-gallery-item__overlay\"><\/div>\n\t\t\t\t\t\t\t\t\t\t\t\t\t\t<\/a>\n\t\t\t\t\t\t\t<a class=\"e-gallery-item elementor-gallery-item elementor-animated-content\" href=\"https:\/\/guneytrans.com\/wp-content\/uploads\/2026\/01\/Gemikaya-Boru1-scaled.webp\" data-elementor-open-lightbox=\"yes\" data-elementor-lightbox-slideshow=\"a0a7054\" data-elementor-lightbox-title=\"Gemikaya Boru1\" data-e-action-hash=\"#elementor-action%3Aaction%3Dlightbox%26settings%3DeyJpZCI6MTEyNywidXJsIjoiaHR0cHM6XC9cL2d1bmV5dHJhbnMuY29tXC93cC1jb250ZW50XC91cGxvYWRzXC8yMDI2XC8wMVwvR2VtaWtheWEtQm9ydTEtc2NhbGVkLndlYnAiLCJzbGlkZXNob3ciOiJhMGE3MDU0In0%3D\">\n\t\t\t\t\t<div class=\"e-gallery-image elementor-gallery-item__image\" data-thumbnail=\"https:\/\/guneytrans.com\/wp-content\/uploads\/2026\/01\/Gemikaya-Boru1-225x300.webp\" data-width=\"225\" data-height=\"300\" aria-label=\"\" role=\"img\" ><\/div>\n\t\t\t\t\t\t\t\t\t\t\t<div class=\"elementor-gallery-item__overlay\"><\/div>\n\t\t\t\t\t\t\t\t\t\t\t\t\t\t<\/a>\n\t\t\t\t\t\t\t<a class=\"e-gallery-item elementor-gallery-item elementor-animated-content\" href=\"https:\/\/guneytrans.com\/wp-content\/uploads\/2026\/01\/Gemikaya-Boru5.webp\" data-elementor-open-lightbox=\"yes\" data-elementor-lightbox-slideshow=\"a0a7054\" data-elementor-lightbox-title=\"Gemikaya Boru5\" data-e-action-hash=\"#elementor-action%3Aaction%3Dlightbox%26settings%3DeyJpZCI6MTEyOCwidXJsIjoiaHR0cHM6XC9cL2d1bmV5dHJhbnMuY29tXC93cC1jb250ZW50XC91cGxvYWRzXC8yMDI2XC8wMVwvR2VtaWtheWEtQm9ydTUud2VicCIsInNsaWRlc2hvdyI6ImEwYTcwNTQifQ%3D%3D\">\n\t\t\t\t\t<div class=\"e-gallery-image elementor-gallery-item__image\" data-thumbnail=\"https:\/\/guneytrans.com\/wp-content\/uploads\/2026\/01\/Gemikaya-Boru5-300x135.webp\" data-width=\"300\" data-height=\"135\" aria-label=\"\" role=\"img\" ><\/div>\n\t\t\t\t\t\t\t\t\t\t\t<div class=\"elementor-gallery-item__overlay\"><\/div>\n\t\t\t\t\t\t\t\t\t\t\t\t\t\t<\/a>\n\t\t\t\t\t\t\t<a class=\"e-gallery-item elementor-gallery-item elementor-animated-content\" href=\"https:\/\/guneytrans.com\/wp-content\/uploads\/2026\/01\/Gemikaya-Boru4.webp\" data-elementor-open-lightbox=\"yes\" data-elementor-lightbox-slideshow=\"a0a7054\" data-elementor-lightbox-title=\"Gemikaya Boru4\" data-e-action-hash=\"#elementor-action%3Aaction%3Dlightbox%26settings%3DeyJpZCI6MTEyOSwidXJsIjoiaHR0cHM6XC9cL2d1bmV5dHJhbnMuY29tXC93cC1jb250ZW50XC91cGxvYWRzXC8yMDI2XC8wMVwvR2VtaWtheWEtQm9ydTQud2VicCIsInNsaWRlc2hvdyI6ImEwYTcwNTQifQ%3D%3D\">\n\t\t\t\t\t<div class=\"e-gallery-image elementor-gallery-item__image\" data-thumbnail=\"https:\/\/guneytrans.com\/wp-content\/uploads\/2026\/01\/Gemikaya-Boru4-300x135.webp\" data-width=\"300\" data-height=\"135\" aria-label=\"\" role=\"img\" ><\/div>\n\t\t\t\t\t\t\t\t\t\t\t<div class=\"elementor-gallery-item__overlay\"><\/div>\n\t\t\t\t\t\t\t\t\t\t\t\t\t\t<\/a>\n\t\t\t\t\t<\/div>\n\t\t\t\t\t<\/div>\n\t\t\t\t\t<\/div>\n\t\t\t\t<\/div>\n\t\t\t\t<\/div>","protected":false},"excerpt":{"rendered":"<p>GEM\u0130KAYA G\u00dcNEYTRANS https:\/\/guneytrans.com\/wp-content\/uploads\/2026\/01\/guneytrans.mp4 GEM\u0130KAYA \u2013 G\u00dcNEYTRANS Tarsus fabrikadan Yenice tren istasyonuna ta\u015f\u0131nan borular demiryolu ile \u0130ran \u2013 Nah\u00e7\u0131van s\u0131n\u0131r\u0131 Julfa istasyonuna sevk edilmi\u015ftir. Burada t\u0131rlara aktar\u0131larak Nah\u00e7\u0131vana teslimat yap\u0131lm\u0131\u015ft\u0131r. \u00dcr\u00fcn: \u00c7elik Spiral Su Borusu \u00dcr\u00fcn\u00fcn \u00c7\u0131k\u0131\u015f Yeri: Mersin &#8211; Tarsus \/ T\u00dcRK\u0130YE \u00dcr\u00fcn\u00fcn Var\u0131\u015f Yeri: Nah\u00e7\u0131van \/ AZERBAYCAN Rotalar: Tarsus \u2013 Yenice \u2013 Julfa S\u0131n\u0131r [&hellip;]<\/p>\n","protected":false},"author":1,"featured_media":0,"parent":0,"menu_order":0,"comment_status":"closed","ping_status":"closed","template":"elementor_header_footer","meta":{"footnotes":""},"class_list":["post-866","page","type-page","status-publish","hentry"],"yoast_head":"<!-- This site is optimized with the Yoast SEO plugin v27.4 - https:\/\/yoast.com\/product\/yoast-seo-wordpress\/ -->\n<title>Gemikaya G\u00fcney Trans - G\u00dcNEY TRANS<\/title>\n<meta name=\"robots\" content=\"index, follow, max-snippet:-1, max-image-preview:large, max-video-preview:-1\" \/>\n<link rel=\"canonical\" href=\"https:\/\/guneytrans.com\/en\/gemikaya-guney-trans\/\" \/>\n<meta property=\"og:locale\" content=\"en_US\" \/>\n<meta property=\"og:type\" content=\"article\" \/>\n<meta property=\"og:title\" content=\"Gemikaya G\u00fcney Trans - G\u00dcNEY TRANS\" \/>\n<meta property=\"og:description\" content=\"GEM\u0130KAYA G\u00dcNEYTRANS https:\/\/guneytrans.com\/wp-content\/uploads\/2026\/01\/guneytrans.mp4 GEM\u0130KAYA \u2013 G\u00dcNEYTRANS Tarsus fabrikadan Yenice tren istasyonuna ta\u015f\u0131nan borular demiryolu ile \u0130ran \u2013 Nah\u00e7\u0131van s\u0131n\u0131r\u0131 Julfa istasyonuna sevk edilmi\u015ftir. Burada t\u0131rlara aktar\u0131larak Nah\u00e7\u0131vana teslimat yap\u0131lm\u0131\u015ft\u0131r. \u00dcr\u00fcn: \u00c7elik Spiral Su Borusu \u00dcr\u00fcn\u00fcn \u00c7\u0131k\u0131\u015f Yeri: Mersin &#8211; Tarsus \/ T\u00dcRK\u0130YE \u00dcr\u00fcn\u00fcn Var\u0131\u015f Yeri: Nah\u00e7\u0131van \/ AZERBAYCAN Rotalar: Tarsus \u2013 Yenice \u2013 Julfa S\u0131n\u0131r [&hellip;]\" \/>\n<meta property=\"og:url\" content=\"https:\/\/guneytrans.com\/en\/gemikaya-guney-trans\/\" \/>\n<meta property=\"og:site_name\" content=\"G\u00dcNEY TRANS\" \/>\n<meta property=\"article:modified_time\" content=\"2026-02-25T22:36:39+00:00\" \/>\n<meta name=\"twitter:card\" content=\"summary_large_image\" \/>\n<meta name=\"twitter:label1\" content=\"Est. reading time\" \/>\n\t<meta name=\"twitter:data1\" content=\"1 minute\" \/>\n<script type=\"application\/ld+json\" class=\"yoast-schema-graph\">{\"@context\":\"https:\\\/\\\/schema.org\",\"@graph\":[{\"@type\":\"WebPage\",\"@id\":\"https:\\\/\\\/guneytrans.com\\\/gemikaya-guney-trans\\\/\",\"url\":\"https:\\\/\\\/guneytrans.com\\\/gemikaya-guney-trans\\\/\",\"name\":\"Gemikaya G\u00fcney Trans - G\u00dcNEY TRANS\",\"isPartOf\":{\"@id\":\"https:\\\/\\\/guneytrans.com\\\/#website\"},\"datePublished\":\"2026-01-12T23:21:18+00:00\",\"dateModified\":\"2026-02-25T22:36:39+00:00\",\"breadcrumb\":{\"@id\":\"https:\\\/\\\/guneytrans.com\\\/gemikaya-guney-trans\\\/#breadcrumb\"},\"inLanguage\":\"en-US\",\"potentialAction\":[{\"@type\":\"ReadAction\",\"target\":[\"https:\\\/\\\/guneytrans.com\\\/gemikaya-guney-trans\\\/\"]}]},{\"@type\":\"BreadcrumbList\",\"@id\":\"https:\\\/\\\/guneytrans.com\\\/gemikaya-guney-trans\\\/#breadcrumb\",\"itemListElement\":[{\"@type\":\"ListItem\",\"position\":1,\"name\":\"Anasayfa\",\"item\":\"https:\\\/\\\/guneytrans.com\\\/\"},{\"@type\":\"ListItem\",\"position\":2,\"name\":\"Gemikaya G\u00fcney Trans\"}]},{\"@type\":\"WebSite\",\"@id\":\"https:\\\/\\\/guneytrans.com\\\/#website\",\"url\":\"https:\\\/\\\/guneytrans.com\\\/\",\"name\":\"G\u00dcNEY TRANS\",\"description\":\"\",\"publisher\":{\"@id\":\"https:\\\/\\\/guneytrans.com\\\/#organization\"},\"potentialAction\":[{\"@type\":\"SearchAction\",\"target\":{\"@type\":\"EntryPoint\",\"urlTemplate\":\"https:\\\/\\\/guneytrans.com\\\/?s={search_term_string}\"},\"query-input\":{\"@type\":\"PropertyValueSpecification\",\"valueRequired\":true,\"valueName\":\"search_term_string\"}}],\"inLanguage\":\"en-US\"},{\"@type\":\"Organization\",\"@id\":\"https:\\\/\\\/guneytrans.com\\\/#organization\",\"name\":\"G\u00dcNEY TRANS\",\"url\":\"https:\\\/\\\/guneytrans.com\\\/\",\"logo\":{\"@type\":\"ImageObject\",\"inLanguage\":\"en-US\",\"@id\":\"https:\\\/\\\/guneytrans.com\\\/#\\\/schema\\\/logo\\\/image\\\/\",\"url\":\"https:\\\/\\\/guneytrans.com\\\/wp-content\\\/uploads\\\/2026\\\/03\\\/guneysansitelogo.webp\",\"contentUrl\":\"https:\\\/\\\/guneytrans.com\\\/wp-content\\\/uploads\\\/2026\\\/03\\\/guneysansitelogo.webp\",\"width\":350,\"height\":100,\"caption\":\"G\u00dcNEY TRANS\"},\"image\":{\"@id\":\"https:\\\/\\\/guneytrans.com\\\/#\\\/schema\\\/logo\\\/image\\\/\"}}]}<\/script>\n<!-- \/ Yoast SEO plugin. -->","yoast_head_json":{"title":"Gemikaya G\u00fcney Trans - G\u00dcNEY TRANS","robots":{"index":"index","follow":"follow","max-snippet":"max-snippet:-1","max-image-preview":"max-image-preview:large","max-video-preview":"max-video-preview:-1"},"canonical":"https:\/\/guneytrans.com\/en\/gemikaya-guney-trans\/","og_locale":"en_US","og_type":"article","og_title":"Gemikaya G\u00fcney Trans - G\u00dcNEY TRANS","og_description":"GEM\u0130KAYA G\u00dcNEYTRANS https:\/\/guneytrans.com\/wp-content\/uploads\/2026\/01\/guneytrans.mp4 GEM\u0130KAYA \u2013 G\u00dcNEYTRANS Tarsus fabrikadan Yenice tren istasyonuna ta\u015f\u0131nan borular demiryolu ile \u0130ran \u2013 Nah\u00e7\u0131van s\u0131n\u0131r\u0131 Julfa istasyonuna sevk edilmi\u015ftir. Burada t\u0131rlara aktar\u0131larak Nah\u00e7\u0131vana teslimat yap\u0131lm\u0131\u015ft\u0131r. \u00dcr\u00fcn: \u00c7elik Spiral Su Borusu \u00dcr\u00fcn\u00fcn \u00c7\u0131k\u0131\u015f Yeri: Mersin &#8211; Tarsus \/ T\u00dcRK\u0130YE \u00dcr\u00fcn\u00fcn Var\u0131\u015f Yeri: Nah\u00e7\u0131van \/ AZERBAYCAN Rotalar: Tarsus \u2013 Yenice \u2013 Julfa S\u0131n\u0131r [&hellip;]","og_url":"https:\/\/guneytrans.com\/en\/gemikaya-guney-trans\/","og_site_name":"G\u00dcNEY TRANS","article_modified_time":"2026-02-25T22:36:39+00:00","twitter_card":"summary_large_image","twitter_misc":{"Est. reading time":"1 minute"},"schema":{"@context":"https:\/\/schema.org","@graph":[{"@type":"WebPage","@id":"https:\/\/guneytrans.com\/gemikaya-guney-trans\/","url":"https:\/\/guneytrans.com\/gemikaya-guney-trans\/","name":"Gemikaya G\u00fcney Trans - G\u00dcNEY TRANS","isPartOf":{"@id":"https:\/\/guneytrans.com\/#website"},"datePublished":"2026-01-12T23:21:18+00:00","dateModified":"2026-02-25T22:36:39+00:00","breadcrumb":{"@id":"https:\/\/guneytrans.com\/gemikaya-guney-trans\/#breadcrumb"},"inLanguage":"en-US","potentialAction":[{"@type":"ReadAction","target":["https:\/\/guneytrans.com\/gemikaya-guney-trans\/"]}]},{"@type":"BreadcrumbList","@id":"https:\/\/guneytrans.com\/gemikaya-guney-trans\/#breadcrumb","itemListElement":[{"@type":"ListItem","position":1,"name":"Anasayfa","item":"https:\/\/guneytrans.com\/"},{"@type":"ListItem","position":2,"name":"Gemikaya G\u00fcney Trans"}]},{"@type":"WebSite","@id":"https:\/\/guneytrans.com\/#website","url":"https:\/\/guneytrans.com\/","name":"G\u00dcNEY TRANS","description":"","publisher":{"@id":"https:\/\/guneytrans.com\/#organization"},"potentialAction":[{"@type":"SearchAction","target":{"@type":"EntryPoint","urlTemplate":"https:\/\/guneytrans.com\/?s={search_term_string}"},"query-input":{"@type":"PropertyValueSpecification","valueRequired":true,"valueName":"search_term_string"}}],"inLanguage":"en-US"},{"@type":"Organization","@id":"https:\/\/guneytrans.com\/#organization","name":"G\u00dcNEY TRANS","url":"https:\/\/guneytrans.com\/","logo":{"@type":"ImageObject","inLanguage":"en-US","@id":"https:\/\/guneytrans.com\/#\/schema\/logo\/image\/","url":"https:\/\/guneytrans.com\/wp-content\/uploads\/2026\/03\/guneysansitelogo.webp","contentUrl":"https:\/\/guneytrans.com\/wp-content\/uploads\/2026\/03\/guneysansitelogo.webp","width":350,"height":100,"caption":"G\u00dcNEY TRANS"},"image":{"@id":"https:\/\/guneytrans.com\/#\/schema\/logo\/image\/"}}]}},"_links":{"self":[{"href":"https:\/\/guneytrans.com\/en\/wp-json\/wp\/v2\/pages\/866","targetHints":{"allow":["GET"]}}],"collection":[{"href":"https:\/\/guneytrans.com\/en\/wp-json\/wp\/v2\/pages"}],"about":[{"href":"https:\/\/guneytrans.com\/en\/wp-json\/wp\/v2\/types\/page"}],"author":[{"embeddable":true,"href":"https:\/\/guneytrans.com\/en\/wp-json\/wp\/v2\/users\/1"}],"replies":[{"embeddable":true,"href":"https:\/\/guneytrans.com\/en\/wp-json\/wp\/v2\/comments?post=866"}],"version-history":[{"count":18,"href":"https:\/\/guneytrans.com\/en\/wp-json\/wp\/v2\/pages\/866\/revisions"}],"predecessor-version":[{"id":1359,"href":"https:\/\/guneytrans.com\/en\/wp-json\/wp\/v2\/pages\/866\/revisions\/1359"}],"wp:attachment":[{"href":"https:\/\/guneytrans.com\/en\/wp-json\/wp\/v2\/media?parent=866"}],"curies":[{"name":"wp","href":"https:\/\/api.w.org\/{rel}","templated":true}]}}