{"id":917,"date":"2026-01-13T19:24:38","date_gmt":"2026-01-13T19:24:38","guid":{"rendered":"https:\/\/guneytrans.com\/?page_id=917"},"modified":"2026-01-17T19:54:27","modified_gmt":"2026-01-17T19:54:27","slug":"orta-asya-demiryolu-haritasi","status":"publish","type":"page","link":"https:\/\/guneytrans.com\/en\/orta-asya-demiryolu-haritasi\/","title":{"rendered":"Central Asia Railway Network Map"},"content":{"rendered":"<div data-elementor-type=\"wp-page\" data-elementor-id=\"917\" class=\"elementor elementor-917\" data-elementor-post-type=\"page\">\n\t\t\t\t<div class=\"elementor-element elementor-element-1de0ec70 e-flex e-con-boxed e-con e-parent\" data-id=\"1de0ec70\" data-element_type=\"container\" data-e-type=\"container\" data-settings=\"{&quot;background_background&quot;:&quot;classic&quot;}\">\n\t\t\t\t\t<div class=\"e-con-inner\">\n\t\t<div class=\"elementor-element elementor-element-366db80f e-con-full e-flex e-con e-child\" data-id=\"366db80f\" data-element_type=\"container\" data-e-type=\"container\">\n\t\t\t\t<div class=\"elementor-element elementor-element-19921500 elementor-widget__width-auto elementor-invisible elementor-widget elementor-widget-heading\" data-id=\"19921500\" data-element_type=\"widget\" data-e-type=\"widget\" data-settings=\"{&quot;_animation&quot;:&quot;fadeInLeft&quot;}\" data-widget_type=\"heading.default\">\n\t\t\t\t\t<h2 class=\"elementor-heading-title elementor-size-default\">Central Asia Railway Network Map<\/h2>\t\t\t\t<\/div>\n\t\t\t\t<\/div>\n\t\t\t\t\t<\/div>\n\t\t\t\t<\/div>\n\t\t<div class=\"elementor-element elementor-element-020e86b e-con-full e-flex e-con e-parent\" data-id=\"020e86b\" data-element_type=\"container\" data-e-type=\"container\">\n\t\t\t\t<div class=\"elementor-element elementor-element-1a46470 elementor-widget elementor-widget-image\" data-id=\"1a46470\" data-element_type=\"widget\" data-e-type=\"widget\" data-widget_type=\"image.default\">\n\t\t\t\t\t\t\t\t\t\t\t\t\t\t\t<img fetchpriority=\"high\" decoding=\"async\" width=\"2560\" height=\"1171\" src=\"https:\/\/guneytrans.com\/wp-content\/uploads\/2026\/01\/CISCountriesRailwayMap-scaled.webp\" class=\"attachment-full size-full wp-image-918\" alt=\"\" srcset=\"https:\/\/guneytrans.com\/wp-content\/uploads\/2026\/01\/CISCountriesRailwayMap-scaled.webp 2560w, https:\/\/guneytrans.com\/wp-content\/uploads\/2026\/01\/CISCountriesRailwayMap-300x137.webp 300w, https:\/\/guneytrans.com\/wp-content\/uploads\/2026\/01\/CISCountriesRailwayMap-1024x468.jpg 1024w, https:\/\/guneytrans.com\/wp-content\/uploads\/2026\/01\/CISCountriesRailwayMap-768x351.jpg 768w, https:\/\/guneytrans.com\/wp-content\/uploads\/2026\/01\/CISCountriesRailwayMap-1536x703.jpg 1536w, https:\/\/guneytrans.com\/wp-content\/uploads\/2026\/01\/CISCountriesRailwayMap-2048x937.jpg 2048w\" sizes=\"(max-width: 2560px) 100vw, 2560px\" \/>\t\t\t\t\t\t\t\t\t\t\t\t\t\t\t<\/div>\n\t\t\t\t<\/div>\n\t\t\t\t<\/div>","protected":false},"excerpt":{"rendered":"<p>Central Asia Railway Network Map<\/p>","protected":false},"author":1,"featured_media":0,"parent":0,"menu_order":0,"comment_status":"closed","ping_status":"closed","template":"elementor_header_footer","meta":{"footnotes":""},"class_list":["post-917","page","type-page","status-publish","hentry"],"yoast_head":"<!-- This site is optimized with the Yoast SEO plugin v27.4 - https:\/\/yoast.com\/product\/yoast-seo-wordpress\/ -->\n<title>Orta Asya Demiryolu Haritas\u0131 - G\u00dcNEY TRANS<\/title>\n<meta name=\"robots\" content=\"index, follow, max-snippet:-1, max-image-preview:large, max-video-preview:-1\" \/>\n<link rel=\"canonical\" href=\"https:\/\/guneytrans.com\/en\/orta-asya-demiryolu-haritasi\/\" \/>\n<meta property=\"og:locale\" content=\"en_US\" \/>\n<meta property=\"og:type\" content=\"article\" \/>\n<meta property=\"og:title\" content=\"Orta Asya Demiryolu Haritas\u0131 - G\u00dcNEY TRANS\" \/>\n<meta property=\"og:description\" content=\"Orta Asya Demiryolu Haritas\u0131\" \/>\n<meta property=\"og:url\" content=\"https:\/\/guneytrans.com\/en\/orta-asya-demiryolu-haritasi\/\" \/>\n<meta property=\"og:site_name\" content=\"G\u00dcNEY TRANS\" \/>\n<meta property=\"article:modified_time\" content=\"2026-01-17T19:54:27+00:00\" \/>\n<meta property=\"og:image\" content=\"https:\/\/guneytrans.com\/wp-content\/uploads\/2026\/01\/CISCountriesRailwayMap-scaled.webp\" \/>\n\t<meta property=\"og:image:width\" content=\"2560\" \/>\n\t<meta property=\"og:image:height\" content=\"1171\" \/>\n\t<meta property=\"og:image:type\" content=\"image\/webp\" \/>\n<meta name=\"twitter:card\" content=\"summary_large_image\" \/>\n<script type=\"application\/ld+json\" class=\"yoast-schema-graph\">{\"@context\":\"https:\\\/\\\/schema.org\",\"@graph\":[{\"@type\":\"WebPage\",\"@id\":\"https:\\\/\\\/guneytrans.com\\\/orta-asya-demiryolu-haritasi\\\/\",\"url\":\"https:\\\/\\\/guneytrans.com\\\/orta-asya-demiryolu-haritasi\\\/\",\"name\":\"Orta Asya Demiryolu Haritas\u0131 - G\u00dcNEY TRANS\",\"isPartOf\":{\"@id\":\"https:\\\/\\\/guneytrans.com\\\/#website\"},\"primaryImageOfPage\":{\"@id\":\"https:\\\/\\\/guneytrans.com\\\/orta-asya-demiryolu-haritasi\\\/#primaryimage\"},\"image\":{\"@id\":\"https:\\\/\\\/guneytrans.com\\\/orta-asya-demiryolu-haritasi\\\/#primaryimage\"},\"thumbnailUrl\":\"https:\\\/\\\/guneytrans.com\\\/wp-content\\\/uploads\\\/2026\\\/01\\\/CISCountriesRailwayMap-scaled.webp\",\"datePublished\":\"2026-01-13T19:24:38+00:00\",\"dateModified\":\"2026-01-17T19:54:27+00:00\",\"breadcrumb\":{\"@id\":\"https:\\\/\\\/guneytrans.com\\\/orta-asya-demiryolu-haritasi\\\/#breadcrumb\"},\"inLanguage\":\"en-US\",\"potentialAction\":[{\"@type\":\"ReadAction\",\"target\":[\"https:\\\/\\\/guneytrans.com\\\/orta-asya-demiryolu-haritasi\\\/\"]}]},{\"@type\":\"ImageObject\",\"inLanguage\":\"en-US\",\"@id\":\"https:\\\/\\\/guneytrans.com\\\/orta-asya-demiryolu-haritasi\\\/#primaryimage\",\"url\":\"https:\\\/\\\/guneytrans.com\\\/wp-content\\\/uploads\\\/2026\\\/01\\\/CISCountriesRailwayMap-scaled.webp\",\"contentUrl\":\"https:\\\/\\\/guneytrans.com\\\/wp-content\\\/uploads\\\/2026\\\/01\\\/CISCountriesRailwayMap-scaled.webp\"},{\"@type\":\"BreadcrumbList\",\"@id\":\"https:\\\/\\\/guneytrans.com\\\/orta-asya-demiryolu-haritasi\\\/#breadcrumb\",\"itemListElement\":[{\"@type\":\"ListItem\",\"position\":1,\"name\":\"Anasayfa\",\"item\":\"https:\\\/\\\/guneytrans.com\\\/\"},{\"@type\":\"ListItem\",\"position\":2,\"name\":\"Orta Asya Demiryolu Haritas\u0131\"}]},{\"@type\":\"WebSite\",\"@id\":\"https:\\\/\\\/guneytrans.com\\\/#website\",\"url\":\"https:\\\/\\\/guneytrans.com\\\/\",\"name\":\"G\u00dcNEY TRANS\",\"description\":\"\",\"publisher\":{\"@id\":\"https:\\\/\\\/guneytrans.com\\\/#organization\"},\"potentialAction\":[{\"@type\":\"SearchAction\",\"target\":{\"@type\":\"EntryPoint\",\"urlTemplate\":\"https:\\\/\\\/guneytrans.com\\\/?s={search_term_string}\"},\"query-input\":{\"@type\":\"PropertyValueSpecification\",\"valueRequired\":true,\"valueName\":\"search_term_string\"}}],\"inLanguage\":\"en-US\"},{\"@type\":\"Organization\",\"@id\":\"https:\\\/\\\/guneytrans.com\\\/#organization\",\"name\":\"G\u00dcNEY TRANS\",\"url\":\"https:\\\/\\\/guneytrans.com\\\/\",\"logo\":{\"@type\":\"ImageObject\",\"inLanguage\":\"en-US\",\"@id\":\"https:\\\/\\\/guneytrans.com\\\/#\\\/schema\\\/logo\\\/image\\\/\",\"url\":\"https:\\\/\\\/guneytrans.com\\\/wp-content\\\/uploads\\\/2026\\\/03\\\/guneysansitelogo.webp\",\"contentUrl\":\"https:\\\/\\\/guneytrans.com\\\/wp-content\\\/uploads\\\/2026\\\/03\\\/guneysansitelogo.webp\",\"width\":350,\"height\":100,\"caption\":\"G\u00dcNEY TRANS\"},\"image\":{\"@id\":\"https:\\\/\\\/guneytrans.com\\\/#\\\/schema\\\/logo\\\/image\\\/\"}}]}<\/script>\n<!-- \/ Yoast SEO plugin. -->","yoast_head_json":{"title":"Orta Asya Demiryolu Haritas\u0131 - G\u00dcNEY TRANS","robots":{"index":"index","follow":"follow","max-snippet":"max-snippet:-1","max-image-preview":"max-image-preview:large","max-video-preview":"max-video-preview:-1"},"canonical":"https:\/\/guneytrans.com\/en\/orta-asya-demiryolu-haritasi\/","og_locale":"en_US","og_type":"article","og_title":"Orta Asya Demiryolu Haritas\u0131 - G\u00dcNEY TRANS","og_description":"Orta Asya Demiryolu Haritas\u0131","og_url":"https:\/\/guneytrans.com\/en\/orta-asya-demiryolu-haritasi\/","og_site_name":"G\u00dcNEY TRANS","article_modified_time":"2026-01-17T19:54:27+00:00","og_image":[{"width":2560,"height":1171,"url":"https:\/\/guneytrans.com\/wp-content\/uploads\/2026\/01\/CISCountriesRailwayMap-scaled.webp","type":"image\/webp"}],"twitter_card":"summary_large_image","schema":{"@context":"https:\/\/schema.org","@graph":[{"@type":"WebPage","@id":"https:\/\/guneytrans.com\/orta-asya-demiryolu-haritasi\/","url":"https:\/\/guneytrans.com\/orta-asya-demiryolu-haritasi\/","name":"Orta Asya Demiryolu Haritas\u0131 - G\u00dcNEY TRANS","isPartOf":{"@id":"https:\/\/guneytrans.com\/#website"},"primaryImageOfPage":{"@id":"https:\/\/guneytrans.com\/orta-asya-demiryolu-haritasi\/#primaryimage"},"image":{"@id":"https:\/\/guneytrans.com\/orta-asya-demiryolu-haritasi\/#primaryimage"},"thumbnailUrl":"https:\/\/guneytrans.com\/wp-content\/uploads\/2026\/01\/CISCountriesRailwayMap-scaled.webp","datePublished":"2026-01-13T19:24:38+00:00","dateModified":"2026-01-17T19:54:27+00:00","breadcrumb":{"@id":"https:\/\/guneytrans.com\/orta-asya-demiryolu-haritasi\/#breadcrumb"},"inLanguage":"en-US","potentialAction":[{"@type":"ReadAction","target":["https:\/\/guneytrans.com\/orta-asya-demiryolu-haritasi\/"]}]},{"@type":"ImageObject","inLanguage":"en-US","@id":"https:\/\/guneytrans.com\/orta-asya-demiryolu-haritasi\/#primaryimage","url":"https:\/\/guneytrans.com\/wp-content\/uploads\/2026\/01\/CISCountriesRailwayMap-scaled.webp","contentUrl":"https:\/\/guneytrans.com\/wp-content\/uploads\/2026\/01\/CISCountriesRailwayMap-scaled.webp"},{"@type":"BreadcrumbList","@id":"https:\/\/guneytrans.com\/orta-asya-demiryolu-haritasi\/#breadcrumb","itemListElement":[{"@type":"ListItem","position":1,"name":"Anasayfa","item":"https:\/\/guneytrans.com\/"},{"@type":"ListItem","position":2,"name":"Orta Asya Demiryolu Haritas\u0131"}]},{"@type":"WebSite","@id":"https:\/\/guneytrans.com\/#website","url":"https:\/\/guneytrans.com\/","name":"G\u00dcNEY TRANS","description":"","publisher":{"@id":"https:\/\/guneytrans.com\/#organization"},"potentialAction":[{"@type":"SearchAction","target":{"@type":"EntryPoint","urlTemplate":"https:\/\/guneytrans.com\/?s={search_term_string}"},"query-input":{"@type":"PropertyValueSpecification","valueRequired":true,"valueName":"search_term_string"}}],"inLanguage":"en-US"},{"@type":"Organization","@id":"https:\/\/guneytrans.com\/#organization","name":"G\u00dcNEY TRANS","url":"https:\/\/guneytrans.com\/","logo":{"@type":"ImageObject","inLanguage":"en-US","@id":"https:\/\/guneytrans.com\/#\/schema\/logo\/image\/","url":"https:\/\/guneytrans.com\/wp-content\/uploads\/2026\/03\/guneysansitelogo.webp","contentUrl":"https:\/\/guneytrans.com\/wp-content\/uploads\/2026\/03\/guneysansitelogo.webp","width":350,"height":100,"caption":"G\u00dcNEY TRANS"},"image":{"@id":"https:\/\/guneytrans.com\/#\/schema\/logo\/image\/"}}]}},"_links":{"self":[{"href":"https:\/\/guneytrans.com\/en\/wp-json\/wp\/v2\/pages\/917","targetHints":{"allow":["GET"]}}],"collection":[{"href":"https:\/\/guneytrans.com\/en\/wp-json\/wp\/v2\/pages"}],"about":[{"href":"https:\/\/guneytrans.com\/en\/wp-json\/wp\/v2\/types\/page"}],"author":[{"embeddable":true,"href":"https:\/\/guneytrans.com\/en\/wp-json\/wp\/v2\/users\/1"}],"replies":[{"embeddable":true,"href":"https:\/\/guneytrans.com\/en\/wp-json\/wp\/v2\/comments?post=917"}],"version-history":[{"count":16,"href":"https:\/\/guneytrans.com\/en\/wp-json\/wp\/v2\/pages\/917\/revisions"}],"predecessor-version":[{"id":1219,"href":"https:\/\/guneytrans.com\/en\/wp-json\/wp\/v2\/pages\/917\/revisions\/1219"}],"wp:attachment":[{"href":"https:\/\/guneytrans.com\/en\/wp-json\/wp\/v2\/media?parent=917"}],"curies":[{"name":"wp","href":"https:\/\/api.w.org\/{rel}","templated":true}]}}